

{"id":1159,"date":"2023-07-14T17:58:25","date_gmt":"2023-07-14T17:58:25","guid":{"rendered":"http:\/\/192.168.25.123\/minpet\/?page_id=1159"},"modified":"2026-02-11T17:26:37","modified_gmt":"2026-02-11T21:26:37","slug":"mision-y-vision","status":"publish","type":"page","link":"http:\/\/www.minhidrocarburos.gob.ve\/index.php\/mision-y-vision\/","title":{"rendered":"Misi\u00f3n y Visi\u00f3n"},"content":{"rendered":"<style>.kb-image1159_fddb8c-64.kb-image-is-ratio-size, .kb-image1159_fddb8c-64 .kb-image-is-ratio-size{max-width:825px;width:100%;}.wp-block-kadence-column > .kt-inside-inner-col > .kb-image1159_fddb8c-64.kb-image-is-ratio-size, .wp-block-kadence-column > .kt-inside-inner-col > .kb-image1159_fddb8c-64 .kb-image-is-ratio-size{align-self:unset;}.kb-image1159_fddb8c-64 figure{max-width:825px;}.kb-image1159_fddb8c-64 .image-is-svg, .kb-image1159_fddb8c-64 .image-is-svg img{width:100%;}.kb-image1159_fddb8c-64 .kb-image-has-overlay:after{opacity:0.3;border-top-left-radius:0px;border-top-right-radius:300px;border-bottom-right-radius:200px;border-bottom-left-radius:300px;}.kb-image1159_fddb8c-64 img.kb-img, .kb-image1159_fddb8c-64 .kb-img img{border-top-left-radius:0px;border-top-right-radius:300px;border-bottom-right-radius:200px;border-bottom-left-radius:300px;}@media all and (max-width: 1024px){.kb-image1159_fddb8c-64 .kb-image-has-overlay:after{border-top-left-radius:20px;border-top-right-radius:20px;border-bottom-right-radius:20px;border-bottom-left-radius:20px;}}@media all and (max-width: 1024px){.kb-image1159_fddb8c-64 img.kb-img, .kb-image1159_fddb8c-64 .kb-img img{border-top-left-radius:20px;border-top-right-radius:20px;border-bottom-right-radius:20px;border-bottom-left-radius:20px;}}@media all and (max-width: 767px){.kb-image1159_fddb8c-64 .kb-image-has-overlay:after{border-top-left-radius:20px;border-top-right-radius:20px;border-bottom-right-radius:20px;border-bottom-left-radius:20px;}.kb-image1159_fddb8c-64 img.kb-img, .kb-image1159_fddb8c-64 .kb-img img{border-top-left-radius:20px;border-top-right-radius:20px;border-bottom-right-radius:20px;border-bottom-left-radius:20px;}}<\/style>\n<div class=\"wp-block-kadence-image kb-image1159_fddb8c-64\"><figure class=\"aligncenter\"><img loading=\"lazy\" decoding=\"async\" width=\"1366\" height=\"768\" src=\"http:\/\/www.minhidrocarburos.gob.ve\/wp-content\/uploads\/2026\/02\/EdificioMPPH.webp\" class=\"kb-img wp-image-4967\" srcset=\"http:\/\/www.minhidrocarburos.gob.ve\/wp-content\/uploads\/2026\/02\/EdificioMPPH.webp 1366w, http:\/\/www.minhidrocarburos.gob.ve\/wp-content\/uploads\/2026\/02\/EdificioMPPH-300x169.webp 300w, http:\/\/www.minhidrocarburos.gob.ve\/wp-content\/uploads\/2026\/02\/EdificioMPPH-1024x576.webp 1024w, http:\/\/www.minhidrocarburos.gob.ve\/wp-content\/uploads\/2026\/02\/EdificioMPPH-768x432.webp 768w\" sizes=\"auto, (max-width: 1366px) 100vw, 1366px\" \/><\/figure><\/div>\n\n\n<style>.wp-block-kadence-advancedheading.kt-adv-heading1159_9567f7-5f, .wp-block-kadence-advancedheading.kt-adv-heading1159_9567f7-5f[data-kb-block=\"kb-adv-heading1159_9567f7-5f\"]{font-style:normal;}.wp-block-kadence-advancedheading.kt-adv-heading1159_9567f7-5f mark.kt-highlight, .wp-block-kadence-advancedheading.kt-adv-heading1159_9567f7-5f[data-kb-block=\"kb-adv-heading1159_9567f7-5f\"] mark.kt-highlight{font-style:normal;color:#f76a0c;-webkit-box-decoration-break:clone;box-decoration-break:clone;padding-top:0px;padding-right:0px;padding-bottom:0px;padding-left:0px;}.wp-block-kadence-advancedheading.kt-adv-heading1159_9567f7-5f img.kb-inline-image, .wp-block-kadence-advancedheading.kt-adv-heading1159_9567f7-5f[data-kb-block=\"kb-adv-heading1159_9567f7-5f\"] img.kb-inline-image{width:150px;vertical-align:baseline;}<\/style>\n<h2 class=\"kt-adv-heading1159_9567f7-5f wp-block-kadence-advancedheading\" data-kb-block=\"kb-adv-heading1159_9567f7-5f\">Misi\u00f3n<\/h2>\n\n\n\n<p>El Ministerio del Poder Popular de Hidrocarburos es el \u00f3rgano rector del Ejecutivo Nacional encargado de formular, adoptar, ejecutar, supervisar y evaluar las pol\u00edticas, estrategias, planes, programas y proyectos relativos al petr\u00f3leo, gas, refinaci\u00f3n, petroqu\u00edmica y sus actividades conexas. Su accionar se dirige a asegurar el abastecimiento del mercado nacional y la comercializaci\u00f3n en el \u00e1mbito internacional, impulsando la cooperaci\u00f3n e integraci\u00f3n global, e incorporando la inteligencia artificial y otras iniciativas para optimizar la eficiencia productiva ecosocialista con responsabilidad y sostenibilidad, contribuyendo as\u00ed al bienestar de la poblaci\u00f3n y al desarrollo integral de la naci\u00f3n.<\/p>\n\n\n<style>.kb-image1159_48dcbd-a2.kb-image-is-ratio-size, .kb-image1159_48dcbd-a2 .kb-image-is-ratio-size{max-width:848px;width:100%;}.wp-block-kadence-column > .kt-inside-inner-col > .kb-image1159_48dcbd-a2.kb-image-is-ratio-size, .wp-block-kadence-column > .kt-inside-inner-col > .kb-image1159_48dcbd-a2 .kb-image-is-ratio-size{align-self:unset;}.kb-image1159_48dcbd-a2 figure{max-width:848px;}.kb-image1159_48dcbd-a2 .image-is-svg, .kb-image1159_48dcbd-a2 .image-is-svg img{width:100%;}.kb-image1159_48dcbd-a2 .kb-image-has-overlay:after{opacity:0.3;border-top-right-radius:300px;border-bottom-right-radius:200px;border-bottom-left-radius:300px;}.kb-image1159_48dcbd-a2 img.kb-img, .kb-image1159_48dcbd-a2 .kb-img img{border-top-right-radius:300px;border-bottom-right-radius:200px;border-bottom-left-radius:300px;}@media all and (max-width: 1024px){.kb-image1159_48dcbd-a2 .kb-image-has-overlay:after{border-top-left-radius:20px;border-top-right-radius:20px;border-bottom-right-radius:20px;border-bottom-left-radius:20px;}}@media all and (max-width: 1024px){.kb-image1159_48dcbd-a2 img.kb-img, .kb-image1159_48dcbd-a2 .kb-img img{border-top-left-radius:20px;border-top-right-radius:20px;border-bottom-right-radius:20px;border-bottom-left-radius:20px;}}@media all and (max-width: 767px){.kb-image1159_48dcbd-a2 .kb-image-has-overlay:after{border-top-left-radius:20px;border-top-right-radius:20px;border-bottom-right-radius:20px;border-bottom-left-radius:20px;}.kb-image1159_48dcbd-a2 img.kb-img, .kb-image1159_48dcbd-a2 .kb-img img{border-top-left-radius:20px;border-top-right-radius:20px;border-bottom-right-radius:20px;border-bottom-left-radius:20px;}}<\/style>\n<div class=\"wp-block-kadence-image kb-image1159_48dcbd-a2\"><figure class=\"aligncenter size-large\"><img loading=\"lazy\" decoding=\"async\" width=\"1024\" height=\"576\" src=\"http:\/\/www.minhidrocarburos.gob.ve\/wp-content\/uploads\/2025\/05\/VisionMinhidro-1-1024x576.webp\" alt=\"Visi\u00f3n del Ministerio de Hidorcarburos\" class=\"kb-img wp-image-4130\" srcset=\"http:\/\/www.minhidrocarburos.gob.ve\/wp-content\/uploads\/2025\/05\/VisionMinhidro-1-1024x576.webp 1024w, http:\/\/www.minhidrocarburos.gob.ve\/wp-content\/uploads\/2025\/05\/VisionMinhidro-1-300x169.webp 300w, http:\/\/www.minhidrocarburos.gob.ve\/wp-content\/uploads\/2025\/05\/VisionMinhidro-1-768x432.webp 768w, http:\/\/www.minhidrocarburos.gob.ve\/wp-content\/uploads\/2025\/05\/VisionMinhidro-1-1536x864.webp 1536w, http:\/\/www.minhidrocarburos.gob.ve\/wp-content\/uploads\/2025\/05\/VisionMinhidro-1.webp 1920w\" sizes=\"auto, (max-width: 1024px) 100vw, 1024px\" \/><\/figure><\/div>\n\n\n<style>.wp-block-kadence-advancedheading.kt-adv-heading1159_289a9c-88, .wp-block-kadence-advancedheading.kt-adv-heading1159_289a9c-88[data-kb-block=\"kb-adv-heading1159_289a9c-88\"]{font-style:normal;}.wp-block-kadence-advancedheading.kt-adv-heading1159_289a9c-88 mark.kt-highlight, .wp-block-kadence-advancedheading.kt-adv-heading1159_289a9c-88[data-kb-block=\"kb-adv-heading1159_289a9c-88\"] mark.kt-highlight{font-style:normal;color:#f76a0c;-webkit-box-decoration-break:clone;box-decoration-break:clone;padding-top:0px;padding-right:0px;padding-bottom:0px;padding-left:0px;}.wp-block-kadence-advancedheading.kt-adv-heading1159_289a9c-88 img.kb-inline-image, .wp-block-kadence-advancedheading.kt-adv-heading1159_289a9c-88[data-kb-block=\"kb-adv-heading1159_289a9c-88\"] img.kb-inline-image{width:150px;vertical-align:baseline;}<\/style>\n<h2 class=\"kt-adv-heading1159_289a9c-88 wp-block-kadence-advancedheading\" data-kb-block=\"kb-adv-heading1159_289a9c-88\">Visi\u00f3n<\/h2>\n\n\n\n<p>Ser el \u00f3rgano reconocido por el impulso y desarrollo de una industria de hidrocarburos venezolana moderna, diversificada, sostenible, eficiente, de independencia productiva absoluta, con vanguardia tecnol\u00f3gica, ambientalmente responsable, sostenida en el esfuerzo propio de sus trabajadores y trabajadoras, en profunda armon\u00eda con el Poder Popular y las necesidades del pueblo venezolano, garantizando as\u00ed la m\u00e1xima prosperidad social y el desarrollo sostenible de la Naci\u00f3n..<\/p>\n\n\n\n<p><\/p>\n\n\n\n<p><\/p>\n\n\n\n<p><\/p>\n","protected":false},"excerpt":{"rendered":"<p>Misi\u00f3n El Ministerio del Poder Popular de Hidrocarburos es el \u00f3rgano rector del Ejecutivo Nacional encargado de formular, adoptar, ejecutar, supervisar y evaluar las pol\u00edticas, estrategias, planes, programas y proyectos relativos al petr\u00f3leo, gas, refinaci\u00f3n, petroqu\u00edmica y sus actividades conexas. Su accionar se dirige a asegurar el abastecimiento del mercado nacional y la comercializaci\u00f3n en&hellip;&nbsp;<a href=\"http:\/\/www.minhidrocarburos.gob.ve\/index.php\/mision-y-vision\/\" rel=\"bookmark\">Leer m\u00e1s &raquo;<span class=\"screen-reader-text\">Misi\u00f3n y Visi\u00f3n<\/span><\/a><\/p>\n","protected":false},"author":1,"featured_media":0,"parent":0,"menu_order":0,"comment_status":"closed","ping_status":"closed","template":"","meta":{"_editorskit_title_hidden":true,"_editorskit_reading_time":0,"_editorskit_is_block_options_detached":false,"_editorskit_block_options_position":"{}","neve_meta_sidebar":"","neve_meta_container":"","neve_meta_enable_content_width":"","neve_meta_content_width":0,"neve_meta_title_alignment":"","neve_meta_author_avatar":"","neve_post_elements_order":"","neve_meta_disable_header":"","neve_meta_disable_footer":"","neve_meta_disable_title":"","footnotes":""},"class_list":["post-1159","page","type-page","status-publish","hentry"],"yoast_head":"<!-- This site is optimized with the Yoast SEO plugin v27.2 - https:\/\/yoast.com\/product\/yoast-seo-wordpress\/ -->\n<title>Misi\u00f3n y Visi\u00f3n - MinHidrocarburos<\/title>\n<meta name=\"description\" content=\"El Ministerio del Poder Popular de Hidrocarburos es el \u00f3rgano rector del Ejecutivo Nacional encargado de formular, adoptar, ejecutar, supervisar y evaluar las pol\u00edticas, estrategias, planes, programas y proyectos relativos al petr\u00f3leo, gas, refinaci\u00f3n, petroqu\u00edmica y sus actividades conexas\" \/>\n<meta name=\"robots\" content=\"index, follow, max-snippet:-1, max-image-preview:large, max-video-preview:-1\" \/>\n<link rel=\"canonical\" href=\"http:\/\/www.minhidrocarburos.gob.ve\/index.php\/mision-y-vision\/\" \/>\n<meta property=\"og:locale\" content=\"es_ES\" \/>\n<meta property=\"og:type\" content=\"article\" \/>\n<meta property=\"og:title\" content=\"Misi\u00f3n y Visi\u00f3n - MinHidrocarburos\" \/>\n<meta property=\"og:description\" content=\"El Ministerio del Poder Popular de Hidrocarburos es el \u00f3rgano rector del Ejecutivo Nacional encargado de formular, adoptar, ejecutar, supervisar y evaluar las pol\u00edticas, estrategias, planes, programas y proyectos relativos al petr\u00f3leo, gas, refinaci\u00f3n, petroqu\u00edmica y sus actividades conexas\" \/>\n<meta property=\"og:url\" content=\"http:\/\/www.minhidrocarburos.gob.ve\/index.php\/mision-y-vision\/\" \/>\n<meta property=\"og:site_name\" content=\"MinHidrocarburos\" \/>\n<meta property=\"article:modified_time\" content=\"2026-02-11T21:26:37+00:00\" \/>\n<meta property=\"og:image\" content=\"http:\/\/www.minhidrocarburos.gob.ve\/wp-content\/uploads\/2026\/02\/EdificioMPPH.webp\" \/>\n\t<meta property=\"og:image:width\" content=\"1366\" \/>\n\t<meta property=\"og:image:height\" content=\"768\" \/>\n\t<meta property=\"og:image:type\" content=\"image\/webp\" \/>\n<meta name=\"twitter:card\" content=\"summary_large_image\" \/>\n<meta name=\"twitter:label1\" content=\"Tiempo de lectura\" \/>\n\t<meta name=\"twitter:data1\" content=\"2 minutos\" \/>\n<script type=\"application\/ld+json\" class=\"yoast-schema-graph\">{\"@context\":\"https:\/\/schema.org\",\"@graph\":[{\"@type\":\"WebPage\",\"@id\":\"http:\/\/www.minhidrocarburos.gob.ve\/index.php\/mision-y-vision\/\",\"url\":\"http:\/\/www.minhidrocarburos.gob.ve\/index.php\/mision-y-vision\/\",\"name\":\"Misi\u00f3n y Visi\u00f3n - MinHidrocarburos\",\"isPartOf\":{\"@id\":\"http:\/\/www.minhidrocarburos.gob.ve\/#website\"},\"primaryImageOfPage\":{\"@id\":\"http:\/\/www.minhidrocarburos.gob.ve\/index.php\/mision-y-vision\/#primaryimage\"},\"image\":{\"@id\":\"http:\/\/www.minhidrocarburos.gob.ve\/index.php\/mision-y-vision\/#primaryimage\"},\"thumbnailUrl\":\"http:\/\/www.minhidrocarburos.gob.ve\/wp-content\/uploads\/2026\/02\/EdificioMPPH.webp\",\"datePublished\":\"2023-07-14T17:58:25+00:00\",\"dateModified\":\"2026-02-11T21:26:37+00:00\",\"description\":\"El Ministerio del Poder Popular de Hidrocarburos es el \u00f3rgano rector del Ejecutivo Nacional encargado de formular, adoptar, ejecutar, supervisar y evaluar las pol\u00edticas, estrategias, planes, programas y proyectos relativos al petr\u00f3leo, gas, refinaci\u00f3n, petroqu\u00edmica y sus actividades conexas\",\"inLanguage\":\"es\",\"potentialAction\":[{\"@type\":\"ReadAction\",\"target\":[\"http:\/\/www.minhidrocarburos.gob.ve\/index.php\/mision-y-vision\/\"]}]},{\"@type\":\"ImageObject\",\"inLanguage\":\"es\",\"@id\":\"http:\/\/www.minhidrocarburos.gob.ve\/index.php\/mision-y-vision\/#primaryimage\",\"url\":\"http:\/\/www.minhidrocarburos.gob.ve\/wp-content\/uploads\/2026\/02\/EdificioMPPH.webp\",\"contentUrl\":\"http:\/\/www.minhidrocarburos.gob.ve\/wp-content\/uploads\/2026\/02\/EdificioMPPH.webp\",\"width\":1366,\"height\":768},{\"@type\":\"WebSite\",\"@id\":\"http:\/\/www.minhidrocarburos.gob.ve\/#website\",\"url\":\"http:\/\/www.minhidrocarburos.gob.ve\/\",\"name\":\"Minhidrocarburos\",\"description\":\"Regulaci\u00f3n, formulaci\u00f3n y seguimiento de pol\u00edticas; la planificaci\u00f3n, realizaci\u00f3n y fiscalizaci\u00f3n en materia de hidrocarburos\",\"publisher\":{\"@id\":\"http:\/\/www.minhidrocarburos.gob.ve\/#organization\"},\"potentialAction\":[{\"@type\":\"SearchAction\",\"target\":{\"@type\":\"EntryPoint\",\"urlTemplate\":\"http:\/\/www.minhidrocarburos.gob.ve\/?s={search_term_string}\"},\"query-input\":{\"@type\":\"PropertyValueSpecification\",\"valueRequired\":true,\"valueName\":\"search_term_string\"}}],\"inLanguage\":\"es\"},{\"@type\":\"Organization\",\"@id\":\"http:\/\/www.minhidrocarburos.gob.ve\/#organization\",\"name\":\"Ministerio del Poder Popular de Hidrocarburos\",\"url\":\"http:\/\/www.minhidrocarburos.gob.ve\/\",\"logo\":{\"@type\":\"ImageObject\",\"inLanguage\":\"es\",\"@id\":\"http:\/\/www.minhidrocarburos.gob.ve\/#\/schema\/logo\/image\/\",\"url\":\"http:\/\/www.minhidrocarburos.gob.ve\/wp-content\/uploads\/2024\/12\/Ministerio_de_Hidrocarburos.png\",\"contentUrl\":\"http:\/\/www.minhidrocarburos.gob.ve\/wp-content\/uploads\/2024\/12\/Ministerio_de_Hidrocarburos.png\",\"width\":2320,\"height\":324,\"caption\":\"Ministerio del Poder Popular de Hidrocarburos\"},\"image\":{\"@id\":\"http:\/\/www.minhidrocarburos.gob.ve\/#\/schema\/logo\/image\/\"}}]}<\/script>\n<!-- \/ Yoast SEO plugin. -->","yoast_head_json":{"title":"Misi\u00f3n y Visi\u00f3n - MinHidrocarburos","description":"El Ministerio del Poder Popular de Hidrocarburos es el \u00f3rgano rector del Ejecutivo Nacional encargado de formular, adoptar, ejecutar, supervisar y evaluar las pol\u00edticas, estrategias, planes, programas y proyectos relativos al petr\u00f3leo, gas, refinaci\u00f3n, petroqu\u00edmica y sus actividades conexas","robots":{"index":"index","follow":"follow","max-snippet":"max-snippet:-1","max-image-preview":"max-image-preview:large","max-video-preview":"max-video-preview:-1"},"canonical":"http:\/\/www.minhidrocarburos.gob.ve\/index.php\/mision-y-vision\/","og_locale":"es_ES","og_type":"article","og_title":"Misi\u00f3n y Visi\u00f3n - MinHidrocarburos","og_description":"El Ministerio del Poder Popular de Hidrocarburos es el \u00f3rgano rector del Ejecutivo Nacional encargado de formular, adoptar, ejecutar, supervisar y evaluar las pol\u00edticas, estrategias, planes, programas y proyectos relativos al petr\u00f3leo, gas, refinaci\u00f3n, petroqu\u00edmica y sus actividades conexas","og_url":"http:\/\/www.minhidrocarburos.gob.ve\/index.php\/mision-y-vision\/","og_site_name":"MinHidrocarburos","article_modified_time":"2026-02-11T21:26:37+00:00","og_image":[{"width":1366,"height":768,"url":"http:\/\/www.minhidrocarburos.gob.ve\/wp-content\/uploads\/2026\/02\/EdificioMPPH.webp","type":"image\/webp"}],"twitter_card":"summary_large_image","twitter_misc":{"Tiempo de lectura":"2 minutos"},"schema":{"@context":"https:\/\/schema.org","@graph":[{"@type":"WebPage","@id":"http:\/\/www.minhidrocarburos.gob.ve\/index.php\/mision-y-vision\/","url":"http:\/\/www.minhidrocarburos.gob.ve\/index.php\/mision-y-vision\/","name":"Misi\u00f3n y Visi\u00f3n - MinHidrocarburos","isPartOf":{"@id":"http:\/\/www.minhidrocarburos.gob.ve\/#website"},"primaryImageOfPage":{"@id":"http:\/\/www.minhidrocarburos.gob.ve\/index.php\/mision-y-vision\/#primaryimage"},"image":{"@id":"http:\/\/www.minhidrocarburos.gob.ve\/index.php\/mision-y-vision\/#primaryimage"},"thumbnailUrl":"http:\/\/www.minhidrocarburos.gob.ve\/wp-content\/uploads\/2026\/02\/EdificioMPPH.webp","datePublished":"2023-07-14T17:58:25+00:00","dateModified":"2026-02-11T21:26:37+00:00","description":"El Ministerio del Poder Popular de Hidrocarburos es el \u00f3rgano rector del Ejecutivo Nacional encargado de formular, adoptar, ejecutar, supervisar y evaluar las pol\u00edticas, estrategias, planes, programas y proyectos relativos al petr\u00f3leo, gas, refinaci\u00f3n, petroqu\u00edmica y sus actividades conexas","inLanguage":"es","potentialAction":[{"@type":"ReadAction","target":["http:\/\/www.minhidrocarburos.gob.ve\/index.php\/mision-y-vision\/"]}]},{"@type":"ImageObject","inLanguage":"es","@id":"http:\/\/www.minhidrocarburos.gob.ve\/index.php\/mision-y-vision\/#primaryimage","url":"http:\/\/www.minhidrocarburos.gob.ve\/wp-content\/uploads\/2026\/02\/EdificioMPPH.webp","contentUrl":"http:\/\/www.minhidrocarburos.gob.ve\/wp-content\/uploads\/2026\/02\/EdificioMPPH.webp","width":1366,"height":768},{"@type":"WebSite","@id":"http:\/\/www.minhidrocarburos.gob.ve\/#website","url":"http:\/\/www.minhidrocarburos.gob.ve\/","name":"Minhidrocarburos","description":"Regulaci\u00f3n, formulaci\u00f3n y seguimiento de pol\u00edticas; la planificaci\u00f3n, realizaci\u00f3n y fiscalizaci\u00f3n en materia de hidrocarburos","publisher":{"@id":"http:\/\/www.minhidrocarburos.gob.ve\/#organization"},"potentialAction":[{"@type":"SearchAction","target":{"@type":"EntryPoint","urlTemplate":"http:\/\/www.minhidrocarburos.gob.ve\/?s={search_term_string}"},"query-input":{"@type":"PropertyValueSpecification","valueRequired":true,"valueName":"search_term_string"}}],"inLanguage":"es"},{"@type":"Organization","@id":"http:\/\/www.minhidrocarburos.gob.ve\/#organization","name":"Ministerio del Poder Popular de Hidrocarburos","url":"http:\/\/www.minhidrocarburos.gob.ve\/","logo":{"@type":"ImageObject","inLanguage":"es","@id":"http:\/\/www.minhidrocarburos.gob.ve\/#\/schema\/logo\/image\/","url":"http:\/\/www.minhidrocarburos.gob.ve\/wp-content\/uploads\/2024\/12\/Ministerio_de_Hidrocarburos.png","contentUrl":"http:\/\/www.minhidrocarburos.gob.ve\/wp-content\/uploads\/2024\/12\/Ministerio_de_Hidrocarburos.png","width":2320,"height":324,"caption":"Ministerio del Poder Popular de Hidrocarburos"},"image":{"@id":"http:\/\/www.minhidrocarburos.gob.ve\/#\/schema\/logo\/image\/"}}]}},"_links":{"self":[{"href":"http:\/\/www.minhidrocarburos.gob.ve\/index.php\/wp-json\/wp\/v2\/pages\/1159","targetHints":{"allow":["GET"]}}],"collection":[{"href":"http:\/\/www.minhidrocarburos.gob.ve\/index.php\/wp-json\/wp\/v2\/pages"}],"about":[{"href":"http:\/\/www.minhidrocarburos.gob.ve\/index.php\/wp-json\/wp\/v2\/types\/page"}],"author":[{"embeddable":true,"href":"http:\/\/www.minhidrocarburos.gob.ve\/index.php\/wp-json\/wp\/v2\/users\/1"}],"replies":[{"embeddable":true,"href":"http:\/\/www.minhidrocarburos.gob.ve\/index.php\/wp-json\/wp\/v2\/comments?post=1159"}],"version-history":[{"count":28,"href":"http:\/\/www.minhidrocarburos.gob.ve\/index.php\/wp-json\/wp\/v2\/pages\/1159\/revisions"}],"predecessor-version":[{"id":4970,"href":"http:\/\/www.minhidrocarburos.gob.ve\/index.php\/wp-json\/wp\/v2\/pages\/1159\/revisions\/4970"}],"wp:attachment":[{"href":"http:\/\/www.minhidrocarburos.gob.ve\/index.php\/wp-json\/wp\/v2\/media?parent=1159"}],"curies":[{"name":"wp","href":"https:\/\/api.w.org\/{rel}","templated":true}]}}