

{"id":1187,"date":"2023-07-17T14:14:42","date_gmt":"2023-07-17T14:14:42","guid":{"rendered":"http:\/\/192.168.25.123\/minpet\/?page_id=1187"},"modified":"2026-03-04T14:14:28","modified_gmt":"2026-03-04T18:14:28","slug":"pdvsa","status":"publish","type":"page","link":"http:\/\/www.minhidrocarburos.gob.ve\/index.php\/entes-adscritos\/pdvsa\/","title":{"rendered":"PDVSA"},"content":{"rendered":"<style>.kb-image1187_d25266-52.kb-image-is-ratio-size, .kb-image1187_d25266-52 .kb-image-is-ratio-size{max-width:530px;width:100%;}.wp-block-kadence-column > .kt-inside-inner-col > .kb-image1187_d25266-52.kb-image-is-ratio-size, .wp-block-kadence-column > .kt-inside-inner-col > .kb-image1187_d25266-52 .kb-image-is-ratio-size{align-self:unset;}.kb-image1187_d25266-52 figure{max-width:530px;}.kb-image1187_d25266-52 .image-is-svg, .kb-image1187_d25266-52 .image-is-svg img{width:100%;}.kb-image1187_d25266-52 .kb-image-has-overlay:after{opacity:0.3;}<\/style>\n<div class=\"wp-block-kadence-image kb-image1187_d25266-52\"><figure class=\"aligncenter size-full\"><img loading=\"lazy\" decoding=\"async\" width=\"625\" height=\"461\" src=\"http:\/\/192.168.25.123\/minpet\/wp-content\/uploads\/2023\/07\/ente_pdvsa.png\" alt=\"\" class=\"kb-img wp-image-1438\" srcset=\"http:\/\/www.minhidrocarburos.gob.ve\/wp-content\/uploads\/2023\/07\/ente_pdvsa.png 625w, http:\/\/www.minhidrocarburos.gob.ve\/wp-content\/uploads\/2023\/07\/ente_pdvsa-300x221.png 300w\" sizes=\"auto, (max-width: 625px) 100vw, 625px\" \/><\/figure><\/div>\n\n\n\n<p><em><strong>Historia<\/strong><\/em><\/p>\n\n\n\n<p>Petr\u00f3leos de Venezuela, S.A. (PDVSA) y sus filiales, es una corporaci\u00f3n propiedad de la Rep\u00fablica Bolivariana de Venezuela, subordinada al Estado venezolano y profundamente comprometida con el aut\u00e9ntico due\u00f1o del petr\u00f3leo: el pueblo venezolano. Sus operaciones son supervisadas y controladas por el Ministerio del Poder Popular de Hidrocarburos, ente rector de la pol\u00edtica petrolera nacional, en el marco de los grandes lineamientos de la Ley del Plan de la Patria, Segundo Plan Socialista de Desarrollo Econ\u00f3mico y Social de la Naci\u00f3n 2013-2019.<\/p>\n\n\n\n<p>Las principales funciones de PDVSA incluyen planificar, coordinar, supervisar y controlar las actividades de sus empresas tanto en Venezuela como en el exterior; adicionalmente, sus actividades tambi\u00e9n incluyen la promoci\u00f3n o participaci\u00f3n en aquellas, dirigidas a fomentar el desarrollo integral, org\u00e1nico y sostenible del pa\u00eds, incluyendo las de car\u00e1cter agr\u00edcola e industrial, elaboraci\u00f3n o transformaci\u00f3n de bienes y su comercializaci\u00f3n, y prestaci\u00f3n de servicios, para lograr una adecuada vinculaci\u00f3n de los recursos provenientes de los hidrocarburos con la econom\u00eda venezolana. De acuerdo con un estudio comparativo publicado por Petroleum Intelligence Weekly (PIW), PDVSA es la quinta empresa petrolera m\u00e1s importante del planeta.<\/p>\n\n\n\n<p><em><strong>Orientaciones estrat\u00e9gicas<\/strong><\/em><\/p>\n\n\n\n<p>La orientaci\u00f3n estrat\u00e9gica de PDVSA se basa fundamentalmente en los siguientes lineamientos impartidos por el Accionista:<\/p>\n\n\n\n<ul class=\"wp-block-list\">\n<li>Valorizar nuestro recurso natural de hidrocarburos en beneficio de la Naci\u00f3n.<\/li>\n\n\n\n<li>Contribuir al posicionamiento geopol\u00edtico del pa\u00eds en el \u00e1mbito internacional, con prop\u00f3sitos claves de la pol\u00edtica exterior venezolana, como el fomento la cooperaci\u00f3n integral con aliados estrat\u00e9gicos y la integraci\u00f3n latinoamericana en un contexto de transici\u00f3n hacia la multipolaridad.<\/li>\n\n\n\n<li>Ser un instrumento para el desarrollo end\u00f3geno del pa\u00eds, apalancando el desarrollo socio-econ\u00f3mico, a trav\u00e9s de la industrializaci\u00f3n y pol\u00edticas de equidad social..<\/li>\n<\/ul>\n\n\n\n<p><em><strong>P\u00e1gina web<\/strong><\/em><\/p>\n\n\n\n<p><a href=\"http:\/\/www.pdvsa.com\/\" target=\"_blank\" rel=\"noreferrer noopener\">www.pdvsa.com<\/a><\/p>\n","protected":false},"excerpt":{"rendered":"<p>Historia Petr\u00f3leos de Venezuela, S.A. (PDVSA) y sus filiales, es una corporaci\u00f3n propiedad de la Rep\u00fablica Bolivariana de Venezuela, subordinada al Estado venezolano y profundamente comprometida con el aut\u00e9ntico due\u00f1o del petr\u00f3leo: el pueblo venezolano. Sus operaciones son supervisadas y controladas por el Ministerio del Poder Popular de Hidrocarburos, ente rector de la pol\u00edtica petrolera&hellip;&nbsp;<a href=\"http:\/\/www.minhidrocarburos.gob.ve\/index.php\/entes-adscritos\/pdvsa\/\" rel=\"bookmark\">Leer m\u00e1s &raquo;<span class=\"screen-reader-text\">PDVSA<\/span><\/a><\/p>\n","protected":false},"author":1,"featured_media":0,"parent":494,"menu_order":0,"comment_status":"closed","ping_status":"closed","template":"","meta":{"_editorskit_title_hidden":false,"_editorskit_reading_time":0,"_editorskit_is_block_options_detached":false,"_editorskit_block_options_position":"{}","neve_meta_sidebar":"","neve_meta_container":"","neve_meta_enable_content_width":"","neve_meta_content_width":0,"neve_meta_title_alignment":"","neve_meta_author_avatar":"","neve_post_elements_order":"","neve_meta_disable_header":"","neve_meta_disable_footer":"","neve_meta_disable_title":"on","footnotes":""},"class_list":["post-1187","page","type-page","status-publish","hentry"],"yoast_head":"<!-- This site is optimized with the Yoast SEO plugin v27.2 - https:\/\/yoast.com\/product\/yoast-seo-wordpress\/ -->\n<title>PDVSA - MinHidrocarburos<\/title>\n<meta name=\"description\" content=\"Corporaci\u00f3n propiedad de la Rep\u00fablica Bolivariana de Venezuela, subordinada al Estado venezolano y profundamente comprometida con el aut\u00e9ntico due\u00f1o del petr\u00f3leo: el pueblo venezolano\" \/>\n<meta name=\"robots\" content=\"index, follow, max-snippet:-1, max-image-preview:large, max-video-preview:-1\" \/>\n<link rel=\"canonical\" href=\"http:\/\/www.minhidrocarburos.gob.ve\/index.php\/entes-adscritos\/pdvsa\/\" \/>\n<meta property=\"og:locale\" content=\"es_ES\" \/>\n<meta property=\"og:type\" content=\"article\" \/>\n<meta property=\"og:title\" content=\"PDVSA - MinHidrocarburos\" \/>\n<meta property=\"og:description\" content=\"Corporaci\u00f3n propiedad de la Rep\u00fablica Bolivariana de Venezuela, subordinada al Estado venezolano y profundamente comprometida con el aut\u00e9ntico due\u00f1o del petr\u00f3leo: el pueblo venezolano\" \/>\n<meta property=\"og:url\" content=\"http:\/\/www.minhidrocarburos.gob.ve\/index.php\/entes-adscritos\/pdvsa\/\" \/>\n<meta property=\"og:site_name\" content=\"MinHidrocarburos\" \/>\n<meta property=\"article:modified_time\" content=\"2026-03-04T18:14:28+00:00\" \/>\n<meta property=\"og:image\" content=\"http:\/\/www.minhidrocarburos.gob.ve\/wp-content\/uploads\/2023\/07\/ente_pdvsa.png\" \/>\n\t<meta property=\"og:image:width\" content=\"625\" \/>\n\t<meta property=\"og:image:height\" content=\"461\" \/>\n\t<meta property=\"og:image:type\" content=\"image\/png\" \/>\n<meta name=\"twitter:card\" content=\"summary_large_image\" \/>\n<meta name=\"twitter:label1\" content=\"Tiempo de lectura\" \/>\n\t<meta name=\"twitter:data1\" content=\"2 minutos\" \/>\n<script type=\"application\/ld+json\" class=\"yoast-schema-graph\">{\"@context\":\"https:\/\/schema.org\",\"@graph\":[{\"@type\":\"WebPage\",\"@id\":\"http:\/\/www.minhidrocarburos.gob.ve\/index.php\/entes-adscritos\/pdvsa\/\",\"url\":\"http:\/\/www.minhidrocarburos.gob.ve\/index.php\/entes-adscritos\/pdvsa\/\",\"name\":\"PDVSA - MinHidrocarburos\",\"isPartOf\":{\"@id\":\"http:\/\/www.minhidrocarburos.gob.ve\/#website\"},\"primaryImageOfPage\":{\"@id\":\"http:\/\/www.minhidrocarburos.gob.ve\/index.php\/entes-adscritos\/pdvsa\/#primaryimage\"},\"image\":{\"@id\":\"http:\/\/www.minhidrocarburos.gob.ve\/index.php\/entes-adscritos\/pdvsa\/#primaryimage\"},\"thumbnailUrl\":\"http:\/\/192.168.25.123\/minpet\/wp-content\/uploads\/2023\/07\/ente_pdvsa.png\",\"datePublished\":\"2023-07-17T14:14:42+00:00\",\"dateModified\":\"2026-03-04T18:14:28+00:00\",\"description\":\"Corporaci\u00f3n propiedad de la Rep\u00fablica Bolivariana de Venezuela, subordinada al Estado venezolano y profundamente comprometida con el aut\u00e9ntico due\u00f1o del petr\u00f3leo: el pueblo venezolano\",\"breadcrumb\":{\"@id\":\"http:\/\/www.minhidrocarburos.gob.ve\/index.php\/entes-adscritos\/pdvsa\/#breadcrumb\"},\"inLanguage\":\"es\",\"potentialAction\":[{\"@type\":\"ReadAction\",\"target\":[\"http:\/\/www.minhidrocarburos.gob.ve\/index.php\/entes-adscritos\/pdvsa\/\"]}]},{\"@type\":\"ImageObject\",\"inLanguage\":\"es\",\"@id\":\"http:\/\/www.minhidrocarburos.gob.ve\/index.php\/entes-adscritos\/pdvsa\/#primaryimage\",\"url\":\"http:\/\/192.168.25.123\/minpet\/wp-content\/uploads\/2023\/07\/ente_pdvsa.png\",\"contentUrl\":\"http:\/\/192.168.25.123\/minpet\/wp-content\/uploads\/2023\/07\/ente_pdvsa.png\"},{\"@type\":\"BreadcrumbList\",\"@id\":\"http:\/\/www.minhidrocarburos.gob.ve\/index.php\/entes-adscritos\/pdvsa\/#breadcrumb\",\"itemListElement\":[{\"@type\":\"ListItem\",\"position\":1,\"name\":\"ENTES ADSCRITOS\",\"item\":\"http:\/\/www.minhidrocarburos.gob.ve\/index.php\/entes-adscritos\/\"},{\"@type\":\"ListItem\",\"position\":2,\"name\":\"PDVSA\"}]},{\"@type\":\"WebSite\",\"@id\":\"http:\/\/www.minhidrocarburos.gob.ve\/#website\",\"url\":\"http:\/\/www.minhidrocarburos.gob.ve\/\",\"name\":\"Minhidrocarburos\",\"description\":\"Regulaci\u00f3n, formulaci\u00f3n y seguimiento de pol\u00edticas; la planificaci\u00f3n, realizaci\u00f3n y fiscalizaci\u00f3n en materia de hidrocarburos\",\"publisher\":{\"@id\":\"http:\/\/www.minhidrocarburos.gob.ve\/#organization\"},\"potentialAction\":[{\"@type\":\"SearchAction\",\"target\":{\"@type\":\"EntryPoint\",\"urlTemplate\":\"http:\/\/www.minhidrocarburos.gob.ve\/?s={search_term_string}\"},\"query-input\":{\"@type\":\"PropertyValueSpecification\",\"valueRequired\":true,\"valueName\":\"search_term_string\"}}],\"inLanguage\":\"es\"},{\"@type\":\"Organization\",\"@id\":\"http:\/\/www.minhidrocarburos.gob.ve\/#organization\",\"name\":\"Ministerio del Poder Popular de Hidrocarburos\",\"url\":\"http:\/\/www.minhidrocarburos.gob.ve\/\",\"logo\":{\"@type\":\"ImageObject\",\"inLanguage\":\"es\",\"@id\":\"http:\/\/www.minhidrocarburos.gob.ve\/#\/schema\/logo\/image\/\",\"url\":\"http:\/\/www.minhidrocarburos.gob.ve\/wp-content\/uploads\/2024\/12\/Ministerio_de_Hidrocarburos.png\",\"contentUrl\":\"http:\/\/www.minhidrocarburos.gob.ve\/wp-content\/uploads\/2024\/12\/Ministerio_de_Hidrocarburos.png\",\"width\":2320,\"height\":324,\"caption\":\"Ministerio del Poder Popular de Hidrocarburos\"},\"image\":{\"@id\":\"http:\/\/www.minhidrocarburos.gob.ve\/#\/schema\/logo\/image\/\"}}]}<\/script>\n<!-- \/ Yoast SEO plugin. -->","yoast_head_json":{"title":"PDVSA - MinHidrocarburos","description":"Corporaci\u00f3n propiedad de la Rep\u00fablica Bolivariana de Venezuela, subordinada al Estado venezolano y profundamente comprometida con el aut\u00e9ntico due\u00f1o del petr\u00f3leo: el pueblo venezolano","robots":{"index":"index","follow":"follow","max-snippet":"max-snippet:-1","max-image-preview":"max-image-preview:large","max-video-preview":"max-video-preview:-1"},"canonical":"http:\/\/www.minhidrocarburos.gob.ve\/index.php\/entes-adscritos\/pdvsa\/","og_locale":"es_ES","og_type":"article","og_title":"PDVSA - MinHidrocarburos","og_description":"Corporaci\u00f3n propiedad de la Rep\u00fablica Bolivariana de Venezuela, subordinada al Estado venezolano y profundamente comprometida con el aut\u00e9ntico due\u00f1o del petr\u00f3leo: el pueblo venezolano","og_url":"http:\/\/www.minhidrocarburos.gob.ve\/index.php\/entes-adscritos\/pdvsa\/","og_site_name":"MinHidrocarburos","article_modified_time":"2026-03-04T18:14:28+00:00","og_image":[{"width":625,"height":461,"url":"http:\/\/www.minhidrocarburos.gob.ve\/wp-content\/uploads\/2023\/07\/ente_pdvsa.png","type":"image\/png"}],"twitter_card":"summary_large_image","twitter_misc":{"Tiempo de lectura":"2 minutos"},"schema":{"@context":"https:\/\/schema.org","@graph":[{"@type":"WebPage","@id":"http:\/\/www.minhidrocarburos.gob.ve\/index.php\/entes-adscritos\/pdvsa\/","url":"http:\/\/www.minhidrocarburos.gob.ve\/index.php\/entes-adscritos\/pdvsa\/","name":"PDVSA - MinHidrocarburos","isPartOf":{"@id":"http:\/\/www.minhidrocarburos.gob.ve\/#website"},"primaryImageOfPage":{"@id":"http:\/\/www.minhidrocarburos.gob.ve\/index.php\/entes-adscritos\/pdvsa\/#primaryimage"},"image":{"@id":"http:\/\/www.minhidrocarburos.gob.ve\/index.php\/entes-adscritos\/pdvsa\/#primaryimage"},"thumbnailUrl":"http:\/\/192.168.25.123\/minpet\/wp-content\/uploads\/2023\/07\/ente_pdvsa.png","datePublished":"2023-07-17T14:14:42+00:00","dateModified":"2026-03-04T18:14:28+00:00","description":"Corporaci\u00f3n propiedad de la Rep\u00fablica Bolivariana de Venezuela, subordinada al Estado venezolano y profundamente comprometida con el aut\u00e9ntico due\u00f1o del petr\u00f3leo: el pueblo venezolano","breadcrumb":{"@id":"http:\/\/www.minhidrocarburos.gob.ve\/index.php\/entes-adscritos\/pdvsa\/#breadcrumb"},"inLanguage":"es","potentialAction":[{"@type":"ReadAction","target":["http:\/\/www.minhidrocarburos.gob.ve\/index.php\/entes-adscritos\/pdvsa\/"]}]},{"@type":"ImageObject","inLanguage":"es","@id":"http:\/\/www.minhidrocarburos.gob.ve\/index.php\/entes-adscritos\/pdvsa\/#primaryimage","url":"http:\/\/192.168.25.123\/minpet\/wp-content\/uploads\/2023\/07\/ente_pdvsa.png","contentUrl":"http:\/\/192.168.25.123\/minpet\/wp-content\/uploads\/2023\/07\/ente_pdvsa.png"},{"@type":"BreadcrumbList","@id":"http:\/\/www.minhidrocarburos.gob.ve\/index.php\/entes-adscritos\/pdvsa\/#breadcrumb","itemListElement":[{"@type":"ListItem","position":1,"name":"ENTES ADSCRITOS","item":"http:\/\/www.minhidrocarburos.gob.ve\/index.php\/entes-adscritos\/"},{"@type":"ListItem","position":2,"name":"PDVSA"}]},{"@type":"WebSite","@id":"http:\/\/www.minhidrocarburos.gob.ve\/#website","url":"http:\/\/www.minhidrocarburos.gob.ve\/","name":"Minhidrocarburos","description":"Regulaci\u00f3n, formulaci\u00f3n y seguimiento de pol\u00edticas; la planificaci\u00f3n, realizaci\u00f3n y fiscalizaci\u00f3n en materia de hidrocarburos","publisher":{"@id":"http:\/\/www.minhidrocarburos.gob.ve\/#organization"},"potentialAction":[{"@type":"SearchAction","target":{"@type":"EntryPoint","urlTemplate":"http:\/\/www.minhidrocarburos.gob.ve\/?s={search_term_string}"},"query-input":{"@type":"PropertyValueSpecification","valueRequired":true,"valueName":"search_term_string"}}],"inLanguage":"es"},{"@type":"Organization","@id":"http:\/\/www.minhidrocarburos.gob.ve\/#organization","name":"Ministerio del Poder Popular de Hidrocarburos","url":"http:\/\/www.minhidrocarburos.gob.ve\/","logo":{"@type":"ImageObject","inLanguage":"es","@id":"http:\/\/www.minhidrocarburos.gob.ve\/#\/schema\/logo\/image\/","url":"http:\/\/www.minhidrocarburos.gob.ve\/wp-content\/uploads\/2024\/12\/Ministerio_de_Hidrocarburos.png","contentUrl":"http:\/\/www.minhidrocarburos.gob.ve\/wp-content\/uploads\/2024\/12\/Ministerio_de_Hidrocarburos.png","width":2320,"height":324,"caption":"Ministerio del Poder Popular de Hidrocarburos"},"image":{"@id":"http:\/\/www.minhidrocarburos.gob.ve\/#\/schema\/logo\/image\/"}}]}},"_links":{"self":[{"href":"http:\/\/www.minhidrocarburos.gob.ve\/index.php\/wp-json\/wp\/v2\/pages\/1187","targetHints":{"allow":["GET"]}}],"collection":[{"href":"http:\/\/www.minhidrocarburos.gob.ve\/index.php\/wp-json\/wp\/v2\/pages"}],"about":[{"href":"http:\/\/www.minhidrocarburos.gob.ve\/index.php\/wp-json\/wp\/v2\/types\/page"}],"author":[{"embeddable":true,"href":"http:\/\/www.minhidrocarburos.gob.ve\/index.php\/wp-json\/wp\/v2\/users\/1"}],"replies":[{"embeddable":true,"href":"http:\/\/www.minhidrocarburos.gob.ve\/index.php\/wp-json\/wp\/v2\/comments?post=1187"}],"version-history":[{"count":7,"href":"http:\/\/www.minhidrocarburos.gob.ve\/index.php\/wp-json\/wp\/v2\/pages\/1187\/revisions"}],"predecessor-version":[{"id":4179,"href":"http:\/\/www.minhidrocarburos.gob.ve\/index.php\/wp-json\/wp\/v2\/pages\/1187\/revisions\/4179"}],"up":[{"embeddable":true,"href":"http:\/\/www.minhidrocarburos.gob.ve\/index.php\/wp-json\/wp\/v2\/pages\/494"}],"wp:attachment":[{"href":"http:\/\/www.minhidrocarburos.gob.ve\/index.php\/wp-json\/wp\/v2\/media?parent=1187"}],"curies":[{"name":"wp","href":"https:\/\/api.w.org\/{rel}","templated":true}]}}