

{"id":1191,"date":"2023-07-17T14:16:30","date_gmt":"2023-07-17T14:16:30","guid":{"rendered":"http:\/\/192.168.25.123\/minpet\/?page_id=1191"},"modified":"2026-03-04T14:20:03","modified_gmt":"2026-03-04T18:20:03","slug":"ducolsa","status":"publish","type":"page","link":"http:\/\/www.minhidrocarburos.gob.ve\/index.php\/entes-adscritos\/ducolsa\/","title":{"rendered":"DUCOLSA"},"content":{"rendered":"<style>.kb-image_707f7c-00.kb-image-is-ratio-size, .kb-image_707f7c-00 .kb-image-is-ratio-size{max-width:538px;width:100%;}.wp-block-kadence-column > .kt-inside-inner-col > .kb-image_707f7c-00.kb-image-is-ratio-size, .wp-block-kadence-column > .kt-inside-inner-col > .kb-image_707f7c-00 .kb-image-is-ratio-size{align-self:unset;}.kb-image_707f7c-00 figure{max-width:538px;}.kb-image_707f7c-00 .image-is-svg, .kb-image_707f7c-00 .image-is-svg img{width:100%;}.kb-image_707f7c-00 .kb-image-has-overlay:after{opacity:0.3;}<\/style>\n<div class=\"wp-block-kadence-image kb-image_707f7c-00\"><figure class=\"aligncenter size-full\"><img loading=\"lazy\" decoding=\"async\" width=\"626\" height=\"472\" src=\"http:\/\/192.168.25.123\/minpet\/wp-content\/uploads\/2023\/07\/ente_ducolsa.png\" alt=\"\" class=\"kb-img wp-image-1444\" srcset=\"http:\/\/www.minhidrocarburos.gob.ve\/wp-content\/uploads\/2023\/07\/ente_ducolsa.png 626w, http:\/\/www.minhidrocarburos.gob.ve\/wp-content\/uploads\/2023\/07\/ente_ducolsa-300x226.png 300w\" sizes=\"auto, (max-width: 626px) 100vw, 626px\" \/><\/figure><\/div>\n\n\n\n<p><em><strong>Historia<\/strong><\/em><\/p>\n\n\n\n<p>Desarrollos&nbsp;Urbanos&nbsp;de&nbsp;la&nbsp;Costa&nbsp;Oriental&nbsp;del&nbsp;Lago,&nbsp;S.A. La Sub \u2013 Regi\u00f3n Costa Oriental del Lago (COL) de Maracaibo, representa una de las zonas con mayor potencial de recursos naturales que le han proporcionado importantes riquezas a la naci\u00f3n, traducidas \u00e9stas en un progreso significativo, tangible en reconocidas \u00e1reas.<\/p>\n\n\n\n<p><br>Uno de estos recursos ha sido los yacimientos petroleros. Con la explotaci\u00f3n del crudo desde hace m\u00e1s de 60 a\u00f1os, han estado garantizados numerosos beneficios econ\u00f3micos y sociales para un significativo contingente poblacional y empresarial de Venezuela.<\/p>\n\n\n\n<p><br>Pero no todo ha estado enmarcado por beneficios, pues a consecuencia de la constante y activa extracci\u00f3n de petr\u00f3leo, espec\u00edficamente donde se asientan los centros urbanos de T\u00eda Juana, Lagunillas y Bachaquero, se ha originado un proceso de \u201cHUNDIMIENTO\u201d de los terrenos ubicados en proximidades del Lago, el cual alcanza en algunos sectores aproximadamente, los 6 metros por debajo del nivel del agua, a consecuencia del fen\u00f3meno de Subsidencia.<\/p>\n\n\n\n<p><br><em><strong>Misi\u00f3n<\/strong><\/em><br>Planificar, coordinar, ejecutar y controlar planes y proyectos de obras de infraestructura y superestructura urban\u00edstica a nivel nacional, dentro de lo que incluye entre otros, la reubicaci\u00f3n de poblaci\u00f3n asentada en \u00e1rea de alto riesgo y\/o subsidencia, desarrollando h\u00e1bitat de convivencia que humanicen las relaciones familiares, vecinales y comunitarias, generando valor a nuestros empleados y proveedores e instaurando una cultura organizacional centrada en la \u00e9tica, asistencia humanitaria, defensa de la biodiversidad, innovaci\u00f3n y aprendizaje continuo, logrando la excelencia en el cumplimiento de los objetivos establecidos, leyes y normativas que regulan nuestro marco de actuaci\u00f3n, bajo el acatamiento estricto de los lineamientos del Gobierno Nacional.<\/p>\n\n\n\n<p><br><em><strong>Visi\u00f3n<\/strong><\/em><br>Ser una instituci\u00f3n de vanguardia, en la lucha por la dignificaci\u00f3n de la calidad de vida del venezolano y venezolana de escasos recursos que resida en condiciones de vulnerabilidad, a trav\u00e9s de la creaci\u00f3n de h\u00e1bitat integrales que contribuyan a armonizar y humanizar sus relaciones con el entorno, propiciando el desarrollo end\u00f3geno sustentable, en cada una de las regiones que comprenden su marco de actuaci\u00f3n, conforme a lo establecido en la Constituci\u00f3n y en las leyes.<\/p>\n\n\n\n<p><br><em><strong>P\u00e1gina web<\/strong><\/em><\/p>\n\n\n\n<p><a href=\"http:\/\/www.ducolsa.gob.ve\/\" target=\"_blank\" aria-label=\"www.ducolsa.gob.ve (opens in a new tab)\" rel=\"noreferrer noopener\" class=\"ek-link\">www.ducolsa.gob.ve<\/a><\/p>\n\n\n\n<p><em><strong>Contacto<\/strong><\/em><\/p>\n\n\n\n<p>(0212) 708.54.05<\/p>\n\n\n\n<p>(0274) 245.90.15<\/p>\n\n\n<style>.kb-image_fe4f28-bc .kb-image-has-overlay:after{opacity:0.3;}<\/style>\n<figure class=\"wp-block-kadence-image kb-image_fe4f28-bc\"><img alt=\"\" class=\"kb-img\"\/><\/figure>\n\n\n<style>.kb-image_71af62-40 .kb-image-has-overlay:after{opacity:0.3;}<\/style>\n<figure class=\"wp-block-kadence-image kb-image_71af62-40\"><img alt=\"\" class=\"kb-img\"\/><\/figure>\n","protected":false},"excerpt":{"rendered":"<p>Historia Desarrollos&nbsp;Urbanos&nbsp;de&nbsp;la&nbsp;Costa&nbsp;Oriental&nbsp;del&nbsp;Lago,&nbsp;S.A. La Sub \u2013 Regi\u00f3n Costa Oriental del Lago (COL) de Maracaibo, representa una de las zonas con mayor potencial de recursos naturales que le han proporcionado importantes riquezas a la naci\u00f3n, traducidas \u00e9stas en un progreso significativo, tangible en reconocidas \u00e1reas. Uno de estos recursos ha sido los yacimientos petroleros. Con la explotaci\u00f3n&hellip;&nbsp;<a href=\"http:\/\/www.minhidrocarburos.gob.ve\/index.php\/entes-adscritos\/ducolsa\/\" rel=\"bookmark\">Leer m\u00e1s &raquo;<span class=\"screen-reader-text\">DUCOLSA<\/span><\/a><\/p>\n","protected":false},"author":1,"featured_media":0,"parent":494,"menu_order":0,"comment_status":"closed","ping_status":"closed","template":"","meta":{"_editorskit_title_hidden":true,"_editorskit_reading_time":0,"_editorskit_is_block_options_detached":false,"_editorskit_block_options_position":"{}","neve_meta_sidebar":"","neve_meta_container":"","neve_meta_enable_content_width":"","neve_meta_content_width":0,"neve_meta_title_alignment":"","neve_meta_author_avatar":"","neve_post_elements_order":"","neve_meta_disable_header":"","neve_meta_disable_footer":"","neve_meta_disable_title":"on","footnotes":""},"class_list":["post-1191","page","type-page","status-publish","hentry"],"yoast_head":"<!-- This site is optimized with the Yoast SEO plugin v27.2 - https:\/\/yoast.com\/product\/yoast-seo-wordpress\/ -->\n<title>DUCOLSA - MinHidrocarburos<\/title>\n<meta name=\"description\" content=\"Desarrollos Urbanos de la Costa Oriental del Lago, S.A. La Sub \u2013 Regi\u00f3n Costa Oriental del Lago (COL) de Maracaibo, representa una de las zonas con mayor potencial de recursos naturales que le han proporcionado importantes riquezas a la naci\u00f3n, traducidas \u00e9stas en un progreso significativo, tangible en reconocidas \u00e1reas.\" \/>\n<meta name=\"robots\" content=\"index, follow, max-snippet:-1, max-image-preview:large, max-video-preview:-1\" \/>\n<link rel=\"canonical\" href=\"http:\/\/www.minhidrocarburos.gob.ve\/index.php\/entes-adscritos\/ducolsa\/\" \/>\n<meta property=\"og:locale\" content=\"es_ES\" \/>\n<meta property=\"og:type\" content=\"article\" \/>\n<meta property=\"og:title\" content=\"DUCOLSA - MinHidrocarburos\" \/>\n<meta property=\"og:description\" content=\"Desarrollos Urbanos de la Costa Oriental del Lago, S.A. La Sub \u2013 Regi\u00f3n Costa Oriental del Lago (COL) de Maracaibo, representa una de las zonas con mayor potencial de recursos naturales que le han proporcionado importantes riquezas a la naci\u00f3n, traducidas \u00e9stas en un progreso significativo, tangible en reconocidas \u00e1reas.\" \/>\n<meta property=\"og:url\" content=\"http:\/\/www.minhidrocarburos.gob.ve\/index.php\/entes-adscritos\/ducolsa\/\" \/>\n<meta property=\"og:site_name\" content=\"MinHidrocarburos\" \/>\n<meta property=\"article:modified_time\" content=\"2026-03-04T18:20:03+00:00\" \/>\n<meta property=\"og:image\" content=\"http:\/\/www.minhidrocarburos.gob.ve\/wp-content\/uploads\/2023\/07\/ente_ducolsa.png\" \/>\n\t<meta property=\"og:image:width\" content=\"626\" \/>\n\t<meta property=\"og:image:height\" content=\"472\" \/>\n\t<meta property=\"og:image:type\" content=\"image\/png\" \/>\n<meta name=\"twitter:card\" content=\"summary_large_image\" \/>\n<meta name=\"twitter:label1\" content=\"Tiempo de lectura\" \/>\n\t<meta name=\"twitter:data1\" content=\"3 minutos\" \/>\n<script type=\"application\/ld+json\" class=\"yoast-schema-graph\">{\"@context\":\"https:\/\/schema.org\",\"@graph\":[{\"@type\":\"WebPage\",\"@id\":\"http:\/\/www.minhidrocarburos.gob.ve\/index.php\/entes-adscritos\/ducolsa\/\",\"url\":\"http:\/\/www.minhidrocarburos.gob.ve\/index.php\/entes-adscritos\/ducolsa\/\",\"name\":\"DUCOLSA - MinHidrocarburos\",\"isPartOf\":{\"@id\":\"http:\/\/www.minhidrocarburos.gob.ve\/#website\"},\"primaryImageOfPage\":{\"@id\":\"http:\/\/www.minhidrocarburos.gob.ve\/index.php\/entes-adscritos\/ducolsa\/#primaryimage\"},\"image\":{\"@id\":\"http:\/\/www.minhidrocarburos.gob.ve\/index.php\/entes-adscritos\/ducolsa\/#primaryimage\"},\"thumbnailUrl\":\"http:\/\/192.168.25.123\/minpet\/wp-content\/uploads\/2023\/07\/ente_ducolsa.png\",\"datePublished\":\"2023-07-17T14:16:30+00:00\",\"dateModified\":\"2026-03-04T18:20:03+00:00\",\"description\":\"Desarrollos Urbanos de la Costa Oriental del Lago, S.A. La Sub \u2013 Regi\u00f3n Costa Oriental del Lago (COL) de Maracaibo, representa una de las zonas con mayor potencial de recursos naturales que le han proporcionado importantes riquezas a la naci\u00f3n, traducidas \u00e9stas en un progreso significativo, tangible en reconocidas \u00e1reas.\",\"breadcrumb\":{\"@id\":\"http:\/\/www.minhidrocarburos.gob.ve\/index.php\/entes-adscritos\/ducolsa\/#breadcrumb\"},\"inLanguage\":\"es\",\"potentialAction\":[{\"@type\":\"ReadAction\",\"target\":[\"http:\/\/www.minhidrocarburos.gob.ve\/index.php\/entes-adscritos\/ducolsa\/\"]}]},{\"@type\":\"ImageObject\",\"inLanguage\":\"es\",\"@id\":\"http:\/\/www.minhidrocarburos.gob.ve\/index.php\/entes-adscritos\/ducolsa\/#primaryimage\",\"url\":\"http:\/\/192.168.25.123\/minpet\/wp-content\/uploads\/2023\/07\/ente_ducolsa.png\",\"contentUrl\":\"http:\/\/192.168.25.123\/minpet\/wp-content\/uploads\/2023\/07\/ente_ducolsa.png\"},{\"@type\":\"BreadcrumbList\",\"@id\":\"http:\/\/www.minhidrocarburos.gob.ve\/index.php\/entes-adscritos\/ducolsa\/#breadcrumb\",\"itemListElement\":[{\"@type\":\"ListItem\",\"position\":1,\"name\":\"ENTES ADSCRITOS\",\"item\":\"http:\/\/www.minhidrocarburos.gob.ve\/index.php\/entes-adscritos\/\"},{\"@type\":\"ListItem\",\"position\":2,\"name\":\"DUCOLSA\"}]},{\"@type\":\"WebSite\",\"@id\":\"http:\/\/www.minhidrocarburos.gob.ve\/#website\",\"url\":\"http:\/\/www.minhidrocarburos.gob.ve\/\",\"name\":\"Minhidrocarburos\",\"description\":\"Regulaci\u00f3n, formulaci\u00f3n y seguimiento de pol\u00edticas; la planificaci\u00f3n, realizaci\u00f3n y fiscalizaci\u00f3n en materia de hidrocarburos\",\"publisher\":{\"@id\":\"http:\/\/www.minhidrocarburos.gob.ve\/#organization\"},\"potentialAction\":[{\"@type\":\"SearchAction\",\"target\":{\"@type\":\"EntryPoint\",\"urlTemplate\":\"http:\/\/www.minhidrocarburos.gob.ve\/?s={search_term_string}\"},\"query-input\":{\"@type\":\"PropertyValueSpecification\",\"valueRequired\":true,\"valueName\":\"search_term_string\"}}],\"inLanguage\":\"es\"},{\"@type\":\"Organization\",\"@id\":\"http:\/\/www.minhidrocarburos.gob.ve\/#organization\",\"name\":\"Ministerio del Poder Popular de Hidrocarburos\",\"url\":\"http:\/\/www.minhidrocarburos.gob.ve\/\",\"logo\":{\"@type\":\"ImageObject\",\"inLanguage\":\"es\",\"@id\":\"http:\/\/www.minhidrocarburos.gob.ve\/#\/schema\/logo\/image\/\",\"url\":\"http:\/\/www.minhidrocarburos.gob.ve\/wp-content\/uploads\/2024\/12\/Ministerio_de_Hidrocarburos.png\",\"contentUrl\":\"http:\/\/www.minhidrocarburos.gob.ve\/wp-content\/uploads\/2024\/12\/Ministerio_de_Hidrocarburos.png\",\"width\":2320,\"height\":324,\"caption\":\"Ministerio del Poder Popular de Hidrocarburos\"},\"image\":{\"@id\":\"http:\/\/www.minhidrocarburos.gob.ve\/#\/schema\/logo\/image\/\"}}]}<\/script>\n<!-- \/ Yoast SEO plugin. -->","yoast_head_json":{"title":"DUCOLSA - MinHidrocarburos","description":"Desarrollos Urbanos de la Costa Oriental del Lago, S.A. La Sub \u2013 Regi\u00f3n Costa Oriental del Lago (COL) de Maracaibo, representa una de las zonas con mayor potencial de recursos naturales que le han proporcionado importantes riquezas a la naci\u00f3n, traducidas \u00e9stas en un progreso significativo, tangible en reconocidas \u00e1reas.","robots":{"index":"index","follow":"follow","max-snippet":"max-snippet:-1","max-image-preview":"max-image-preview:large","max-video-preview":"max-video-preview:-1"},"canonical":"http:\/\/www.minhidrocarburos.gob.ve\/index.php\/entes-adscritos\/ducolsa\/","og_locale":"es_ES","og_type":"article","og_title":"DUCOLSA - MinHidrocarburos","og_description":"Desarrollos Urbanos de la Costa Oriental del Lago, S.A. La Sub \u2013 Regi\u00f3n Costa Oriental del Lago (COL) de Maracaibo, representa una de las zonas con mayor potencial de recursos naturales que le han proporcionado importantes riquezas a la naci\u00f3n, traducidas \u00e9stas en un progreso significativo, tangible en reconocidas \u00e1reas.","og_url":"http:\/\/www.minhidrocarburos.gob.ve\/index.php\/entes-adscritos\/ducolsa\/","og_site_name":"MinHidrocarburos","article_modified_time":"2026-03-04T18:20:03+00:00","og_image":[{"width":626,"height":472,"url":"http:\/\/www.minhidrocarburos.gob.ve\/wp-content\/uploads\/2023\/07\/ente_ducolsa.png","type":"image\/png"}],"twitter_card":"summary_large_image","twitter_misc":{"Tiempo de lectura":"3 minutos"},"schema":{"@context":"https:\/\/schema.org","@graph":[{"@type":"WebPage","@id":"http:\/\/www.minhidrocarburos.gob.ve\/index.php\/entes-adscritos\/ducolsa\/","url":"http:\/\/www.minhidrocarburos.gob.ve\/index.php\/entes-adscritos\/ducolsa\/","name":"DUCOLSA - MinHidrocarburos","isPartOf":{"@id":"http:\/\/www.minhidrocarburos.gob.ve\/#website"},"primaryImageOfPage":{"@id":"http:\/\/www.minhidrocarburos.gob.ve\/index.php\/entes-adscritos\/ducolsa\/#primaryimage"},"image":{"@id":"http:\/\/www.minhidrocarburos.gob.ve\/index.php\/entes-adscritos\/ducolsa\/#primaryimage"},"thumbnailUrl":"http:\/\/192.168.25.123\/minpet\/wp-content\/uploads\/2023\/07\/ente_ducolsa.png","datePublished":"2023-07-17T14:16:30+00:00","dateModified":"2026-03-04T18:20:03+00:00","description":"Desarrollos Urbanos de la Costa Oriental del Lago, S.A. La Sub \u2013 Regi\u00f3n Costa Oriental del Lago (COL) de Maracaibo, representa una de las zonas con mayor potencial de recursos naturales que le han proporcionado importantes riquezas a la naci\u00f3n, traducidas \u00e9stas en un progreso significativo, tangible en reconocidas \u00e1reas.","breadcrumb":{"@id":"http:\/\/www.minhidrocarburos.gob.ve\/index.php\/entes-adscritos\/ducolsa\/#breadcrumb"},"inLanguage":"es","potentialAction":[{"@type":"ReadAction","target":["http:\/\/www.minhidrocarburos.gob.ve\/index.php\/entes-adscritos\/ducolsa\/"]}]},{"@type":"ImageObject","inLanguage":"es","@id":"http:\/\/www.minhidrocarburos.gob.ve\/index.php\/entes-adscritos\/ducolsa\/#primaryimage","url":"http:\/\/192.168.25.123\/minpet\/wp-content\/uploads\/2023\/07\/ente_ducolsa.png","contentUrl":"http:\/\/192.168.25.123\/minpet\/wp-content\/uploads\/2023\/07\/ente_ducolsa.png"},{"@type":"BreadcrumbList","@id":"http:\/\/www.minhidrocarburos.gob.ve\/index.php\/entes-adscritos\/ducolsa\/#breadcrumb","itemListElement":[{"@type":"ListItem","position":1,"name":"ENTES ADSCRITOS","item":"http:\/\/www.minhidrocarburos.gob.ve\/index.php\/entes-adscritos\/"},{"@type":"ListItem","position":2,"name":"DUCOLSA"}]},{"@type":"WebSite","@id":"http:\/\/www.minhidrocarburos.gob.ve\/#website","url":"http:\/\/www.minhidrocarburos.gob.ve\/","name":"Minhidrocarburos","description":"Regulaci\u00f3n, formulaci\u00f3n y seguimiento de pol\u00edticas; la planificaci\u00f3n, realizaci\u00f3n y fiscalizaci\u00f3n en materia de hidrocarburos","publisher":{"@id":"http:\/\/www.minhidrocarburos.gob.ve\/#organization"},"potentialAction":[{"@type":"SearchAction","target":{"@type":"EntryPoint","urlTemplate":"http:\/\/www.minhidrocarburos.gob.ve\/?s={search_term_string}"},"query-input":{"@type":"PropertyValueSpecification","valueRequired":true,"valueName":"search_term_string"}}],"inLanguage":"es"},{"@type":"Organization","@id":"http:\/\/www.minhidrocarburos.gob.ve\/#organization","name":"Ministerio del Poder Popular de Hidrocarburos","url":"http:\/\/www.minhidrocarburos.gob.ve\/","logo":{"@type":"ImageObject","inLanguage":"es","@id":"http:\/\/www.minhidrocarburos.gob.ve\/#\/schema\/logo\/image\/","url":"http:\/\/www.minhidrocarburos.gob.ve\/wp-content\/uploads\/2024\/12\/Ministerio_de_Hidrocarburos.png","contentUrl":"http:\/\/www.minhidrocarburos.gob.ve\/wp-content\/uploads\/2024\/12\/Ministerio_de_Hidrocarburos.png","width":2320,"height":324,"caption":"Ministerio del Poder Popular de Hidrocarburos"},"image":{"@id":"http:\/\/www.minhidrocarburos.gob.ve\/#\/schema\/logo\/image\/"}}]}},"_links":{"self":[{"href":"http:\/\/www.minhidrocarburos.gob.ve\/index.php\/wp-json\/wp\/v2\/pages\/1191","targetHints":{"allow":["GET"]}}],"collection":[{"href":"http:\/\/www.minhidrocarburos.gob.ve\/index.php\/wp-json\/wp\/v2\/pages"}],"about":[{"href":"http:\/\/www.minhidrocarburos.gob.ve\/index.php\/wp-json\/wp\/v2\/types\/page"}],"author":[{"embeddable":true,"href":"http:\/\/www.minhidrocarburos.gob.ve\/index.php\/wp-json\/wp\/v2\/users\/1"}],"replies":[{"embeddable":true,"href":"http:\/\/www.minhidrocarburos.gob.ve\/index.php\/wp-json\/wp\/v2\/comments?post=1191"}],"version-history":[{"count":12,"href":"http:\/\/www.minhidrocarburos.gob.ve\/index.php\/wp-json\/wp\/v2\/pages\/1191\/revisions"}],"predecessor-version":[{"id":2799,"href":"http:\/\/www.minhidrocarburos.gob.ve\/index.php\/wp-json\/wp\/v2\/pages\/1191\/revisions\/2799"}],"up":[{"embeddable":true,"href":"http:\/\/www.minhidrocarburos.gob.ve\/index.php\/wp-json\/wp\/v2\/pages\/494"}],"wp:attachment":[{"href":"http:\/\/www.minhidrocarburos.gob.ve\/index.php\/wp-json\/wp\/v2\/media?parent=1191"}],"curies":[{"name":"wp","href":"https:\/\/api.w.org\/{rel}","templated":true}]}}