

{"id":1197,"date":"2023-07-17T14:21:22","date_gmt":"2023-07-17T14:21:22","guid":{"rendered":"http:\/\/192.168.25.123\/minpet\/?page_id=1197"},"modified":"2026-03-04T14:35:58","modified_gmt":"2026-03-04T18:35:58","slug":"fundacion-oro-negro","status":"publish","type":"page","link":"http:\/\/www.minhidrocarburos.gob.ve\/index.php\/entes-adscritos\/fundacion-oro-negro\/","title":{"rendered":"Fundaci\u00f3n Oro Negro"},"content":{"rendered":"<style>.kb-image1197_63f472-0f.kb-image-is-ratio-size, .kb-image1197_63f472-0f .kb-image-is-ratio-size{max-width:543px;width:100%;}.wp-block-kadence-column > .kt-inside-inner-col > .kb-image1197_63f472-0f.kb-image-is-ratio-size, .wp-block-kadence-column > .kt-inside-inner-col > .kb-image1197_63f472-0f .kb-image-is-ratio-size{align-self:unset;}.kb-image1197_63f472-0f figure{max-width:543px;}.kb-image1197_63f472-0f .image-is-svg, .kb-image1197_63f472-0f .image-is-svg img{width:100%;}.kb-image1197_63f472-0f .kb-image-has-overlay:after{opacity:0.3;}<\/style>\n<div class=\"wp-block-kadence-image kb-image1197_63f472-0f\"><figure class=\"aligncenter size-full\"><img loading=\"lazy\" decoding=\"async\" width=\"530\" height=\"390\" src=\"http:\/\/www.minhidrocarburos.gob.ve\/wp-content\/uploads\/2025\/10\/OroNegroLogo.png\" alt=\"\" class=\"kb-img wp-image-4655\" srcset=\"http:\/\/www.minhidrocarburos.gob.ve\/wp-content\/uploads\/2025\/10\/OroNegroLogo.png 530w, http:\/\/www.minhidrocarburos.gob.ve\/wp-content\/uploads\/2025\/10\/OroNegroLogo-300x221.png 300w\" sizes=\"auto, (max-width: 530px) 100vw, 530px\" \/><\/figure><\/div>\n\n\n\n<p><em><strong>Historia<\/strong><\/em><\/p>\n\n\n\n<p>La Fundaci\u00f3n Oro Negro (FON) es un ente descentralizado funcionalmente, que se encuentra adscrito al Ministerio del Poder Popular de Hidrocarburos. Fue creado en 1979 con el fin de promover, organizar y llevar a cabo actos, programas y eventos de tipo cultural, cient\u00edficos, recreativos, deportivos y sociales para beneficio de las trabajadoras y trabajadores, y de las comunidades en general.<\/p>\n\n\n\n<p><em><strong>Misi\u00f3n<\/strong><\/em><\/p>\n\n\n\n<p>Contribuir con el mejoramiento de la calidad de vida de la poblaci\u00f3n venezolana con \u00e9nfasis en los sectores de menores recursos y de los trabajadores del Ministerio del Poder Popular de Hidrocarburos, mediante el desarrollo de acciones que permitan la inclusi\u00f3n sociocultural de la poblaci\u00f3n, para coadyuvar con los procesos de construcci\u00f3n de ciudadan\u00eda, incentivando la participaci\u00f3n social en el marco de los valores de derecho y de justicia consagrados en la Constituci\u00f3n.<\/p>\n\n\n\n<p><em><strong>Visi\u00f3n<\/strong><\/em><\/p>\n\n\n\n<p>Ser una Fundaci\u00f3n de excelencia que promueva la solidaridad social y la corresponsabilidad ciudadana de los trabajadores del Ministerio del Poder Popular de Hidrocarburos, a trav\u00e9s del impulso a procesos de auto y cogesti\u00f3n, entre redes sociales y otras instituciones para general beneficios sociales, mejorando as\u00ed la calidad de vida, con equidad y justicia a trav\u00e9s de una gesti\u00f3n administrativa eficiente, eficaz, transparente y responsable de los recursos p\u00fablicos ejecutados para el desarrollo de los programas, planes y proyectos sociales, culturales, educativos y recreativos que se pongan en marcha al servicio de la ciudadan\u00eda y de los trabajadores del Ministerio del Poder Popular de Hidrocarburos.<\/p>\n\n\n\n<p><em><strong>Contacto<\/strong><\/em><\/p>\n\n\n\n<p>(0212) 708.70.03<\/p>\n","protected":false},"excerpt":{"rendered":"<p>Historia La Fundaci\u00f3n Oro Negro (FON) es un ente descentralizado funcionalmente, que se encuentra adscrito al Ministerio del Poder Popular de Hidrocarburos. Fue creado en 1979 con el fin de promover, organizar y llevar a cabo actos, programas y eventos de tipo cultural, cient\u00edficos, recreativos, deportivos y sociales para beneficio de las trabajadoras y trabajadores,&hellip;&nbsp;<a href=\"http:\/\/www.minhidrocarburos.gob.ve\/index.php\/entes-adscritos\/fundacion-oro-negro\/\" rel=\"bookmark\">Leer m\u00e1s &raquo;<span class=\"screen-reader-text\">Fundaci\u00f3n Oro Negro<\/span><\/a><\/p>\n","protected":false},"author":1,"featured_media":0,"parent":494,"menu_order":0,"comment_status":"closed","ping_status":"closed","template":"","meta":{"_editorskit_title_hidden":false,"_editorskit_reading_time":0,"_editorskit_is_block_options_detached":false,"_editorskit_block_options_position":"{}","neve_meta_sidebar":"","neve_meta_container":"","neve_meta_enable_content_width":"","neve_meta_content_width":0,"neve_meta_title_alignment":"","neve_meta_author_avatar":"","neve_post_elements_order":"","neve_meta_disable_header":"","neve_meta_disable_footer":"","neve_meta_disable_title":"on","footnotes":""},"class_list":["post-1197","page","type-page","status-publish","hentry"],"yoast_head":"<!-- This site is optimized with the Yoast SEO plugin v27.2 - https:\/\/yoast.com\/product\/yoast-seo-wordpress\/ -->\n<title>Fundaci\u00f3n Oro Negro - MinHidrocarburos<\/title>\n<meta name=\"description\" content=\"Ente descentralizado funcionalmente, que se encuentra adscrito al Ministerio del Poder Popular de Hidrocarburos. Con el fin de promover, organizar y llevar a cabo actos, programas y eventos de tipo cultural, cient\u00edficos, recreativos, deportivos y sociales para beneficio de las trabajadoras y trabajadores, y de las comunidades en general.\" \/>\n<meta name=\"robots\" content=\"index, follow, max-snippet:-1, max-image-preview:large, max-video-preview:-1\" \/>\n<link rel=\"canonical\" href=\"http:\/\/www.minhidrocarburos.gob.ve\/index.php\/entes-adscritos\/fundacion-oro-negro\/\" \/>\n<meta property=\"og:locale\" content=\"es_ES\" \/>\n<meta property=\"og:type\" content=\"article\" \/>\n<meta property=\"og:title\" content=\"Fundaci\u00f3n Oro Negro - MinHidrocarburos\" \/>\n<meta property=\"og:description\" content=\"Ente descentralizado funcionalmente, que se encuentra adscrito al Ministerio del Poder Popular de Hidrocarburos. Con el fin de promover, organizar y llevar a cabo actos, programas y eventos de tipo cultural, cient\u00edficos, recreativos, deportivos y sociales para beneficio de las trabajadoras y trabajadores, y de las comunidades en general.\" \/>\n<meta property=\"og:url\" content=\"http:\/\/www.minhidrocarburos.gob.ve\/index.php\/entes-adscritos\/fundacion-oro-negro\/\" \/>\n<meta property=\"og:site_name\" content=\"MinHidrocarburos\" \/>\n<meta property=\"article:modified_time\" content=\"2026-03-04T18:35:58+00:00\" \/>\n<meta property=\"og:image\" content=\"http:\/\/www.minhidrocarburos.gob.ve\/wp-content\/uploads\/2025\/10\/OroNegroLogo.png\" \/>\n\t<meta property=\"og:image:width\" content=\"530\" \/>\n\t<meta property=\"og:image:height\" content=\"390\" \/>\n\t<meta property=\"og:image:type\" content=\"image\/png\" \/>\n<meta name=\"twitter:card\" content=\"summary_large_image\" \/>\n<meta name=\"twitter:label1\" content=\"Tiempo de lectura\" \/>\n\t<meta name=\"twitter:data1\" content=\"2 minutos\" \/>\n<script type=\"application\/ld+json\" class=\"yoast-schema-graph\">{\"@context\":\"https:\/\/schema.org\",\"@graph\":[{\"@type\":\"WebPage\",\"@id\":\"http:\/\/www.minhidrocarburos.gob.ve\/index.php\/entes-adscritos\/fundacion-oro-negro\/\",\"url\":\"http:\/\/www.minhidrocarburos.gob.ve\/index.php\/entes-adscritos\/fundacion-oro-negro\/\",\"name\":\"Fundaci\u00f3n Oro Negro - MinHidrocarburos\",\"isPartOf\":{\"@id\":\"http:\/\/www.minhidrocarburos.gob.ve\/#website\"},\"primaryImageOfPage\":{\"@id\":\"http:\/\/www.minhidrocarburos.gob.ve\/index.php\/entes-adscritos\/fundacion-oro-negro\/#primaryimage\"},\"image\":{\"@id\":\"http:\/\/www.minhidrocarburos.gob.ve\/index.php\/entes-adscritos\/fundacion-oro-negro\/#primaryimage\"},\"thumbnailUrl\":\"http:\/\/www.minhidrocarburos.gob.ve\/wp-content\/uploads\/2025\/10\/OroNegroLogo.png\",\"datePublished\":\"2023-07-17T14:21:22+00:00\",\"dateModified\":\"2026-03-04T18:35:58+00:00\",\"description\":\"Ente descentralizado funcionalmente, que se encuentra adscrito al Ministerio del Poder Popular de Hidrocarburos. Con el fin de promover, organizar y llevar a cabo actos, programas y eventos de tipo cultural, cient\u00edficos, recreativos, deportivos y sociales para beneficio de las trabajadoras y trabajadores, y de las comunidades en general.\",\"breadcrumb\":{\"@id\":\"http:\/\/www.minhidrocarburos.gob.ve\/index.php\/entes-adscritos\/fundacion-oro-negro\/#breadcrumb\"},\"inLanguage\":\"es\",\"potentialAction\":[{\"@type\":\"ReadAction\",\"target\":[\"http:\/\/www.minhidrocarburos.gob.ve\/index.php\/entes-adscritos\/fundacion-oro-negro\/\"]}]},{\"@type\":\"ImageObject\",\"inLanguage\":\"es\",\"@id\":\"http:\/\/www.minhidrocarburos.gob.ve\/index.php\/entes-adscritos\/fundacion-oro-negro\/#primaryimage\",\"url\":\"http:\/\/www.minhidrocarburos.gob.ve\/wp-content\/uploads\/2025\/10\/OroNegroLogo.png\",\"contentUrl\":\"http:\/\/www.minhidrocarburos.gob.ve\/wp-content\/uploads\/2025\/10\/OroNegroLogo.png\",\"width\":530,\"height\":390},{\"@type\":\"BreadcrumbList\",\"@id\":\"http:\/\/www.minhidrocarburos.gob.ve\/index.php\/entes-adscritos\/fundacion-oro-negro\/#breadcrumb\",\"itemListElement\":[{\"@type\":\"ListItem\",\"position\":1,\"name\":\"ENTES ADSCRITOS\",\"item\":\"http:\/\/www.minhidrocarburos.gob.ve\/index.php\/entes-adscritos\/\"},{\"@type\":\"ListItem\",\"position\":2,\"name\":\"Fundaci\u00f3n Oro Negro\"}]},{\"@type\":\"WebSite\",\"@id\":\"http:\/\/www.minhidrocarburos.gob.ve\/#website\",\"url\":\"http:\/\/www.minhidrocarburos.gob.ve\/\",\"name\":\"Minhidrocarburos\",\"description\":\"Regulaci\u00f3n, formulaci\u00f3n y seguimiento de pol\u00edticas; la planificaci\u00f3n, realizaci\u00f3n y fiscalizaci\u00f3n en materia de hidrocarburos\",\"publisher\":{\"@id\":\"http:\/\/www.minhidrocarburos.gob.ve\/#organization\"},\"potentialAction\":[{\"@type\":\"SearchAction\",\"target\":{\"@type\":\"EntryPoint\",\"urlTemplate\":\"http:\/\/www.minhidrocarburos.gob.ve\/?s={search_term_string}\"},\"query-input\":{\"@type\":\"PropertyValueSpecification\",\"valueRequired\":true,\"valueName\":\"search_term_string\"}}],\"inLanguage\":\"es\"},{\"@type\":\"Organization\",\"@id\":\"http:\/\/www.minhidrocarburos.gob.ve\/#organization\",\"name\":\"Ministerio del Poder Popular de Hidrocarburos\",\"url\":\"http:\/\/www.minhidrocarburos.gob.ve\/\",\"logo\":{\"@type\":\"ImageObject\",\"inLanguage\":\"es\",\"@id\":\"http:\/\/www.minhidrocarburos.gob.ve\/#\/schema\/logo\/image\/\",\"url\":\"http:\/\/www.minhidrocarburos.gob.ve\/wp-content\/uploads\/2024\/12\/Ministerio_de_Hidrocarburos.png\",\"contentUrl\":\"http:\/\/www.minhidrocarburos.gob.ve\/wp-content\/uploads\/2024\/12\/Ministerio_de_Hidrocarburos.png\",\"width\":2320,\"height\":324,\"caption\":\"Ministerio del Poder Popular de Hidrocarburos\"},\"image\":{\"@id\":\"http:\/\/www.minhidrocarburos.gob.ve\/#\/schema\/logo\/image\/\"}}]}<\/script>\n<!-- \/ Yoast SEO plugin. -->","yoast_head_json":{"title":"Fundaci\u00f3n Oro Negro - MinHidrocarburos","description":"Ente descentralizado funcionalmente, que se encuentra adscrito al Ministerio del Poder Popular de Hidrocarburos. Con el fin de promover, organizar y llevar a cabo actos, programas y eventos de tipo cultural, cient\u00edficos, recreativos, deportivos y sociales para beneficio de las trabajadoras y trabajadores, y de las comunidades en general.","robots":{"index":"index","follow":"follow","max-snippet":"max-snippet:-1","max-image-preview":"max-image-preview:large","max-video-preview":"max-video-preview:-1"},"canonical":"http:\/\/www.minhidrocarburos.gob.ve\/index.php\/entes-adscritos\/fundacion-oro-negro\/","og_locale":"es_ES","og_type":"article","og_title":"Fundaci\u00f3n Oro Negro - MinHidrocarburos","og_description":"Ente descentralizado funcionalmente, que se encuentra adscrito al Ministerio del Poder Popular de Hidrocarburos. Con el fin de promover, organizar y llevar a cabo actos, programas y eventos de tipo cultural, cient\u00edficos, recreativos, deportivos y sociales para beneficio de las trabajadoras y trabajadores, y de las comunidades en general.","og_url":"http:\/\/www.minhidrocarburos.gob.ve\/index.php\/entes-adscritos\/fundacion-oro-negro\/","og_site_name":"MinHidrocarburos","article_modified_time":"2026-03-04T18:35:58+00:00","og_image":[{"width":530,"height":390,"url":"http:\/\/www.minhidrocarburos.gob.ve\/wp-content\/uploads\/2025\/10\/OroNegroLogo.png","type":"image\/png"}],"twitter_card":"summary_large_image","twitter_misc":{"Tiempo de lectura":"2 minutos"},"schema":{"@context":"https:\/\/schema.org","@graph":[{"@type":"WebPage","@id":"http:\/\/www.minhidrocarburos.gob.ve\/index.php\/entes-adscritos\/fundacion-oro-negro\/","url":"http:\/\/www.minhidrocarburos.gob.ve\/index.php\/entes-adscritos\/fundacion-oro-negro\/","name":"Fundaci\u00f3n Oro Negro - MinHidrocarburos","isPartOf":{"@id":"http:\/\/www.minhidrocarburos.gob.ve\/#website"},"primaryImageOfPage":{"@id":"http:\/\/www.minhidrocarburos.gob.ve\/index.php\/entes-adscritos\/fundacion-oro-negro\/#primaryimage"},"image":{"@id":"http:\/\/www.minhidrocarburos.gob.ve\/index.php\/entes-adscritos\/fundacion-oro-negro\/#primaryimage"},"thumbnailUrl":"http:\/\/www.minhidrocarburos.gob.ve\/wp-content\/uploads\/2025\/10\/OroNegroLogo.png","datePublished":"2023-07-17T14:21:22+00:00","dateModified":"2026-03-04T18:35:58+00:00","description":"Ente descentralizado funcionalmente, que se encuentra adscrito al Ministerio del Poder Popular de Hidrocarburos. Con el fin de promover, organizar y llevar a cabo actos, programas y eventos de tipo cultural, cient\u00edficos, recreativos, deportivos y sociales para beneficio de las trabajadoras y trabajadores, y de las comunidades en general.","breadcrumb":{"@id":"http:\/\/www.minhidrocarburos.gob.ve\/index.php\/entes-adscritos\/fundacion-oro-negro\/#breadcrumb"},"inLanguage":"es","potentialAction":[{"@type":"ReadAction","target":["http:\/\/www.minhidrocarburos.gob.ve\/index.php\/entes-adscritos\/fundacion-oro-negro\/"]}]},{"@type":"ImageObject","inLanguage":"es","@id":"http:\/\/www.minhidrocarburos.gob.ve\/index.php\/entes-adscritos\/fundacion-oro-negro\/#primaryimage","url":"http:\/\/www.minhidrocarburos.gob.ve\/wp-content\/uploads\/2025\/10\/OroNegroLogo.png","contentUrl":"http:\/\/www.minhidrocarburos.gob.ve\/wp-content\/uploads\/2025\/10\/OroNegroLogo.png","width":530,"height":390},{"@type":"BreadcrumbList","@id":"http:\/\/www.minhidrocarburos.gob.ve\/index.php\/entes-adscritos\/fundacion-oro-negro\/#breadcrumb","itemListElement":[{"@type":"ListItem","position":1,"name":"ENTES ADSCRITOS","item":"http:\/\/www.minhidrocarburos.gob.ve\/index.php\/entes-adscritos\/"},{"@type":"ListItem","position":2,"name":"Fundaci\u00f3n Oro Negro"}]},{"@type":"WebSite","@id":"http:\/\/www.minhidrocarburos.gob.ve\/#website","url":"http:\/\/www.minhidrocarburos.gob.ve\/","name":"Minhidrocarburos","description":"Regulaci\u00f3n, formulaci\u00f3n y seguimiento de pol\u00edticas; la planificaci\u00f3n, realizaci\u00f3n y fiscalizaci\u00f3n en materia de hidrocarburos","publisher":{"@id":"http:\/\/www.minhidrocarburos.gob.ve\/#organization"},"potentialAction":[{"@type":"SearchAction","target":{"@type":"EntryPoint","urlTemplate":"http:\/\/www.minhidrocarburos.gob.ve\/?s={search_term_string}"},"query-input":{"@type":"PropertyValueSpecification","valueRequired":true,"valueName":"search_term_string"}}],"inLanguage":"es"},{"@type":"Organization","@id":"http:\/\/www.minhidrocarburos.gob.ve\/#organization","name":"Ministerio del Poder Popular de Hidrocarburos","url":"http:\/\/www.minhidrocarburos.gob.ve\/","logo":{"@type":"ImageObject","inLanguage":"es","@id":"http:\/\/www.minhidrocarburos.gob.ve\/#\/schema\/logo\/image\/","url":"http:\/\/www.minhidrocarburos.gob.ve\/wp-content\/uploads\/2024\/12\/Ministerio_de_Hidrocarburos.png","contentUrl":"http:\/\/www.minhidrocarburos.gob.ve\/wp-content\/uploads\/2024\/12\/Ministerio_de_Hidrocarburos.png","width":2320,"height":324,"caption":"Ministerio del Poder Popular de Hidrocarburos"},"image":{"@id":"http:\/\/www.minhidrocarburos.gob.ve\/#\/schema\/logo\/image\/"}}]}},"_links":{"self":[{"href":"http:\/\/www.minhidrocarburos.gob.ve\/index.php\/wp-json\/wp\/v2\/pages\/1197","targetHints":{"allow":["GET"]}}],"collection":[{"href":"http:\/\/www.minhidrocarburos.gob.ve\/index.php\/wp-json\/wp\/v2\/pages"}],"about":[{"href":"http:\/\/www.minhidrocarburos.gob.ve\/index.php\/wp-json\/wp\/v2\/types\/page"}],"author":[{"embeddable":true,"href":"http:\/\/www.minhidrocarburos.gob.ve\/index.php\/wp-json\/wp\/v2\/users\/1"}],"replies":[{"embeddable":true,"href":"http:\/\/www.minhidrocarburos.gob.ve\/index.php\/wp-json\/wp\/v2\/comments?post=1197"}],"version-history":[{"count":11,"href":"http:\/\/www.minhidrocarburos.gob.ve\/index.php\/wp-json\/wp\/v2\/pages\/1197\/revisions"}],"predecessor-version":[{"id":4656,"href":"http:\/\/www.minhidrocarburos.gob.ve\/index.php\/wp-json\/wp\/v2\/pages\/1197\/revisions\/4656"}],"up":[{"embeddable":true,"href":"http:\/\/www.minhidrocarburos.gob.ve\/index.php\/wp-json\/wp\/v2\/pages\/494"}],"wp:attachment":[{"href":"http:\/\/www.minhidrocarburos.gob.ve\/index.php\/wp-json\/wp\/v2\/media?parent=1197"}],"curies":[{"name":"wp","href":"https:\/\/api.w.org\/{rel}","templated":true}]}}