

{"id":1211,"date":"2023-07-17T14:50:45","date_gmt":"2023-07-17T14:50:45","guid":{"rendered":"http:\/\/192.168.25.123\/minpet\/?page_id=1211"},"modified":"2024-07-11T15:34:32","modified_gmt":"2024-07-11T15:34:32","slug":"marco-legal","status":"publish","type":"page","link":"http:\/\/www.minhidrocarburos.gob.ve\/index.php\/marco-legal\/","title":{"rendered":"Marco Legal"},"content":{"rendered":"<div class=\"wptb-container-legacy\" data-table-id=\"1535\">\n    <table class=\"wptb-preview-table wptb-element-main-table_setting-1535\" style=\"border: 1px solid rgb(209, 209, 209);\" data-reconstraction=\"1\" data-wptb-table-tds-sum-max-width=\"273.35001\" data-wptb-cells-width-auto-count=\"1\" data-wptb-horizontal-scroll-status=\"false\" data-wptb-extra-styles=\"LyogRW50ZXIgeW91ciBjdXN0b20gQ1NTIHJ1bGVzIGhlcmUgKi8=\" role=\"table\" data-table-columns=\"2\"><tbody><tr class=\"wptb-row\"><td class=\"wptb-cell\" data-y-index=\"0\" data-x-index=\"0\" style=\"border: 1px solid rgb(209, 209, 209);\" data-wptb-css-td-auto-width=\"true\"><div class=\"wptb-text-container wptb-ph-element wptb-element-text-597\" style=\"color: rgb(0, 0, 0); font-size: 15px;\"><div class=\"\" style=\"position: relative;\"><p>CONSTITUCI\u00d3N DE LA REP\u00daBLICA BOLIVARIANA DE VENEZUELA<\/p><p>2009 enmienda N\u00ba 1 aprobada por el Pueblo Soberano mediante Referendo Constitucional, el 15 de febrero de 2009<\/p><p><\/p><\/div><\/div><\/td><td class=\"wptb-cell\" data-y-index=\"0\" data-x-index=\"1\" style=\"border: 1px solid rgb(209, 209, 209); width: 110px;\"><div class=\"wptb-button-container wptb-ph-element wptb-element-button-5\"><div class=\"wptb-button-wrapper wptb-size-m\" style=\"justify-content: center;\">            <a class=\"wptb-link-target\" href=\"\/wp-content\/documentos\/marcolegal\/CRBV.pdf\" target=\"_blank\">                <div class=\"wptb-button wptb-plugin-button-order-left\" style=\"position: relative; border-radius: 5px; background-color: rgb(0, 136, 204); color: rgb(255, 255, 255); justify-content: center; transform: scale(1);\" data-wptb-element-bg-color=\"#0088CCFF\" data-wptb-element-color=\"#FFFFFF\" data-wptb-element-hover-bg-color=\"null\" data-wptb-element-hover-text-color=\"null\" data-wptb-element-hover-scale=\"1\"><p style=\"font-size: 15px;\">Descarga<\/p><div class=\"wptb-button-icon\" data-wptb-button-icon-src=\"\" data-wptb-element-hover-bg-color=\"null\" data-wptb-element-hover-text-color=\"null\" data-wptb-element-hover-scale=\"1\" style=\"width: 25px; height: 25px;\"><br><\/div><\/div>            <\/a>        <\/div><\/div><\/td><\/tr><tr class=\"wptb-row\" style=\"--hover-bg-color: undefined;\"><td class=\"wptb-cell\" data-y-index=\"1\" data-x-index=\"0\" style=\"border: 1px solid rgb(209, 209, 209);\" data-wptb-css-td-auto-width=\"true\"><div class=\"wptb-text-container wptb-ph-element wptb-element-text-599\" style=\"color: rgb(0, 0, 0); font-size: 15px;\"><div class=\"\" style=\"position: relative;\"><p>LEY ORG\u00c1NICA DE HIDROCARBUROS<\/p><p>Gaceta Oficial N\u00b0 38.493 del 04 de agosto de 2006<\/p><p><\/p><\/div><\/div><\/td><td class=\"wptb-cell\" data-y-index=\"1\" data-x-index=\"1\" style=\"border: 1px solid rgb(209, 209, 209); width: 110px;\"><div class=\"wptb-button-container wptb-ph-element wptb-element-button-1\"><div class=\"wptb-button-wrapper wptb-size-m\" style=\"justify-content: center;\">            <a class=\"wptb-link-target\" href=\"\/wp-content\/documentos\/marcolegal\/LEY_DE_HIDROCARBUROS.pdf\" target=\"_blank\">                <div class=\"wptb-button wptb-plugin-button-order-left\" style=\"position: relative; border-radius: 5px; background-color: rgb(0, 136, 204); color: rgb(255, 255, 255); justify-content: center; transform: scale(1);\" data-wptb-element-bg-color=\"#0088CCFF\" data-wptb-element-color=\"#FFFFFF\" data-wptb-element-hover-bg-color=\"null\" data-wptb-element-hover-text-color=\"null\" data-wptb-element-hover-scale=\"1\"><p style=\"font-size: 15px;\">Descarga<\/p><div class=\"wptb-button-icon\" data-wptb-button-icon-src=\"\" data-wptb-element-hover-bg-color=\"null\" data-wptb-element-hover-text-color=\"null\" data-wptb-element-hover-scale=\"1\" style=\"width: 25px; height: 25px;\"><br><\/div><\/div>            <\/a>        <\/div><\/div><\/td><\/tr><tr class=\"wptb-row\" style=\"--hover-bg-color: undefined;\"><td class=\"wptb-cell\" data-y-index=\"2\" data-x-index=\"0\" style=\"border: 1px solid rgb(209, 209, 209);\" data-wptb-css-td-auto-width=\"true\"><div class=\"wptb-text-container wptb-ph-element wptb-element-text-601\" style=\"color: rgb(0, 0, 0); font-size: 15px;\"><div class=\"\" style=\"position: relative;\"><p>LEY ORG\u00c1NICA DE REORDENAMIENTO DEL MERCADO INTERNO DE LOS COMBUSTIBLES L\u00cdQUIDOS<\/p><p>Gaceta Oficial N\u00b0 39.019 del 18 de septiembre de 2008<\/p><\/div><\/div><\/td><td class=\"wptb-cell\" data-y-index=\"2\" data-x-index=\"1\" style=\"border: 1px solid rgb(209, 209, 209); width: 110px;\"><div class=\"wptb-button-container wptb-ph-element wptb-element-button-2\"><div class=\"wptb-button-wrapper wptb-size-m\" style=\"justify-content: center;\">            <a class=\"wptb-link-target\" href=\"\/wp-content\/documentos\/marcolegal\/LEY_ORG%C3%81NICA_DE_REORDENAMIENTO_DEL_MERCADO_INTERNO_DE_LOS_COMBUSTIBLES_L%C3%8DQUIDOS.pdf\" target=\"_blank\">                <div class=\"wptb-button wptb-plugin-button-order-left\" style=\"position: relative; border-radius: 5px; background-color: rgb(0, 136, 204); color: rgb(255, 255, 255); justify-content: center; transform: scale(1);\" data-wptb-element-bg-color=\"#0088CCFF\" data-wptb-element-color=\"#FFFFFF\" data-wptb-element-hover-bg-color=\"null\" data-wptb-element-hover-text-color=\"null\" data-wptb-element-hover-scale=\"1\"><p style=\"font-size: 15px;\">Descarga<\/p><div class=\"wptb-button-icon\" data-wptb-button-icon-src=\"\" data-wptb-element-hover-bg-color=\"null\" data-wptb-element-hover-text-color=\"null\" data-wptb-element-hover-scale=\"1\" style=\"width: 25px; height: 25px;\"><br><\/div><\/div>            <\/a>        <\/div><\/div><\/td><\/tr><tr class=\"wptb-row\" style=\"--hover-bg-color: undefined;\"><td class=\"wptb-cell\" data-y-index=\"3\" data-x-index=\"0\" style=\"border: 1px solid rgb(209, 209, 209);\" data-wptb-css-td-auto-width=\"true\"><div class=\"wptb-text-container wptb-ph-element wptb-element-text-603\" style=\"color: rgb(0, 0, 0); font-size: 15px;\"><div class=\"\" style=\"position: relative;\"><p>LEY DE SIMPLIFICACI\u00d3N DE TR\u00c1MITES PARA LAS EXPORTACIONES E IMPORTACIONES REALIZADAS POR LAS EMPRESAS DEL ESTADO<\/p><p>Gaceta Oficial N\u00b0 5.933 del 21 de octubre de 2009<\/p><p><\/p><\/div><\/div><\/td><td class=\"wptb-cell\" data-y-index=\"3\" data-x-index=\"1\" style=\"border: 1px solid rgb(209, 209, 209); width: 110px;\"><div class=\"wptb-button-container wptb-ph-element wptb-element-button-3\"><div class=\"wptb-button-wrapper wptb-size-m\" style=\"justify-content: center;\">            <a class=\"wptb-link-target\" href=\"\/wp-content\/documentos\/marcolegal\/LEY_DE_SIMPLIFICACI%C3%93N_DE_TR%C3%81MITES_PARA_LAS_EXPORTACIONES_E_IMPORTACIONES.pdf\" target=\"_blank\">                <div class=\"wptb-button wptb-plugin-button-order-left\" style=\"position: relative; border-radius: 5px; background-color: rgb(0, 136, 204); color: rgb(255, 255, 255); justify-content: center; transform: scale(1);\" data-wptb-element-bg-color=\"#0088CCFF\" data-wptb-element-color=\"#FFFFFF\" data-wptb-element-hover-bg-color=\"null\" data-wptb-element-hover-text-color=\"null\" data-wptb-element-hover-scale=\"1\"><p style=\"font-size: 15px;\">Descarga<\/p><div class=\"wptb-button-icon\" data-wptb-button-icon-src=\"\" data-wptb-element-hover-bg-color=\"null\" data-wptb-element-hover-text-color=\"null\" data-wptb-element-hover-scale=\"1\" style=\"width: 25px; height: 25px;\"><br><\/div><\/div>            <\/a>        <\/div><\/div><\/td><\/tr><tr class=\"wptb-row\" style=\"--hover-bg-color: undefined;\"><td class=\"wptb-cell\" data-y-index=\"4\" data-x-index=\"0\" style=\"border: 1px solid rgb(209, 209, 209);\" data-wptb-css-td-auto-width=\"true\"><div class=\"wptb-text-container wptb-ph-element wptb-element-text-605\" style=\"color: rgb(0, 0, 0); font-size: 15px;\"><div class=\"\" style=\"position: relative;\"><p>LEY DE ASIGNACIONES ECON\u00d3MICAS ESPECIALES DERIVADAS DE MINAS E HIDROCARBUROS<\/p><p>Gaceta Oficial Extraordinaria N\u00b0 5.991 del 29 de Julio de 2010<\/p><p><\/p><\/div><\/div><\/td><td class=\"wptb-cell\" data-y-index=\"4\" data-x-index=\"1\" style=\"border: 1px solid rgb(209, 209, 209); width: 110px;\"><div class=\"wptb-button-container wptb-ph-element wptb-element-button-6\"><div class=\"wptb-button-wrapper wptb-size-m\" style=\"justify-content: center;\">            <a class=\"wptb-link-target\" href=\"\/wp-content\/documentos\/marcolegal\/LEY_DE_ASIGNACIONES_ECON%C3%93MICAS_ESPECIALES_DERIVADAS_DE_MINAS_E_HIDROCARBUROS.pdf\" target=\"_blank\">                <div class=\"wptb-button wptb-plugin-button-order-left\" style=\"position: relative; border-radius: 5px; background-color: rgb(0, 136, 204); color: rgb(255, 255, 255); justify-content: center; transform: scale(1);\" data-wptb-element-bg-color=\"#0088CCFF\" data-wptb-element-color=\"#FFFFFF\" data-wptb-element-hover-bg-color=\"null\" data-wptb-element-hover-text-color=\"null\" data-wptb-element-hover-scale=\"1\"><p style=\"font-size: 15px;\">Descarga<\/p><div class=\"wptb-button-icon\" data-wptb-button-icon-src=\"\" data-wptb-element-hover-bg-color=\"null\" data-wptb-element-hover-text-color=\"null\" data-wptb-element-hover-scale=\"1\" style=\"width: 25px; height: 25px;\"><br><\/div><\/div>            <\/a>        <\/div><\/div><\/td><\/tr><tr class=\"wptb-row\" style=\"--hover-bg-color: undefined;\"><td class=\"wptb-cell\" data-y-index=\"5\" data-x-index=\"0\" style=\"border: 1px solid rgb(209, 209, 209);\" data-wptb-css-td-auto-width=\"true\"><div class=\"wptb-text-container wptb-ph-element wptb-element-text-607\" style=\"color: rgb(0, 0, 0); font-size: 15px;\"><div class=\"\" style=\"position: relative;\"><p>LEY DE REGULACI\u00d3N DE LA PARTICIPACI\u00d3N EN LAS ACTIVIDADES PRIMARIAS PREVISTAS EN LA LEY ORG\u00c1NICA DE HIDROCARBUROS<\/p><p>Gaceta Oficial N\u00b0 38.419 del 18 de abril de 2006<\/p><p><\/p><\/div><\/div><\/td><td class=\"wptb-cell\" data-y-index=\"5\" data-x-index=\"1\" style=\"border: 1px solid rgb(209, 209, 209); width: 110px;\"><div class=\"wptb-button-container wptb-ph-element wptb-element-button-4\"><div class=\"wptb-button-wrapper wptb-size-m\" style=\"justify-content: center;\">            <a class=\"wptb-link-target\" href=\"\/wp-content\/documentos\/marcolegal\/LEY_DE_REGULACI%C3%93N_DE_LA_PARTICIPACI%C3%93N_EN_LAS_ACTIVIDADES_PRIMARIAS_PREVISTAS_EN_LA_LEY_ORG%C3%81NICA_DE_HIDROCARBUROS.pdf\" target=\"_blank\">                <div class=\"wptb-button wptb-plugin-button-order-left\" style=\"position: relative; border-radius: 5px; background-color: rgb(0, 136, 204); color: rgb(255, 255, 255); justify-content: center; transform: scale(1);\" data-wptb-element-bg-color=\"#0088CCFF\" data-wptb-element-color=\"#FFFFFF\" data-wptb-element-hover-bg-color=\"null\" data-wptb-element-hover-text-color=\"null\" data-wptb-element-hover-scale=\"1\"><p style=\"font-size: 15px;\">Descarga<\/p><div class=\"wptb-button-icon\" data-wptb-button-icon-src=\"\" data-wptb-element-hover-bg-color=\"null\" data-wptb-element-hover-text-color=\"null\" data-wptb-element-hover-scale=\"1\" style=\"width: 25px; height: 25px;\"><br><\/div><\/div>            <\/a>        <\/div><\/div><\/td><\/tr><\/tbody><\/table>\n<\/div>\n\n","protected":false},"excerpt":{"rendered":"","protected":false},"author":1,"featured_media":0,"parent":0,"menu_order":0,"comment_status":"closed","ping_status":"closed","template":"","meta":{"_editorskit_title_hidden":false,"_editorskit_reading_time":0,"_editorskit_is_block_options_detached":false,"_editorskit_block_options_position":"{}","neve_meta_sidebar":"","neve_meta_container":"","neve_meta_enable_content_width":"","neve_meta_content_width":0,"neve_meta_title_alignment":"","neve_meta_author_avatar":"","neve_post_elements_order":"","neve_meta_disable_header":"","neve_meta_disable_footer":"","neve_meta_disable_title":"","footnotes":""},"class_list":["post-1211","page","type-page","status-publish","hentry"],"yoast_head":"<!-- This site is optimized with the Yoast SEO plugin v27.2 - https:\/\/yoast.com\/product\/yoast-seo-wordpress\/ -->\n<title>Marco Legal - MinHidrocarburos<\/title>\n<meta name=\"robots\" content=\"index, follow, max-snippet:-1, max-image-preview:large, max-video-preview:-1\" \/>\n<link rel=\"canonical\" href=\"http:\/\/www.minhidrocarburos.gob.ve\/index.php\/marco-legal\/\" \/>\n<meta property=\"og:locale\" content=\"es_ES\" \/>\n<meta property=\"og:type\" content=\"article\" \/>\n<meta property=\"og:title\" content=\"Marco Legal - MinHidrocarburos\" \/>\n<meta property=\"og:url\" content=\"http:\/\/www.minhidrocarburos.gob.ve\/index.php\/marco-legal\/\" \/>\n<meta property=\"og:site_name\" content=\"MinHidrocarburos\" \/>\n<meta property=\"article:modified_time\" content=\"2024-07-11T15:34:32+00:00\" \/>\n<meta name=\"twitter:card\" content=\"summary_large_image\" \/>\n<script type=\"application\/ld+json\" class=\"yoast-schema-graph\">{\"@context\":\"https:\/\/schema.org\",\"@graph\":[{\"@type\":\"WebPage\",\"@id\":\"http:\/\/www.minhidrocarburos.gob.ve\/index.php\/marco-legal\/\",\"url\":\"http:\/\/www.minhidrocarburos.gob.ve\/index.php\/marco-legal\/\",\"name\":\"Marco Legal - MinHidrocarburos\",\"isPartOf\":{\"@id\":\"http:\/\/www.minhidrocarburos.gob.ve\/#website\"},\"datePublished\":\"2023-07-17T14:50:45+00:00\",\"dateModified\":\"2024-07-11T15:34:32+00:00\",\"inLanguage\":\"es\",\"potentialAction\":[{\"@type\":\"ReadAction\",\"target\":[\"http:\/\/www.minhidrocarburos.gob.ve\/index.php\/marco-legal\/\"]}]},{\"@type\":\"WebSite\",\"@id\":\"http:\/\/www.minhidrocarburos.gob.ve\/#website\",\"url\":\"http:\/\/www.minhidrocarburos.gob.ve\/\",\"name\":\"Minhidrocarburos\",\"description\":\"Regulaci\u00f3n, formulaci\u00f3n y seguimiento de pol\u00edticas; la planificaci\u00f3n, realizaci\u00f3n y fiscalizaci\u00f3n en materia de hidrocarburos\",\"publisher\":{\"@id\":\"http:\/\/www.minhidrocarburos.gob.ve\/#organization\"},\"potentialAction\":[{\"@type\":\"SearchAction\",\"target\":{\"@type\":\"EntryPoint\",\"urlTemplate\":\"http:\/\/www.minhidrocarburos.gob.ve\/?s={search_term_string}\"},\"query-input\":{\"@type\":\"PropertyValueSpecification\",\"valueRequired\":true,\"valueName\":\"search_term_string\"}}],\"inLanguage\":\"es\"},{\"@type\":\"Organization\",\"@id\":\"http:\/\/www.minhidrocarburos.gob.ve\/#organization\",\"name\":\"Ministerio del Poder Popular de Hidrocarburos\",\"url\":\"http:\/\/www.minhidrocarburos.gob.ve\/\",\"logo\":{\"@type\":\"ImageObject\",\"inLanguage\":\"es\",\"@id\":\"http:\/\/www.minhidrocarburos.gob.ve\/#\/schema\/logo\/image\/\",\"url\":\"http:\/\/www.minhidrocarburos.gob.ve\/wp-content\/uploads\/2024\/12\/Ministerio_de_Hidrocarburos.png\",\"contentUrl\":\"http:\/\/www.minhidrocarburos.gob.ve\/wp-content\/uploads\/2024\/12\/Ministerio_de_Hidrocarburos.png\",\"width\":2320,\"height\":324,\"caption\":\"Ministerio del Poder Popular de Hidrocarburos\"},\"image\":{\"@id\":\"http:\/\/www.minhidrocarburos.gob.ve\/#\/schema\/logo\/image\/\"}}]}<\/script>\n<!-- \/ Yoast SEO plugin. -->","yoast_head_json":{"title":"Marco Legal - MinHidrocarburos","robots":{"index":"index","follow":"follow","max-snippet":"max-snippet:-1","max-image-preview":"max-image-preview:large","max-video-preview":"max-video-preview:-1"},"canonical":"http:\/\/www.minhidrocarburos.gob.ve\/index.php\/marco-legal\/","og_locale":"es_ES","og_type":"article","og_title":"Marco Legal - MinHidrocarburos","og_url":"http:\/\/www.minhidrocarburos.gob.ve\/index.php\/marco-legal\/","og_site_name":"MinHidrocarburos","article_modified_time":"2024-07-11T15:34:32+00:00","twitter_card":"summary_large_image","schema":{"@context":"https:\/\/schema.org","@graph":[{"@type":"WebPage","@id":"http:\/\/www.minhidrocarburos.gob.ve\/index.php\/marco-legal\/","url":"http:\/\/www.minhidrocarburos.gob.ve\/index.php\/marco-legal\/","name":"Marco Legal - MinHidrocarburos","isPartOf":{"@id":"http:\/\/www.minhidrocarburos.gob.ve\/#website"},"datePublished":"2023-07-17T14:50:45+00:00","dateModified":"2024-07-11T15:34:32+00:00","inLanguage":"es","potentialAction":[{"@type":"ReadAction","target":["http:\/\/www.minhidrocarburos.gob.ve\/index.php\/marco-legal\/"]}]},{"@type":"WebSite","@id":"http:\/\/www.minhidrocarburos.gob.ve\/#website","url":"http:\/\/www.minhidrocarburos.gob.ve\/","name":"Minhidrocarburos","description":"Regulaci\u00f3n, formulaci\u00f3n y seguimiento de pol\u00edticas; la planificaci\u00f3n, realizaci\u00f3n y fiscalizaci\u00f3n en materia de hidrocarburos","publisher":{"@id":"http:\/\/www.minhidrocarburos.gob.ve\/#organization"},"potentialAction":[{"@type":"SearchAction","target":{"@type":"EntryPoint","urlTemplate":"http:\/\/www.minhidrocarburos.gob.ve\/?s={search_term_string}"},"query-input":{"@type":"PropertyValueSpecification","valueRequired":true,"valueName":"search_term_string"}}],"inLanguage":"es"},{"@type":"Organization","@id":"http:\/\/www.minhidrocarburos.gob.ve\/#organization","name":"Ministerio del Poder Popular de Hidrocarburos","url":"http:\/\/www.minhidrocarburos.gob.ve\/","logo":{"@type":"ImageObject","inLanguage":"es","@id":"http:\/\/www.minhidrocarburos.gob.ve\/#\/schema\/logo\/image\/","url":"http:\/\/www.minhidrocarburos.gob.ve\/wp-content\/uploads\/2024\/12\/Ministerio_de_Hidrocarburos.png","contentUrl":"http:\/\/www.minhidrocarburos.gob.ve\/wp-content\/uploads\/2024\/12\/Ministerio_de_Hidrocarburos.png","width":2320,"height":324,"caption":"Ministerio del Poder Popular de Hidrocarburos"},"image":{"@id":"http:\/\/www.minhidrocarburos.gob.ve\/#\/schema\/logo\/image\/"}}]}},"_links":{"self":[{"href":"http:\/\/www.minhidrocarburos.gob.ve\/index.php\/wp-json\/wp\/v2\/pages\/1211","targetHints":{"allow":["GET"]}}],"collection":[{"href":"http:\/\/www.minhidrocarburos.gob.ve\/index.php\/wp-json\/wp\/v2\/pages"}],"about":[{"href":"http:\/\/www.minhidrocarburos.gob.ve\/index.php\/wp-json\/wp\/v2\/types\/page"}],"author":[{"embeddable":true,"href":"http:\/\/www.minhidrocarburos.gob.ve\/index.php\/wp-json\/wp\/v2\/users\/1"}],"replies":[{"embeddable":true,"href":"http:\/\/www.minhidrocarburos.gob.ve\/index.php\/wp-json\/wp\/v2\/comments?post=1211"}],"version-history":[{"count":3,"href":"http:\/\/www.minhidrocarburos.gob.ve\/index.php\/wp-json\/wp\/v2\/pages\/1211\/revisions"}],"predecessor-version":[{"id":1539,"href":"http:\/\/www.minhidrocarburos.gob.ve\/index.php\/wp-json\/wp\/v2\/pages\/1211\/revisions\/1539"}],"wp:attachment":[{"href":"http:\/\/www.minhidrocarburos.gob.ve\/index.php\/wp-json\/wp\/v2\/media?parent=1211"}],"curies":[{"name":"wp","href":"https:\/\/api.w.org\/{rel}","templated":true}]}}