

{"id":1226,"date":"2023-07-17T15:16:43","date_gmt":"2023-07-17T15:16:43","guid":{"rendered":"http:\/\/192.168.25.123\/minpet\/?page_id=1226"},"modified":"2026-03-04T15:03:17","modified_gmt":"2026-03-04T19:03:17","slug":"banco-nacional-de-datos","status":"publish","type":"page","link":"http:\/\/www.minhidrocarburos.gob.ve\/index.php\/entes-adscritos\/banco-nacional-de-datos\/","title":{"rendered":"Banco Soberano de Datos de Petr\u00f3leo y Gas"},"content":{"rendered":"<style>.kb-image1226_837861-07.kb-image-is-ratio-size, .kb-image1226_837861-07 .kb-image-is-ratio-size{max-width:468px;width:100%;}.wp-block-kadence-column > .kt-inside-inner-col > .kb-image1226_837861-07.kb-image-is-ratio-size, .wp-block-kadence-column > .kt-inside-inner-col > .kb-image1226_837861-07 .kb-image-is-ratio-size{align-self:unset;}.kb-image1226_837861-07 figure{max-width:468px;}.kb-image1226_837861-07 .image-is-svg, .kb-image1226_837861-07 .image-is-svg img{width:100%;}.kb-image1226_837861-07 .kb-image-has-overlay:after{opacity:0.3;}<\/style>\n<div class=\"wp-block-kadence-image kb-image1226_837861-07\"><figure class=\"aligncenter\"><img loading=\"lazy\" decoding=\"async\" width=\"525\" height=\"525\" src=\"http:\/\/www.minhidrocarburos.gob.ve\/wp-content\/uploads\/2025\/02\/Banco_de_Datos.png\" alt=\"\" class=\"kb-img wp-image-3599\" srcset=\"http:\/\/www.minhidrocarburos.gob.ve\/wp-content\/uploads\/2025\/02\/Banco_de_Datos.png 525w, http:\/\/www.minhidrocarburos.gob.ve\/wp-content\/uploads\/2025\/02\/Banco_de_Datos-300x300.png 300w, http:\/\/www.minhidrocarburos.gob.ve\/wp-content\/uploads\/2025\/02\/Banco_de_Datos-150x150.png 150w\" sizes=\"auto, (max-width: 525px) 100vw, 525px\" \/><\/figure><\/div>\n\n\n\n<p><strong>&nbsp;\u00bfQui\u00e9nes somos?<\/strong><\/p>\n\n\n\n<p>Somos un Servicio Desconcentrado dependiente jer\u00e1rquicamente del Ministerio del Poder Popular de Hidrocarburos, con un rol fundamental en el resguardo, custodia y respaldo de los datos de Exploraci\u00f3n y Producci\u00f3n en materia de hidrocarburos de la Naci\u00f3n, brindando atenci\u00f3n y acompa\u00f1amiento en el proceso de otorgamiento de Licencias de Uso de Datos de Petr\u00f3leo y Gas a PDVSA, filiales, Corporaci\u00f3n Venezolana de Petr\u00f3leo (CVP), Empresas Mixtas y a las Licencias de Gas no asociado; as\u00ed como a potenciales inversionistas nacionales e internacionales, apalancando nuevos negocios, garantizando el crecimiento, disponibilidad de la informaci\u00f3n; sumado al cumplimiento en materia de pol\u00edticas p\u00fablicas en el \u00e1rea petrolera y gas\u00edfera emanadas por las autoridades del sector.<\/p>\n\n\n\n<p><strong>&nbsp;Misi\u00f3n<\/strong><\/p>\n\n\n\n<p>Garantizar un servicio de informaci\u00f3n geocient\u00edfica de exploraci\u00f3n y producci\u00f3n de petr\u00f3leo y gas con control de calidad, seguridad, accesibilidad inmediata, utilizando mejores pr\u00e1cticas en tecnolog\u00eda, con talento humano comprometido y experto, ofreciendo a la Naci\u00f3n soberan\u00eda y preservaci\u00f3n de los datos.<\/p>\n\n\n\n<p><strong>Visi\u00f3n<\/strong><\/p>\n\n\n\n<p>Ser la fuente \u00fanica y oficial del resguardo de los datos del sector de Exploraci\u00f3n y Producci\u00f3n de Hidrocarburos L\u00edquidos y Gaseosos en la Rep\u00fablica Bolivariana de Venezuela, garantizando su organizaci\u00f3n, control, custodia y preservaci\u00f3n para el manejo soberano.<\/p>\n\n\n\n<p><strong>Raz\u00f3n de ser<\/strong><\/p>\n\n\n\n<p>El Servicio Desconcentrado Banco Soberano de Datos de Petr\u00f3leo y Gas, es un ente adscrito al Ministerio del Poder Popular de Hidrocarburos, sin personalidad jur\u00eddica. Tiene como prop\u00f3sito garantizar un servicio de informaci\u00f3n geocient\u00edfica de exploraci\u00f3n y producci\u00f3n de petr\u00f3leo y gas, con control de calidad, seguridad, accesibilidad inmediata, utilizando mejores pr\u00e1cticas en tecnolog\u00eda, con talento humano comprometido y experto, ofreciendo a la Naci\u00f3n soberan\u00eda y preservaci\u00f3n de los datos; as\u00ed como, mantener las tecnolog\u00edas adecuadas para la seguridad de los datos y la presentaci\u00f3n de informaci\u00f3n a inversionistas nacionales e internacionales y el resguardo del soporte t\u00e9cnico de las reservas probadas de hidrocarburos l\u00edquidos y gaseosos de la Rep\u00fablica Bolivariana de Venezuela.<\/p>\n\n\n\n<p><strong>Servicios<\/strong><\/p>\n\n\n\n<p><\/p>\n\n\n\n<ol class=\"wp-block-list\">\n<li>Resguardo de Informaci\u00f3n<\/li>\n\n\n\n<li>Lectura e Interpretaci\u00f3n de Datos<\/li>\n\n\n\n<li>Control de Calidad de Datos<\/li>\n\n\n\n<li>Licencia de uso de Datos <\/li>\n\n\n\n<li>Sala de Visualizaci\u00f3n o Show Room<\/li>\n<\/ol>\n\n\n<style>.kb-image1226_f1e7b9-ad .kb-image-has-overlay:after{opacity:0.3;}<\/style>\n<div class=\"wp-block-kadence-image kb-image1226_f1e7b9-ad\"><figure class=\"aligncenter size-large\"><img loading=\"lazy\" decoding=\"async\" width=\"1024\" height=\"536\" src=\"http:\/\/www.minhidrocarburos.gob.ve\/wp-content\/uploads\/2025\/05\/BSD_nuevo-1024x536.png\" alt=\"\" class=\"kb-img wp-image-4088\" srcset=\"http:\/\/www.minhidrocarburos.gob.ve\/wp-content\/uploads\/2025\/05\/BSD_nuevo-1024x536.png 1024w, http:\/\/www.minhidrocarburos.gob.ve\/wp-content\/uploads\/2025\/05\/BSD_nuevo-300x157.png 300w, http:\/\/www.minhidrocarburos.gob.ve\/wp-content\/uploads\/2025\/05\/BSD_nuevo-768x402.png 768w, http:\/\/www.minhidrocarburos.gob.ve\/wp-content\/uploads\/2025\/05\/BSD_nuevo.png 1280w\" sizes=\"auto, (max-width: 1024px) 100vw, 1024px\" \/><\/figure><\/div>\n","protected":false},"excerpt":{"rendered":"<p>&nbsp;\u00bfQui\u00e9nes somos? Somos un Servicio Desconcentrado dependiente jer\u00e1rquicamente del Ministerio del Poder Popular de Hidrocarburos, con un rol fundamental en el resguardo, custodia y respaldo de los datos de Exploraci\u00f3n y Producci\u00f3n en materia de hidrocarburos de la Naci\u00f3n, brindando atenci\u00f3n y acompa\u00f1amiento en el proceso de otorgamiento de Licencias de Uso de Datos de&hellip;&nbsp;<a href=\"http:\/\/www.minhidrocarburos.gob.ve\/index.php\/entes-adscritos\/banco-nacional-de-datos\/\" rel=\"bookmark\">Leer m\u00e1s &raquo;<span class=\"screen-reader-text\">Banco Soberano de Datos de Petr\u00f3leo y Gas<\/span><\/a><\/p>\n","protected":false},"author":1,"featured_media":0,"parent":494,"menu_order":0,"comment_status":"closed","ping_status":"closed","template":"","meta":{"_editorskit_title_hidden":false,"_editorskit_reading_time":0,"_editorskit_is_block_options_detached":false,"_editorskit_block_options_position":"{}","neve_meta_sidebar":"","neve_meta_container":"","neve_meta_enable_content_width":"","neve_meta_content_width":0,"neve_meta_title_alignment":"","neve_meta_author_avatar":"","neve_post_elements_order":"","neve_meta_disable_header":"","neve_meta_disable_footer":"","neve_meta_disable_title":"on","footnotes":""},"class_list":["post-1226","page","type-page","status-publish","hentry"],"yoast_head":"<!-- This site is optimized with the Yoast SEO plugin v27.2 - https:\/\/yoast.com\/product\/yoast-seo-wordpress\/ -->\n<title>Banco Soberano de Datos de Petr\u00f3leo y Gas - MinHidrocarburos<\/title>\n<meta name=\"description\" content=\"Con un rol fundamental en el resguardo, custodia y respaldo de los datos de Exploraci\u00f3n y Producci\u00f3n en materia de hidrocarburos de la Naci\u00f3n, brindando atenci\u00f3n y acompa\u00f1amiento en el proceso de otorgamiento de Licencias de Uso de Datos de Petr\u00f3leo y Gas a PDVSA, filiales, Corporaci\u00f3n Venezolana de Petr\u00f3leo (CVP), Empresas Mixtas y a las Licencias de Gas no asociado; as\u00ed como a potenciales inversionistas nacionales e internacionales.\" \/>\n<meta name=\"robots\" content=\"index, follow, max-snippet:-1, max-image-preview:large, max-video-preview:-1\" \/>\n<link rel=\"canonical\" href=\"http:\/\/www.minhidrocarburos.gob.ve\/index.php\/entes-adscritos\/banco-nacional-de-datos\/\" \/>\n<meta property=\"og:locale\" content=\"es_ES\" \/>\n<meta property=\"og:type\" content=\"article\" \/>\n<meta property=\"og:title\" content=\"Banco Soberano de Datos de Petr\u00f3leo y Gas - MinHidrocarburos\" \/>\n<meta property=\"og:description\" content=\"Con un rol fundamental en el resguardo, custodia y respaldo de los datos de Exploraci\u00f3n y Producci\u00f3n en materia de hidrocarburos de la Naci\u00f3n, brindando atenci\u00f3n y acompa\u00f1amiento en el proceso de otorgamiento de Licencias de Uso de Datos de Petr\u00f3leo y Gas a PDVSA, filiales, Corporaci\u00f3n Venezolana de Petr\u00f3leo (CVP), Empresas Mixtas y a las Licencias de Gas no asociado; as\u00ed como a potenciales inversionistas nacionales e internacionales.\" \/>\n<meta property=\"og:url\" content=\"http:\/\/www.minhidrocarburos.gob.ve\/index.php\/entes-adscritos\/banco-nacional-de-datos\/\" \/>\n<meta property=\"og:site_name\" content=\"MinHidrocarburos\" \/>\n<meta property=\"article:modified_time\" content=\"2026-03-04T19:03:17+00:00\" \/>\n<meta property=\"og:image\" content=\"http:\/\/www.minhidrocarburos.gob.ve\/wp-content\/uploads\/2025\/02\/Banco_de_Datos.png\" \/>\n\t<meta property=\"og:image:width\" content=\"525\" \/>\n\t<meta property=\"og:image:height\" content=\"525\" \/>\n\t<meta property=\"og:image:type\" content=\"image\/png\" \/>\n<meta name=\"twitter:card\" content=\"summary_large_image\" \/>\n<meta name=\"twitter:label1\" content=\"Tiempo de lectura\" \/>\n\t<meta name=\"twitter:data1\" content=\"2 minutos\" \/>\n<script type=\"application\/ld+json\" class=\"yoast-schema-graph\">{\"@context\":\"https:\/\/schema.org\",\"@graph\":[{\"@type\":\"WebPage\",\"@id\":\"http:\/\/www.minhidrocarburos.gob.ve\/index.php\/entes-adscritos\/banco-nacional-de-datos\/\",\"url\":\"http:\/\/www.minhidrocarburos.gob.ve\/index.php\/entes-adscritos\/banco-nacional-de-datos\/\",\"name\":\"Banco Soberano de Datos de Petr\u00f3leo y Gas - MinHidrocarburos\",\"isPartOf\":{\"@id\":\"http:\/\/www.minhidrocarburos.gob.ve\/#website\"},\"primaryImageOfPage\":{\"@id\":\"http:\/\/www.minhidrocarburos.gob.ve\/index.php\/entes-adscritos\/banco-nacional-de-datos\/#primaryimage\"},\"image\":{\"@id\":\"http:\/\/www.minhidrocarburos.gob.ve\/index.php\/entes-adscritos\/banco-nacional-de-datos\/#primaryimage\"},\"thumbnailUrl\":\"http:\/\/www.minhidrocarburos.gob.ve\/wp-content\/uploads\/2025\/02\/Banco_de_Datos.png\",\"datePublished\":\"2023-07-17T15:16:43+00:00\",\"dateModified\":\"2026-03-04T19:03:17+00:00\",\"description\":\"Con un rol fundamental en el resguardo, custodia y respaldo de los datos de Exploraci\u00f3n y Producci\u00f3n en materia de hidrocarburos de la Naci\u00f3n, brindando atenci\u00f3n y acompa\u00f1amiento en el proceso de otorgamiento de Licencias de Uso de Datos de Petr\u00f3leo y Gas a PDVSA, filiales, Corporaci\u00f3n Venezolana de Petr\u00f3leo (CVP), Empresas Mixtas y a las Licencias de Gas no asociado; as\u00ed como a potenciales inversionistas nacionales e internacionales.\",\"breadcrumb\":{\"@id\":\"http:\/\/www.minhidrocarburos.gob.ve\/index.php\/entes-adscritos\/banco-nacional-de-datos\/#breadcrumb\"},\"inLanguage\":\"es\",\"potentialAction\":[{\"@type\":\"ReadAction\",\"target\":[\"http:\/\/www.minhidrocarburos.gob.ve\/index.php\/entes-adscritos\/banco-nacional-de-datos\/\"]}]},{\"@type\":\"ImageObject\",\"inLanguage\":\"es\",\"@id\":\"http:\/\/www.minhidrocarburos.gob.ve\/index.php\/entes-adscritos\/banco-nacional-de-datos\/#primaryimage\",\"url\":\"http:\/\/www.minhidrocarburos.gob.ve\/wp-content\/uploads\/2025\/02\/Banco_de_Datos.png\",\"contentUrl\":\"http:\/\/www.minhidrocarburos.gob.ve\/wp-content\/uploads\/2025\/02\/Banco_de_Datos.png\",\"width\":525,\"height\":525},{\"@type\":\"BreadcrumbList\",\"@id\":\"http:\/\/www.minhidrocarburos.gob.ve\/index.php\/entes-adscritos\/banco-nacional-de-datos\/#breadcrumb\",\"itemListElement\":[{\"@type\":\"ListItem\",\"position\":1,\"name\":\"ENTES ADSCRITOS\",\"item\":\"http:\/\/www.minhidrocarburos.gob.ve\/index.php\/entes-adscritos\/\"},{\"@type\":\"ListItem\",\"position\":2,\"name\":\"Banco Soberano de Datos de Petr\u00f3leo y Gas\"}]},{\"@type\":\"WebSite\",\"@id\":\"http:\/\/www.minhidrocarburos.gob.ve\/#website\",\"url\":\"http:\/\/www.minhidrocarburos.gob.ve\/\",\"name\":\"Minhidrocarburos\",\"description\":\"Regulaci\u00f3n, formulaci\u00f3n y seguimiento de pol\u00edticas; la planificaci\u00f3n, realizaci\u00f3n y fiscalizaci\u00f3n en materia de hidrocarburos\",\"publisher\":{\"@id\":\"http:\/\/www.minhidrocarburos.gob.ve\/#organization\"},\"potentialAction\":[{\"@type\":\"SearchAction\",\"target\":{\"@type\":\"EntryPoint\",\"urlTemplate\":\"http:\/\/www.minhidrocarburos.gob.ve\/?s={search_term_string}\"},\"query-input\":{\"@type\":\"PropertyValueSpecification\",\"valueRequired\":true,\"valueName\":\"search_term_string\"}}],\"inLanguage\":\"es\"},{\"@type\":\"Organization\",\"@id\":\"http:\/\/www.minhidrocarburos.gob.ve\/#organization\",\"name\":\"Ministerio del Poder Popular de Hidrocarburos\",\"url\":\"http:\/\/www.minhidrocarburos.gob.ve\/\",\"logo\":{\"@type\":\"ImageObject\",\"inLanguage\":\"es\",\"@id\":\"http:\/\/www.minhidrocarburos.gob.ve\/#\/schema\/logo\/image\/\",\"url\":\"http:\/\/www.minhidrocarburos.gob.ve\/wp-content\/uploads\/2024\/12\/Ministerio_de_Hidrocarburos.png\",\"contentUrl\":\"http:\/\/www.minhidrocarburos.gob.ve\/wp-content\/uploads\/2024\/12\/Ministerio_de_Hidrocarburos.png\",\"width\":2320,\"height\":324,\"caption\":\"Ministerio del Poder Popular de Hidrocarburos\"},\"image\":{\"@id\":\"http:\/\/www.minhidrocarburos.gob.ve\/#\/schema\/logo\/image\/\"}}]}<\/script>\n<!-- \/ Yoast SEO plugin. -->","yoast_head_json":{"title":"Banco Soberano de Datos de Petr\u00f3leo y Gas - MinHidrocarburos","description":"Con un rol fundamental en el resguardo, custodia y respaldo de los datos de Exploraci\u00f3n y Producci\u00f3n en materia de hidrocarburos de la Naci\u00f3n, brindando atenci\u00f3n y acompa\u00f1amiento en el proceso de otorgamiento de Licencias de Uso de Datos de Petr\u00f3leo y Gas a PDVSA, filiales, Corporaci\u00f3n Venezolana de Petr\u00f3leo (CVP), Empresas Mixtas y a las Licencias de Gas no asociado; as\u00ed como a potenciales inversionistas nacionales e internacionales.","robots":{"index":"index","follow":"follow","max-snippet":"max-snippet:-1","max-image-preview":"max-image-preview:large","max-video-preview":"max-video-preview:-1"},"canonical":"http:\/\/www.minhidrocarburos.gob.ve\/index.php\/entes-adscritos\/banco-nacional-de-datos\/","og_locale":"es_ES","og_type":"article","og_title":"Banco Soberano de Datos de Petr\u00f3leo y Gas - MinHidrocarburos","og_description":"Con un rol fundamental en el resguardo, custodia y respaldo de los datos de Exploraci\u00f3n y Producci\u00f3n en materia de hidrocarburos de la Naci\u00f3n, brindando atenci\u00f3n y acompa\u00f1amiento en el proceso de otorgamiento de Licencias de Uso de Datos de Petr\u00f3leo y Gas a PDVSA, filiales, Corporaci\u00f3n Venezolana de Petr\u00f3leo (CVP), Empresas Mixtas y a las Licencias de Gas no asociado; as\u00ed como a potenciales inversionistas nacionales e internacionales.","og_url":"http:\/\/www.minhidrocarburos.gob.ve\/index.php\/entes-adscritos\/banco-nacional-de-datos\/","og_site_name":"MinHidrocarburos","article_modified_time":"2026-03-04T19:03:17+00:00","og_image":[{"width":525,"height":525,"url":"http:\/\/www.minhidrocarburos.gob.ve\/wp-content\/uploads\/2025\/02\/Banco_de_Datos.png","type":"image\/png"}],"twitter_card":"summary_large_image","twitter_misc":{"Tiempo de lectura":"2 minutos"},"schema":{"@context":"https:\/\/schema.org","@graph":[{"@type":"WebPage","@id":"http:\/\/www.minhidrocarburos.gob.ve\/index.php\/entes-adscritos\/banco-nacional-de-datos\/","url":"http:\/\/www.minhidrocarburos.gob.ve\/index.php\/entes-adscritos\/banco-nacional-de-datos\/","name":"Banco Soberano de Datos de Petr\u00f3leo y Gas - MinHidrocarburos","isPartOf":{"@id":"http:\/\/www.minhidrocarburos.gob.ve\/#website"},"primaryImageOfPage":{"@id":"http:\/\/www.minhidrocarburos.gob.ve\/index.php\/entes-adscritos\/banco-nacional-de-datos\/#primaryimage"},"image":{"@id":"http:\/\/www.minhidrocarburos.gob.ve\/index.php\/entes-adscritos\/banco-nacional-de-datos\/#primaryimage"},"thumbnailUrl":"http:\/\/www.minhidrocarburos.gob.ve\/wp-content\/uploads\/2025\/02\/Banco_de_Datos.png","datePublished":"2023-07-17T15:16:43+00:00","dateModified":"2026-03-04T19:03:17+00:00","description":"Con un rol fundamental en el resguardo, custodia y respaldo de los datos de Exploraci\u00f3n y Producci\u00f3n en materia de hidrocarburos de la Naci\u00f3n, brindando atenci\u00f3n y acompa\u00f1amiento en el proceso de otorgamiento de Licencias de Uso de Datos de Petr\u00f3leo y Gas a PDVSA, filiales, Corporaci\u00f3n Venezolana de Petr\u00f3leo (CVP), Empresas Mixtas y a las Licencias de Gas no asociado; as\u00ed como a potenciales inversionistas nacionales e internacionales.","breadcrumb":{"@id":"http:\/\/www.minhidrocarburos.gob.ve\/index.php\/entes-adscritos\/banco-nacional-de-datos\/#breadcrumb"},"inLanguage":"es","potentialAction":[{"@type":"ReadAction","target":["http:\/\/www.minhidrocarburos.gob.ve\/index.php\/entes-adscritos\/banco-nacional-de-datos\/"]}]},{"@type":"ImageObject","inLanguage":"es","@id":"http:\/\/www.minhidrocarburos.gob.ve\/index.php\/entes-adscritos\/banco-nacional-de-datos\/#primaryimage","url":"http:\/\/www.minhidrocarburos.gob.ve\/wp-content\/uploads\/2025\/02\/Banco_de_Datos.png","contentUrl":"http:\/\/www.minhidrocarburos.gob.ve\/wp-content\/uploads\/2025\/02\/Banco_de_Datos.png","width":525,"height":525},{"@type":"BreadcrumbList","@id":"http:\/\/www.minhidrocarburos.gob.ve\/index.php\/entes-adscritos\/banco-nacional-de-datos\/#breadcrumb","itemListElement":[{"@type":"ListItem","position":1,"name":"ENTES ADSCRITOS","item":"http:\/\/www.minhidrocarburos.gob.ve\/index.php\/entes-adscritos\/"},{"@type":"ListItem","position":2,"name":"Banco Soberano de Datos de Petr\u00f3leo y Gas"}]},{"@type":"WebSite","@id":"http:\/\/www.minhidrocarburos.gob.ve\/#website","url":"http:\/\/www.minhidrocarburos.gob.ve\/","name":"Minhidrocarburos","description":"Regulaci\u00f3n, formulaci\u00f3n y seguimiento de pol\u00edticas; la planificaci\u00f3n, realizaci\u00f3n y fiscalizaci\u00f3n en materia de hidrocarburos","publisher":{"@id":"http:\/\/www.minhidrocarburos.gob.ve\/#organization"},"potentialAction":[{"@type":"SearchAction","target":{"@type":"EntryPoint","urlTemplate":"http:\/\/www.minhidrocarburos.gob.ve\/?s={search_term_string}"},"query-input":{"@type":"PropertyValueSpecification","valueRequired":true,"valueName":"search_term_string"}}],"inLanguage":"es"},{"@type":"Organization","@id":"http:\/\/www.minhidrocarburos.gob.ve\/#organization","name":"Ministerio del Poder Popular de Hidrocarburos","url":"http:\/\/www.minhidrocarburos.gob.ve\/","logo":{"@type":"ImageObject","inLanguage":"es","@id":"http:\/\/www.minhidrocarburos.gob.ve\/#\/schema\/logo\/image\/","url":"http:\/\/www.minhidrocarburos.gob.ve\/wp-content\/uploads\/2024\/12\/Ministerio_de_Hidrocarburos.png","contentUrl":"http:\/\/www.minhidrocarburos.gob.ve\/wp-content\/uploads\/2024\/12\/Ministerio_de_Hidrocarburos.png","width":2320,"height":324,"caption":"Ministerio del Poder Popular de Hidrocarburos"},"image":{"@id":"http:\/\/www.minhidrocarburos.gob.ve\/#\/schema\/logo\/image\/"}}]}},"_links":{"self":[{"href":"http:\/\/www.minhidrocarburos.gob.ve\/index.php\/wp-json\/wp\/v2\/pages\/1226","targetHints":{"allow":["GET"]}}],"collection":[{"href":"http:\/\/www.minhidrocarburos.gob.ve\/index.php\/wp-json\/wp\/v2\/pages"}],"about":[{"href":"http:\/\/www.minhidrocarburos.gob.ve\/index.php\/wp-json\/wp\/v2\/types\/page"}],"author":[{"embeddable":true,"href":"http:\/\/www.minhidrocarburos.gob.ve\/index.php\/wp-json\/wp\/v2\/users\/1"}],"replies":[{"embeddable":true,"href":"http:\/\/www.minhidrocarburos.gob.ve\/index.php\/wp-json\/wp\/v2\/comments?post=1226"}],"version-history":[{"count":20,"href":"http:\/\/www.minhidrocarburos.gob.ve\/index.php\/wp-json\/wp\/v2\/pages\/1226\/revisions"}],"predecessor-version":[{"id":5066,"href":"http:\/\/www.minhidrocarburos.gob.ve\/index.php\/wp-json\/wp\/v2\/pages\/1226\/revisions\/5066"}],"up":[{"embeddable":true,"href":"http:\/\/www.minhidrocarburos.gob.ve\/index.php\/wp-json\/wp\/v2\/pages\/494"}],"wp:attachment":[{"href":"http:\/\/www.minhidrocarburos.gob.ve\/index.php\/wp-json\/wp\/v2\/media?parent=1226"}],"curies":[{"name":"wp","href":"https:\/\/api.w.org\/{rel}","templated":true}]}}