

{"id":1281,"date":"2023-07-18T15:19:00","date_gmt":"2023-07-18T15:19:00","guid":{"rendered":"http:\/\/192.168.25.123\/minpet\/?page_id=1281"},"modified":"2025-02-13T14:07:09","modified_gmt":"2025-02-13T18:07:09","slug":"somos-gas","status":"publish","type":"page","link":"http:\/\/www.minhidrocarburos.gob.ve\/index.php\/somos-gas\/","title":{"rendered":"Gas"},"content":{"rendered":"<style>.kb-image1281_0bbe38-98.kb-image-is-ratio-size, .kb-image1281_0bbe38-98 .kb-image-is-ratio-size{max-width:804px;width:100%;}.wp-block-kadence-column > .kt-inside-inner-col > .kb-image1281_0bbe38-98.kb-image-is-ratio-size, .wp-block-kadence-column > .kt-inside-inner-col > .kb-image1281_0bbe38-98 .kb-image-is-ratio-size{align-self:unset;}.kb-image1281_0bbe38-98 figure{max-width:804px;}.kb-image1281_0bbe38-98 .image-is-svg, .kb-image1281_0bbe38-98 .image-is-svg img{width:100%;}.kb-image1281_0bbe38-98 .kb-image-has-overlay:after{opacity:0.3;border-top-left-radius:0px;border-top-right-radius:300px;border-bottom-right-radius:200px;border-bottom-left-radius:300px;}.kb-image1281_0bbe38-98 img.kb-img, .kb-image1281_0bbe38-98 .kb-img img{border-top-left-radius:0px;border-top-right-radius:300px;border-bottom-right-radius:200px;border-bottom-left-radius:300px;}@media all and (max-width: 1024px){.kb-image1281_0bbe38-98 .kb-image-has-overlay:after{border-top-left-radius:20px;border-top-right-radius:20px;border-bottom-right-radius:20px;border-bottom-left-radius:20px;}}@media all and (max-width: 1024px){.kb-image1281_0bbe38-98 img.kb-img, .kb-image1281_0bbe38-98 .kb-img img{border-top-left-radius:20px;border-top-right-radius:20px;border-bottom-right-radius:20px;border-bottom-left-radius:20px;}}@media all and (max-width: 767px){.kb-image1281_0bbe38-98 .kb-image-has-overlay:after{border-top-left-radius:20px;border-top-right-radius:20px;border-bottom-right-radius:20px;border-bottom-left-radius:20px;}.kb-image1281_0bbe38-98 img.kb-img, .kb-image1281_0bbe38-98 .kb-img img{border-top-left-radius:20px;border-top-right-radius:20px;border-bottom-right-radius:20px;border-bottom-left-radius:20px;}}<\/style>\n<div class=\"wp-block-kadence-image kb-image1281_0bbe38-98\"><figure class=\"aligncenter size-full\"><img loading=\"lazy\" decoding=\"async\" width=\"1024\" height=\"681\" src=\"http:\/\/www.minpet.gob.ve\/wp-content\/uploads\/2024\/05\/CRP.jpg\" alt=\"\" class=\"kb-img wp-image-2646\" srcset=\"http:\/\/www.minhidrocarburos.gob.ve\/wp-content\/uploads\/2024\/05\/CRP.jpg 1024w, http:\/\/www.minhidrocarburos.gob.ve\/wp-content\/uploads\/2024\/05\/CRP-300x200.jpg 300w, http:\/\/www.minhidrocarburos.gob.ve\/wp-content\/uploads\/2024\/05\/CRP-768x511.jpg 768w, http:\/\/www.minhidrocarburos.gob.ve\/wp-content\/uploads\/2024\/05\/CRP-600x400.jpg 600w\" sizes=\"auto, (max-width: 1024px) 100vw, 1024px\" \/><\/figure><\/div>\n\n\n\n<p>Venezuela se sit\u00faa en el octavo lugar a escala mundial de reservas de gas, reservas que ascienden a 200,3 Billones de Pies C\u00fabicos Normales (MMMPCN), seg\u00fan la resoluci\u00f3n 044 de la Gaceta Oficial de la Rep\u00fablica Bolivariana de Venezuela Nro. 41.648, de fecha 5 de junio de 2019, lo que ubica a nuestro pa\u00eds como una potencia gas\u00edfera y a la vanguardia en esta industria que desarrolla el potencial energ\u00e9tico del futuro.<\/p>\n\n\n\n<p>El gas natural es una mezcla de compuestos de hidr\u00f3geno, carbono y peque\u00f1as cantidades de agregados no-hidrocarburos, en fase gaseosa o en soluci\u00f3n con el petr\u00f3leo crudo que existe en los yacimientos. La mol\u00e9cula del gas natural est\u00e1 compuesta por un \u00e1tomo de carbono y cuatro de hidr\u00f3geno, y se representa con la f\u00f3rmula CH4.<\/p>\n\n\n\n<p>PDVSA Gas es la filial de Petr\u00f3leos de Venezuela, S. A., (PDVSA) dedicada a la explotaci\u00f3n y aprovechamiento del gas natural como fuente de energ\u00eda, para atender la demanda interna de los sectores dom\u00e9stico, comercial e industrial, contribuyendo as\u00ed al desarrollo de la Naci\u00f3n.<\/p>\n\n\n\n<p>La producci\u00f3n impulsada por el Gobierno Nacional est\u00e1 destinada a satisfacer el crecimiento en la demanda de gas y condensados de los sectores el\u00e9ctrico, petroqu\u00edmico, industrial y de refinaci\u00f3n.<\/p>\n\n\n\n<p>El gas natural representa una de las m\u00e1s importantes fuentes de energ\u00eda utilizadas por todo el planeta, tanto para uso dom\u00e9stico, como para uso industrial o comercial. El gas natural es un recurso no renovable, principal materia prima para el fortalecimiento de la industria petroqu\u00edmica.<\/p>\n\n\n\n<p>Todo este esfuerzo del Gobierno Bolivariano por convertir a Venezuela en una potencia gas\u00edfera, est\u00e1 enmarcado en las l\u00edneas estrat\u00e9gicas de la Ley del Plan de la Patria 2013-2019, ideado por el Comandante Eterno Hugo Ch\u00e1vez, y que continua bajo la conducci\u00f3n del presidente de la Rep\u00fablica, Nicol\u00e1s Maduro Moros.<\/p>\n","protected":false},"excerpt":{"rendered":"<p>Venezuela se sit\u00faa en el octavo lugar a escala mundial de reservas de gas, reservas que ascienden a 200,3 Billones de Pies C\u00fabicos Normales (MMMPCN), seg\u00fan la resoluci\u00f3n 044 de la Gaceta Oficial de la Rep\u00fablica Bolivariana de Venezuela Nro. 41.648, de fecha 5 de junio de 2019, lo que ubica a nuestro pa\u00eds como&hellip;&nbsp;<a href=\"http:\/\/www.minhidrocarburos.gob.ve\/index.php\/somos-gas\/\" rel=\"bookmark\">Leer m\u00e1s &raquo;<span class=\"screen-reader-text\">Gas<\/span><\/a><\/p>\n","protected":false},"author":1,"featured_media":915,"parent":0,"menu_order":0,"comment_status":"closed","ping_status":"closed","template":"","meta":{"_editorskit_title_hidden":false,"_editorskit_reading_time":0,"_editorskit_is_block_options_detached":false,"_editorskit_block_options_position":"{}","neve_meta_sidebar":"default","neve_meta_container":"","neve_meta_enable_content_width":"","neve_meta_content_width":0,"neve_meta_title_alignment":"","neve_meta_author_avatar":"","neve_post_elements_order":"","neve_meta_disable_header":"","neve_meta_disable_footer":"","neve_meta_disable_title":"","footnotes":""},"class_list":["post-1281","page","type-page","status-publish","has-post-thumbnail","hentry"],"yoast_head":"<!-- This site is optimized with the Yoast SEO plugin v27.2 - https:\/\/yoast.com\/product\/yoast-seo-wordpress\/ -->\n<title>Gas - MinHidrocarburos<\/title>\n<meta name=\"robots\" content=\"index, follow, max-snippet:-1, max-image-preview:large, max-video-preview:-1\" \/>\n<link rel=\"canonical\" href=\"http:\/\/www.minhidrocarburos.gob.ve\/index.php\/somos-gas\/\" \/>\n<meta property=\"og:locale\" content=\"es_ES\" \/>\n<meta property=\"og:type\" content=\"article\" \/>\n<meta property=\"og:title\" content=\"Gas - MinHidrocarburos\" \/>\n<meta property=\"og:description\" content=\"Venezuela se sit\u00faa en el octavo lugar a escala mundial de reservas de gas, reservas que ascienden a 200,3 Billones de Pies C\u00fabicos Normales (MMMPCN), seg\u00fan la resoluci\u00f3n 044 de la Gaceta Oficial de la Rep\u00fablica Bolivariana de Venezuela Nro. 41.648, de fecha 5 de junio de 2019, lo que ubica a nuestro pa\u00eds como&hellip;&nbsp;Leer m\u00e1s &raquo;Gas\" \/>\n<meta property=\"og:url\" content=\"http:\/\/www.minhidrocarburos.gob.ve\/index.php\/somos-gas\/\" \/>\n<meta property=\"og:site_name\" content=\"MinHidrocarburos\" \/>\n<meta property=\"article:modified_time\" content=\"2025-02-13T18:07:09+00:00\" \/>\n<meta property=\"og:image\" content=\"http:\/\/www.minhidrocarburos.gob.ve\/wp-content\/uploads\/2023\/07\/CRP.jpg\" \/>\n\t<meta property=\"og:image:width\" content=\"1024\" \/>\n\t<meta property=\"og:image:height\" content=\"681\" \/>\n\t<meta property=\"og:image:type\" content=\"image\/jpeg\" \/>\n<meta name=\"twitter:card\" content=\"summary_large_image\" \/>\n<meta name=\"twitter:label1\" content=\"Tiempo de lectura\" \/>\n\t<meta name=\"twitter:data1\" content=\"2 minutos\" \/>\n<script type=\"application\/ld+json\" class=\"yoast-schema-graph\">{\"@context\":\"https:\/\/schema.org\",\"@graph\":[{\"@type\":\"WebPage\",\"@id\":\"http:\/\/www.minhidrocarburos.gob.ve\/index.php\/somos-gas\/\",\"url\":\"http:\/\/www.minhidrocarburos.gob.ve\/index.php\/somos-gas\/\",\"name\":\"Gas - MinHidrocarburos\",\"isPartOf\":{\"@id\":\"http:\/\/www.minhidrocarburos.gob.ve\/#website\"},\"primaryImageOfPage\":{\"@id\":\"http:\/\/www.minhidrocarburos.gob.ve\/index.php\/somos-gas\/#primaryimage\"},\"image\":{\"@id\":\"http:\/\/www.minhidrocarburos.gob.ve\/index.php\/somos-gas\/#primaryimage\"},\"thumbnailUrl\":\"http:\/\/www.minhidrocarburos.gob.ve\/wp-content\/uploads\/2023\/07\/CRP.jpg\",\"datePublished\":\"2023-07-18T15:19:00+00:00\",\"dateModified\":\"2025-02-13T18:07:09+00:00\",\"inLanguage\":\"es\",\"potentialAction\":[{\"@type\":\"ReadAction\",\"target\":[\"http:\/\/www.minhidrocarburos.gob.ve\/index.php\/somos-gas\/\"]}]},{\"@type\":\"ImageObject\",\"inLanguage\":\"es\",\"@id\":\"http:\/\/www.minhidrocarburos.gob.ve\/index.php\/somos-gas\/#primaryimage\",\"url\":\"http:\/\/www.minhidrocarburos.gob.ve\/wp-content\/uploads\/2023\/07\/CRP.jpg\",\"contentUrl\":\"http:\/\/www.minhidrocarburos.gob.ve\/wp-content\/uploads\/2023\/07\/CRP.jpg\",\"width\":1024,\"height\":681,\"caption\":\"GAS\"},{\"@type\":\"WebSite\",\"@id\":\"http:\/\/www.minhidrocarburos.gob.ve\/#website\",\"url\":\"http:\/\/www.minhidrocarburos.gob.ve\/\",\"name\":\"Minhidrocarburos\",\"description\":\"Regulaci\u00f3n, formulaci\u00f3n y seguimiento de pol\u00edticas; la planificaci\u00f3n, realizaci\u00f3n y fiscalizaci\u00f3n en materia de hidrocarburos\",\"publisher\":{\"@id\":\"http:\/\/www.minhidrocarburos.gob.ve\/#organization\"},\"potentialAction\":[{\"@type\":\"SearchAction\",\"target\":{\"@type\":\"EntryPoint\",\"urlTemplate\":\"http:\/\/www.minhidrocarburos.gob.ve\/?s={search_term_string}\"},\"query-input\":{\"@type\":\"PropertyValueSpecification\",\"valueRequired\":true,\"valueName\":\"search_term_string\"}}],\"inLanguage\":\"es\"},{\"@type\":\"Organization\",\"@id\":\"http:\/\/www.minhidrocarburos.gob.ve\/#organization\",\"name\":\"Ministerio del Poder Popular de Hidrocarburos\",\"url\":\"http:\/\/www.minhidrocarburos.gob.ve\/\",\"logo\":{\"@type\":\"ImageObject\",\"inLanguage\":\"es\",\"@id\":\"http:\/\/www.minhidrocarburos.gob.ve\/#\/schema\/logo\/image\/\",\"url\":\"http:\/\/www.minhidrocarburos.gob.ve\/wp-content\/uploads\/2024\/12\/Ministerio_de_Hidrocarburos.png\",\"contentUrl\":\"http:\/\/www.minhidrocarburos.gob.ve\/wp-content\/uploads\/2024\/12\/Ministerio_de_Hidrocarburos.png\",\"width\":2320,\"height\":324,\"caption\":\"Ministerio del Poder Popular de Hidrocarburos\"},\"image\":{\"@id\":\"http:\/\/www.minhidrocarburos.gob.ve\/#\/schema\/logo\/image\/\"}}]}<\/script>\n<!-- \/ Yoast SEO plugin. -->","yoast_head_json":{"title":"Gas - MinHidrocarburos","robots":{"index":"index","follow":"follow","max-snippet":"max-snippet:-1","max-image-preview":"max-image-preview:large","max-video-preview":"max-video-preview:-1"},"canonical":"http:\/\/www.minhidrocarburos.gob.ve\/index.php\/somos-gas\/","og_locale":"es_ES","og_type":"article","og_title":"Gas - MinHidrocarburos","og_description":"Venezuela se sit\u00faa en el octavo lugar a escala mundial de reservas de gas, reservas que ascienden a 200,3 Billones de Pies C\u00fabicos Normales (MMMPCN), seg\u00fan la resoluci\u00f3n 044 de la Gaceta Oficial de la Rep\u00fablica Bolivariana de Venezuela Nro. 41.648, de fecha 5 de junio de 2019, lo que ubica a nuestro pa\u00eds como&hellip;&nbsp;Leer m\u00e1s &raquo;Gas","og_url":"http:\/\/www.minhidrocarburos.gob.ve\/index.php\/somos-gas\/","og_site_name":"MinHidrocarburos","article_modified_time":"2025-02-13T18:07:09+00:00","og_image":[{"width":1024,"height":681,"url":"http:\/\/www.minhidrocarburos.gob.ve\/wp-content\/uploads\/2023\/07\/CRP.jpg","type":"image\/jpeg"}],"twitter_card":"summary_large_image","twitter_misc":{"Tiempo de lectura":"2 minutos"},"schema":{"@context":"https:\/\/schema.org","@graph":[{"@type":"WebPage","@id":"http:\/\/www.minhidrocarburos.gob.ve\/index.php\/somos-gas\/","url":"http:\/\/www.minhidrocarburos.gob.ve\/index.php\/somos-gas\/","name":"Gas - MinHidrocarburos","isPartOf":{"@id":"http:\/\/www.minhidrocarburos.gob.ve\/#website"},"primaryImageOfPage":{"@id":"http:\/\/www.minhidrocarburos.gob.ve\/index.php\/somos-gas\/#primaryimage"},"image":{"@id":"http:\/\/www.minhidrocarburos.gob.ve\/index.php\/somos-gas\/#primaryimage"},"thumbnailUrl":"http:\/\/www.minhidrocarburos.gob.ve\/wp-content\/uploads\/2023\/07\/CRP.jpg","datePublished":"2023-07-18T15:19:00+00:00","dateModified":"2025-02-13T18:07:09+00:00","inLanguage":"es","potentialAction":[{"@type":"ReadAction","target":["http:\/\/www.minhidrocarburos.gob.ve\/index.php\/somos-gas\/"]}]},{"@type":"ImageObject","inLanguage":"es","@id":"http:\/\/www.minhidrocarburos.gob.ve\/index.php\/somos-gas\/#primaryimage","url":"http:\/\/www.minhidrocarburos.gob.ve\/wp-content\/uploads\/2023\/07\/CRP.jpg","contentUrl":"http:\/\/www.minhidrocarburos.gob.ve\/wp-content\/uploads\/2023\/07\/CRP.jpg","width":1024,"height":681,"caption":"GAS"},{"@type":"WebSite","@id":"http:\/\/www.minhidrocarburos.gob.ve\/#website","url":"http:\/\/www.minhidrocarburos.gob.ve\/","name":"Minhidrocarburos","description":"Regulaci\u00f3n, formulaci\u00f3n y seguimiento de pol\u00edticas; la planificaci\u00f3n, realizaci\u00f3n y fiscalizaci\u00f3n en materia de hidrocarburos","publisher":{"@id":"http:\/\/www.minhidrocarburos.gob.ve\/#organization"},"potentialAction":[{"@type":"SearchAction","target":{"@type":"EntryPoint","urlTemplate":"http:\/\/www.minhidrocarburos.gob.ve\/?s={search_term_string}"},"query-input":{"@type":"PropertyValueSpecification","valueRequired":true,"valueName":"search_term_string"}}],"inLanguage":"es"},{"@type":"Organization","@id":"http:\/\/www.minhidrocarburos.gob.ve\/#organization","name":"Ministerio del Poder Popular de Hidrocarburos","url":"http:\/\/www.minhidrocarburos.gob.ve\/","logo":{"@type":"ImageObject","inLanguage":"es","@id":"http:\/\/www.minhidrocarburos.gob.ve\/#\/schema\/logo\/image\/","url":"http:\/\/www.minhidrocarburos.gob.ve\/wp-content\/uploads\/2024\/12\/Ministerio_de_Hidrocarburos.png","contentUrl":"http:\/\/www.minhidrocarburos.gob.ve\/wp-content\/uploads\/2024\/12\/Ministerio_de_Hidrocarburos.png","width":2320,"height":324,"caption":"Ministerio del Poder Popular de Hidrocarburos"},"image":{"@id":"http:\/\/www.minhidrocarburos.gob.ve\/#\/schema\/logo\/image\/"}}]}},"_links":{"self":[{"href":"http:\/\/www.minhidrocarburos.gob.ve\/index.php\/wp-json\/wp\/v2\/pages\/1281","targetHints":{"allow":["GET"]}}],"collection":[{"href":"http:\/\/www.minhidrocarburos.gob.ve\/index.php\/wp-json\/wp\/v2\/pages"}],"about":[{"href":"http:\/\/www.minhidrocarburos.gob.ve\/index.php\/wp-json\/wp\/v2\/types\/page"}],"author":[{"embeddable":true,"href":"http:\/\/www.minhidrocarburos.gob.ve\/index.php\/wp-json\/wp\/v2\/users\/1"}],"replies":[{"embeddable":true,"href":"http:\/\/www.minhidrocarburos.gob.ve\/index.php\/wp-json\/wp\/v2\/comments?post=1281"}],"version-history":[{"count":13,"href":"http:\/\/www.minhidrocarburos.gob.ve\/index.php\/wp-json\/wp\/v2\/pages\/1281\/revisions"}],"predecessor-version":[{"id":3686,"href":"http:\/\/www.minhidrocarburos.gob.ve\/index.php\/wp-json\/wp\/v2\/pages\/1281\/revisions\/3686"}],"wp:featuredmedia":[{"embeddable":true,"href":"http:\/\/www.minhidrocarburos.gob.ve\/index.php\/wp-json\/wp\/v2\/media\/915"}],"wp:attachment":[{"href":"http:\/\/www.minhidrocarburos.gob.ve\/index.php\/wp-json\/wp\/v2\/media?parent=1281"}],"curies":[{"name":"wp","href":"https:\/\/api.w.org\/{rel}","templated":true}]}}