


{"id":1287,"date":"2023-07-18T15:33:16","date_gmt":"2023-07-18T15:33:16","guid":{"rendered":"http:\/\/192.168.25.123\/minpet\/?page_id=1287"},"modified":"2025-06-03T11:15:30","modified_gmt":"2025-06-03T15:15:30","slug":"somos-petroquimica","status":"publish","type":"page","link":"http:\/\/www.minhidrocarburos.gob.ve\/index.php\/somos-petroquimica\/","title":{"rendered":"Petroqu\u00edmica"},"content":{"rendered":"<style>.kb-image1287_96ae1e-53.kb-image-is-ratio-size, .kb-image1287_96ae1e-53 .kb-image-is-ratio-size{max-width:825px;width:100%;}.wp-block-kadence-column > .kt-inside-inner-col > .kb-image1287_96ae1e-53.kb-image-is-ratio-size, .wp-block-kadence-column > .kt-inside-inner-col > .kb-image1287_96ae1e-53 .kb-image-is-ratio-size{align-self:unset;}.kb-image1287_96ae1e-53 figure{max-width:825px;}.kb-image1287_96ae1e-53 .image-is-svg, .kb-image1287_96ae1e-53 .image-is-svg img{width:100%;}.kb-image1287_96ae1e-53 .kb-image-has-overlay:after{opacity:0.3;border-top-left-radius:0px;border-top-right-radius:300px;border-bottom-right-radius:200px;border-bottom-left-radius:300px;}.kb-image1287_96ae1e-53 img.kb-img, .kb-image1287_96ae1e-53 .kb-img img{border-top-left-radius:0px;border-top-right-radius:300px;border-bottom-right-radius:200px;border-bottom-left-radius:300px;}@media all and (max-width: 1024px){.kb-image1287_96ae1e-53 .kb-image-has-overlay:after{border-top-left-radius:20px;border-top-right-radius:20px;border-bottom-right-radius:20px;border-bottom-left-radius:20px;}}@media all and (max-width: 1024px){.kb-image1287_96ae1e-53 img.kb-img, .kb-image1287_96ae1e-53 .kb-img img{border-top-left-radius:20px;border-top-right-radius:20px;border-bottom-right-radius:20px;border-bottom-left-radius:20px;}}@media all and (max-width: 767px){.kb-image1287_96ae1e-53 .kb-image-has-overlay:after{border-top-left-radius:20px;border-top-right-radius:20px;border-bottom-right-radius:20px;border-bottom-left-radius:20px;}.kb-image1287_96ae1e-53 img.kb-img, .kb-image1287_96ae1e-53 .kb-img img{border-top-left-radius:20px;border-top-right-radius:20px;border-bottom-right-radius:20px;border-bottom-left-radius:20px;}}<\/style>\n<div class=\"wp-block-kadence-image kb-image1287_96ae1e-53\"><figure class=\"aligncenter\"><img loading=\"lazy\" decoding=\"async\" width=\"1536\" height=\"1014\" src=\"http:\/\/www.minpet.gob.ve\/wp-content\/uploads\/2024\/06\/Petroquimica-1536x1014-1.jpg\" alt=\"\" class=\"kb-img wp-image-2727\" srcset=\"http:\/\/www.minhidrocarburos.gob.ve\/wp-content\/uploads\/2024\/06\/Petroquimica-1536x1014-1.jpg 1536w, http:\/\/www.minhidrocarburos.gob.ve\/wp-content\/uploads\/2024\/06\/Petroquimica-1536x1014-1-300x198.jpg 300w, http:\/\/www.minhidrocarburos.gob.ve\/wp-content\/uploads\/2024\/06\/Petroquimica-1536x1014-1-1024x676.jpg 1024w, http:\/\/www.minhidrocarburos.gob.ve\/wp-content\/uploads\/2024\/06\/Petroquimica-1536x1014-1-768x507.jpg 768w\" sizes=\"auto, (max-width: 1536px) 100vw, 1536px\" \/><\/figure><\/div>\n\n\n\n<p>Venezuela cuenta con la potencialidad de desarrollar la petroqu\u00edmica, por lo que este sector se convierte en motor fundamental de la Agenda Econ\u00f3mica Bolivariana, impulsada por el presidente Nicol\u00e1s Maduro, en el marco del fortalecimiento del modelo productivo socialista, post petrolero.<\/p>\n\n\n\n<p>El impulso de nuevos desarrollos petroqu\u00edmicos se enmarca en el Motor Petroqu\u00edmico, proceso desarrollado por medio de la empresa del Estado, Petroqu\u00edmica de Venezuela S.A. (Pequiven), creada en 1977, adscrita al Ministerio del Poder Popular de Hidrocarburos, cuyas acciones son exclusiva propiedad de la Rep\u00fablica Bolivariana de Venezuela.<\/p>\n\n\n\n<p>Pequiven estimula el desarrollo agr\u00edcola e industrial de las cadenas productivas y promueve el equilibrio social con alta sensibilidad comunitaria y ecol\u00f3gica. Su visi\u00f3n internacional del negocio y la vinculaci\u00f3n con importantes socios le ha permitido consolidar una importante presencia en los mercados de la regi\u00f3n, as\u00ed como en otras partes del mundo, actualmente ofrece a los mercados nacional e internacional un sinf\u00edn de productos petroqu\u00edmicos.<\/p>\n\n\n\n<p>La estatal fomenta y desarrolla las actividades petroqu\u00edmicas que se llevan a cabo a lo largo del Eje Norte \u2013 Costero, espec\u00edficamente en los estados Zulia, Carabobo y Anzo\u00e1tegui, donde se generan fertilizantes nitrogenados y fosfatados, olefinas y pl\u00e1sticos, as\u00ed como productos qu\u00edmicos destinados a satisfacer los requerimientos de rubros en el mercado nacional, garantizar la soberan\u00eda agroalimentaria y el desarrollo industrial y tecnol\u00f3gico.<\/p>\n\n\n\n<p>A fin de reforzar su aporte a la construcci\u00f3n del modelo productivo socialista, Pequiven cuenta con tres complejos petroqu\u00edmicos: Hugo Ch\u00e1vez, Ana Mar\u00eda Campos y Jos\u00e9 Antonio Anzo\u00e1tegui, ubicados en los estados Carabobo, Zulia y Anzo\u00e1tegui, respectivamente.<\/p>\n\n\n\n<p>El 5 de abril de 2014 inici\u00f3 la producci\u00f3n de \u00darea en la nueva planta del Complejo Petroqu\u00edmico Hugo Ch\u00e1vez, ubicado en Mor\u00f3n del estado Carabobo.<\/p>\n\n\n\n<p>El 30 de diciembre de 2015 se realiz\u00f3 una Reforma de la Ley para el Desarrollo de las Actividades Petroqu\u00edmicas, dictada por el presidente de la Rep\u00fablica Bolivariana de Venezuela, Nicol\u00e1s Maduro, enmarcada en un nuevo modelo econ\u00f3mico productivo.<\/p>\n","protected":false},"excerpt":{"rendered":"<p>Venezuela cuenta con la potencialidad de desarrollar la petroqu\u00edmica, por lo que este sector se convierte en motor fundamental de la Agenda Econ\u00f3mica Bolivariana, impulsada por el presidente Nicol\u00e1s Maduro, en el marco del fortalecimiento del modelo productivo socialista, post petrolero. El impulso de nuevos desarrollos petroqu\u00edmicos se enmarca en el Motor Petroqu\u00edmico, proceso desarrollado&hellip;&nbsp;<a href=\"http:\/\/www.minhidrocarburos.gob.ve\/index.php\/somos-petroquimica\/\" rel=\"bookmark\">Leer m\u00e1s &raquo;<span class=\"screen-reader-text\">Petroqu\u00edmica<\/span><\/a><\/p>\n","protected":false},"author":1,"featured_media":916,"parent":0,"menu_order":0,"comment_status":"closed","ping_status":"closed","template":"","meta":{"_editorskit_title_hidden":false,"_editorskit_reading_time":0,"_editorskit_is_block_options_detached":false,"_editorskit_block_options_position":"{}","neve_meta_sidebar":"","neve_meta_container":"","neve_meta_enable_content_width":"","neve_meta_content_width":0,"neve_meta_title_alignment":"","neve_meta_author_avatar":"","neve_post_elements_order":"","neve_meta_disable_header":"","neve_meta_disable_footer":"","neve_meta_disable_title":"","footnotes":""},"class_list":["post-1287","page","type-page","status-publish","has-post-thumbnail","hentry"],"yoast_head":"<!-- This site is optimized with the Yoast SEO plugin v27.1.1 - https:\/\/yoast.com\/product\/yoast-seo-wordpress\/ -->\n<title>Petroqu\u00edmica - MinHidrocarburos<\/title>\n<meta name=\"robots\" content=\"index, follow, max-snippet:-1, max-image-preview:large, max-video-preview:-1\" \/>\n<link rel=\"canonical\" href=\"http:\/\/minhidrocarburos.gob.ve\/index.php\/somos-petroquimica\/\" \/>\n<meta property=\"og:locale\" content=\"es_ES\" \/>\n<meta property=\"og:type\" content=\"article\" \/>\n<meta property=\"og:title\" content=\"Petroqu\u00edmica - MinHidrocarburos\" \/>\n<meta property=\"og:description\" content=\"Venezuela cuenta con la potencialidad de desarrollar la petroqu\u00edmica, por lo que este sector se convierte en motor fundamental de la Agenda Econ\u00f3mica Bolivariana, impulsada por el presidente Nicol\u00e1s Maduro, en el marco del fortalecimiento del modelo productivo socialista, post petrolero. El impulso de nuevos desarrollos petroqu\u00edmicos se enmarca en el Motor Petroqu\u00edmico, proceso desarrollado&hellip;&nbsp;Leer m\u00e1s &raquo;Petroqu\u00edmica\" \/>\n<meta property=\"og:url\" content=\"http:\/\/minhidrocarburos.gob.ve\/index.php\/somos-petroquimica\/\" \/>\n<meta property=\"og:site_name\" content=\"MinHidrocarburos\" \/>\n<meta property=\"article:modified_time\" content=\"2025-06-03T15:15:30+00:00\" \/>\n<meta property=\"og:image\" content=\"http:\/\/minhidrocarburos.gob.ve\/wp-content\/uploads\/2023\/07\/Petroquimica.jpg\" \/>\n\t<meta property=\"og:image:width\" content=\"2000\" \/>\n\t<meta property=\"og:image:height\" content=\"1320\" \/>\n\t<meta property=\"og:image:type\" content=\"image\/jpeg\" \/>\n<meta name=\"twitter:card\" content=\"summary_large_image\" \/>\n<meta name=\"twitter:label1\" content=\"Tiempo de lectura\" \/>\n\t<meta name=\"twitter:data1\" content=\"2 minutos\" \/>\n<script type=\"application\/ld+json\" class=\"yoast-schema-graph\">{\"@context\":\"https:\/\/schema.org\",\"@graph\":[{\"@type\":\"WebPage\",\"@id\":\"http:\/\/minhidrocarburos.gob.ve\/index.php\/somos-petroquimica\/\",\"url\":\"http:\/\/minhidrocarburos.gob.ve\/index.php\/somos-petroquimica\/\",\"name\":\"Petroqu\u00edmica - MinHidrocarburos\",\"isPartOf\":{\"@id\":\"http:\/\/minhidrocarburos.gob.ve\/#website\"},\"primaryImageOfPage\":{\"@id\":\"http:\/\/minhidrocarburos.gob.ve\/index.php\/somos-petroquimica\/#primaryimage\"},\"image\":{\"@id\":\"http:\/\/minhidrocarburos.gob.ve\/index.php\/somos-petroquimica\/#primaryimage\"},\"thumbnailUrl\":\"http:\/\/www.minhidrocarburos.gob.ve\/wp-content\/uploads\/2023\/07\/Petroquimica.jpg\",\"datePublished\":\"2023-07-18T15:33:16+00:00\",\"dateModified\":\"2025-06-03T15:15:30+00:00\",\"inLanguage\":\"es\",\"potentialAction\":[{\"@type\":\"ReadAction\",\"target\":[\"http:\/\/minhidrocarburos.gob.ve\/index.php\/somos-petroquimica\/\"]}]},{\"@type\":\"ImageObject\",\"inLanguage\":\"es\",\"@id\":\"http:\/\/minhidrocarburos.gob.ve\/index.php\/somos-petroquimica\/#primaryimage\",\"url\":\"http:\/\/www.minhidrocarburos.gob.ve\/wp-content\/uploads\/2023\/07\/Petroquimica.jpg\",\"contentUrl\":\"http:\/\/www.minhidrocarburos.gob.ve\/wp-content\/uploads\/2023\/07\/Petroquimica.jpg\",\"width\":2000,\"height\":1320,\"caption\":\"PETROQU\u00cdMICA\"},{\"@type\":\"WebSite\",\"@id\":\"http:\/\/minhidrocarburos.gob.ve\/#website\",\"url\":\"http:\/\/minhidrocarburos.gob.ve\/\",\"name\":\"Minhidrocarburos\",\"description\":\"Regulaci\u00f3n, formulaci\u00f3n y seguimiento de pol\u00edticas; la planificaci\u00f3n, realizaci\u00f3n y fiscalizaci\u00f3n en materia de hidrocarburos\",\"publisher\":{\"@id\":\"http:\/\/minhidrocarburos.gob.ve\/#organization\"},\"potentialAction\":[{\"@type\":\"SearchAction\",\"target\":{\"@type\":\"EntryPoint\",\"urlTemplate\":\"http:\/\/minhidrocarburos.gob.ve\/?s={search_term_string}\"},\"query-input\":{\"@type\":\"PropertyValueSpecification\",\"valueRequired\":true,\"valueName\":\"search_term_string\"}}],\"inLanguage\":\"es\"},{\"@type\":\"Organization\",\"@id\":\"http:\/\/minhidrocarburos.gob.ve\/#organization\",\"name\":\"Ministerio del Poder Popular de Hidrocarburos\",\"url\":\"http:\/\/minhidrocarburos.gob.ve\/\",\"logo\":{\"@type\":\"ImageObject\",\"inLanguage\":\"es\",\"@id\":\"http:\/\/minhidrocarburos.gob.ve\/#\/schema\/logo\/image\/\",\"url\":\"http:\/\/www.minhidrocarburos.gob.ve\/wp-content\/uploads\/2024\/12\/Ministerio_de_Hidrocarburos.png\",\"contentUrl\":\"http:\/\/www.minhidrocarburos.gob.ve\/wp-content\/uploads\/2024\/12\/Ministerio_de_Hidrocarburos.png\",\"width\":2320,\"height\":324,\"caption\":\"Ministerio del Poder Popular de Hidrocarburos\"},\"image\":{\"@id\":\"http:\/\/minhidrocarburos.gob.ve\/#\/schema\/logo\/image\/\"}}]}<\/script>\n<!-- \/ Yoast SEO plugin. -->","yoast_head_json":{"title":"Petroqu\u00edmica - MinHidrocarburos","robots":{"index":"index","follow":"follow","max-snippet":"max-snippet:-1","max-image-preview":"max-image-preview:large","max-video-preview":"max-video-preview:-1"},"canonical":"http:\/\/minhidrocarburos.gob.ve\/index.php\/somos-petroquimica\/","og_locale":"es_ES","og_type":"article","og_title":"Petroqu\u00edmica - MinHidrocarburos","og_description":"Venezuela cuenta con la potencialidad de desarrollar la petroqu\u00edmica, por lo que este sector se convierte en motor fundamental de la Agenda Econ\u00f3mica Bolivariana, impulsada por el presidente Nicol\u00e1s Maduro, en el marco del fortalecimiento del modelo productivo socialista, post petrolero. El impulso de nuevos desarrollos petroqu\u00edmicos se enmarca en el Motor Petroqu\u00edmico, proceso desarrollado&hellip;&nbsp;Leer m\u00e1s &raquo;Petroqu\u00edmica","og_url":"http:\/\/minhidrocarburos.gob.ve\/index.php\/somos-petroquimica\/","og_site_name":"MinHidrocarburos","article_modified_time":"2025-06-03T15:15:30+00:00","og_image":[{"width":2000,"height":1320,"url":"http:\/\/minhidrocarburos.gob.ve\/wp-content\/uploads\/2023\/07\/Petroquimica.jpg","type":"image\/jpeg"}],"twitter_card":"summary_large_image","twitter_misc":{"Tiempo de lectura":"2 minutos"},"schema":{"@context":"https:\/\/schema.org","@graph":[{"@type":"WebPage","@id":"http:\/\/minhidrocarburos.gob.ve\/index.php\/somos-petroquimica\/","url":"http:\/\/minhidrocarburos.gob.ve\/index.php\/somos-petroquimica\/","name":"Petroqu\u00edmica - MinHidrocarburos","isPartOf":{"@id":"http:\/\/minhidrocarburos.gob.ve\/#website"},"primaryImageOfPage":{"@id":"http:\/\/minhidrocarburos.gob.ve\/index.php\/somos-petroquimica\/#primaryimage"},"image":{"@id":"http:\/\/minhidrocarburos.gob.ve\/index.php\/somos-petroquimica\/#primaryimage"},"thumbnailUrl":"http:\/\/www.minhidrocarburos.gob.ve\/wp-content\/uploads\/2023\/07\/Petroquimica.jpg","datePublished":"2023-07-18T15:33:16+00:00","dateModified":"2025-06-03T15:15:30+00:00","inLanguage":"es","potentialAction":[{"@type":"ReadAction","target":["http:\/\/minhidrocarburos.gob.ve\/index.php\/somos-petroquimica\/"]}]},{"@type":"ImageObject","inLanguage":"es","@id":"http:\/\/minhidrocarburos.gob.ve\/index.php\/somos-petroquimica\/#primaryimage","url":"http:\/\/www.minhidrocarburos.gob.ve\/wp-content\/uploads\/2023\/07\/Petroquimica.jpg","contentUrl":"http:\/\/www.minhidrocarburos.gob.ve\/wp-content\/uploads\/2023\/07\/Petroquimica.jpg","width":2000,"height":1320,"caption":"PETROQU\u00cdMICA"},{"@type":"WebSite","@id":"http:\/\/minhidrocarburos.gob.ve\/#website","url":"http:\/\/minhidrocarburos.gob.ve\/","name":"Minhidrocarburos","description":"Regulaci\u00f3n, formulaci\u00f3n y seguimiento de pol\u00edticas; la planificaci\u00f3n, realizaci\u00f3n y fiscalizaci\u00f3n en materia de hidrocarburos","publisher":{"@id":"http:\/\/minhidrocarburos.gob.ve\/#organization"},"potentialAction":[{"@type":"SearchAction","target":{"@type":"EntryPoint","urlTemplate":"http:\/\/minhidrocarburos.gob.ve\/?s={search_term_string}"},"query-input":{"@type":"PropertyValueSpecification","valueRequired":true,"valueName":"search_term_string"}}],"inLanguage":"es"},{"@type":"Organization","@id":"http:\/\/minhidrocarburos.gob.ve\/#organization","name":"Ministerio del Poder Popular de Hidrocarburos","url":"http:\/\/minhidrocarburos.gob.ve\/","logo":{"@type":"ImageObject","inLanguage":"es","@id":"http:\/\/minhidrocarburos.gob.ve\/#\/schema\/logo\/image\/","url":"http:\/\/www.minhidrocarburos.gob.ve\/wp-content\/uploads\/2024\/12\/Ministerio_de_Hidrocarburos.png","contentUrl":"http:\/\/www.minhidrocarburos.gob.ve\/wp-content\/uploads\/2024\/12\/Ministerio_de_Hidrocarburos.png","width":2320,"height":324,"caption":"Ministerio del Poder Popular de Hidrocarburos"},"image":{"@id":"http:\/\/minhidrocarburos.gob.ve\/#\/schema\/logo\/image\/"}}]}},"_links":{"self":[{"href":"http:\/\/www.minhidrocarburos.gob.ve\/index.php\/wp-json\/wp\/v2\/pages\/1287","targetHints":{"allow":["GET"]}}],"collection":[{"href":"http:\/\/www.minhidrocarburos.gob.ve\/index.php\/wp-json\/wp\/v2\/pages"}],"about":[{"href":"http:\/\/www.minhidrocarburos.gob.ve\/index.php\/wp-json\/wp\/v2\/types\/page"}],"author":[{"embeddable":true,"href":"http:\/\/www.minhidrocarburos.gob.ve\/index.php\/wp-json\/wp\/v2\/users\/1"}],"replies":[{"embeddable":true,"href":"http:\/\/www.minhidrocarburos.gob.ve\/index.php\/wp-json\/wp\/v2\/comments?post=1287"}],"version-history":[{"count":11,"href":"http:\/\/www.minhidrocarburos.gob.ve\/index.php\/wp-json\/wp\/v2\/pages\/1287\/revisions"}],"predecessor-version":[{"id":4175,"href":"http:\/\/www.minhidrocarburos.gob.ve\/index.php\/wp-json\/wp\/v2\/pages\/1287\/revisions\/4175"}],"wp:featuredmedia":[{"embeddable":true,"href":"http:\/\/www.minhidrocarburos.gob.ve\/index.php\/wp-json\/wp\/v2\/media\/916"}],"wp:attachment":[{"href":"http:\/\/www.minhidrocarburos.gob.ve\/index.php\/wp-json\/wp\/v2\/media?parent=1287"}],"curies":[{"name":"wp","href":"https:\/\/api.w.org\/{rel}","templated":true}]}}