

{"id":1876,"date":"2023-08-02T19:10:26","date_gmt":"2023-08-02T19:10:26","guid":{"rendered":"http:\/\/192.168.25.123\/minpet\/?page_id=1876"},"modified":"2025-11-24T11:23:30","modified_gmt":"2025-11-24T15:23:30","slug":"peticiones-de-ayudas-y-reclamos","status":"publish","type":"page","link":"http:\/\/www.minhidrocarburos.gob.ve\/index.php\/peticiones-de-ayudas-y-reclamos\/","title":{"rendered":"Peticiones de Ayudas y Reclamos"},"content":{"rendered":"\n<p>Oficina de Atenci\u00f3n Ciudadana<\/p>\n\n\n<div class=\"wptb-container-legacy\" data-table-id=\"1304\">\n    <table class=\"wptb-preview-table wptb-element-main-table_setting-1304\" style=\"border-spacing: 3px 3px; border-collapse: collapse !important; min-width: 100%; border: 1px solid #d1d1d1; \" data-border-spacing-columns=\"3\" data-border-spacing-rows=\"3\" data-reconstraction=\"1\" data-wptb-table-directives=\"eyJpbm5lckJvcmRlcnMiOnsiYWN0aXZlIjoiYWxsIiwiYm9yZGVyV2lkdGgiOjEsImJvcmRlclJhZGl1c2VzIjp7ImFsbCI6MCwicm93IjowLCJjb2x1bW4iOjB9fX0=\" data-wptb-responsive-directives=\"eyJyZXNwb25zaXZlRW5hYmxlZCI6ZmFsc2UsInJlc3BvbnNpdmVNb2RlIjoiYXV0byIsInJlbGF0aXZlV2lkdGgiOiJ3aW5kb3ciLCJwcmVzZXJ2ZVJvd0NvbG9yIjpmYWxzZSwiaGVhZGVyRnVsbHlNZXJnZWQiOmZhbHNlLCJicmVha3BvaW50cyI6eyJkZXNrdG9wIjp7Im5hbWUiOiJkZXNrdG9wIiwid2lkdGgiOjEwMjR9LCJ0YWJsZXQiOnsibmFtZSI6InRhYmxldCIsIndpZHRoIjo3MDB9LCJtb2JpbGUiOnsibmFtZSI6Im1vYmlsZSIsIndpZHRoIjozNzV9fSwibW9kZU9wdGlvbnMiOnsiYXV0byI6eyJkaXNhYmxlZCI6eyJkZXNrdG9wIjpmYWxzZSwidGFibGV0IjpmYWxzZSwibW9iaWxlIjpmYWxzZX0sInRvcFJvd0FzSGVhZGVyIjp7ImRlc2t0b3AiOmZhbHNlLCJ0YWJsZXQiOnRydWUsIm1vYmlsZSI6dHJ1ZX0sInJlcGVhdE1lcmdlZEhlYWRlciI6eyJkZXNrdG9wIjp0cnVlLCJ0YWJsZXQiOnRydWUsIm1vYmlsZSI6dHJ1ZX0sInN0YXRpY1RvcFJvdyI6eyJkZXNrdG9wIjpmYWxzZSwidGFibGV0IjpmYWxzZSwibW9iaWxlIjpmYWxzZX0sImNlbGxTdGFja0RpcmVjdGlvbiI6eyJkZXNrdG9wIjoicm93IiwidGFibGV0Ijoicm93IiwibW9iaWxlIjoicm93In0sImNlbGxzUGVyUm93Ijp7ImRlc2t0b3AiOjEsInRhYmxldCI6MiwibW9iaWxlIjoyfX19fQ==\" data-wptb-cells-width-auto-count=\"1\" data-wptb-horizontal-scroll-status=\"1\" data-wptb-extra-styles=\"LyogRW50ZXIgeW91ciBjdXN0b20gQ1NTIHJ1bGVzIGhlcmUgKi8=\" data-wptb-pro-pagination-top-row-header=\"false\" data-wptb-rows-per-page=\"10\" data-wptb-pro-search-top-row-header=\"false\" data-wptb-searchbar-position=\"left\" role=\"table\" data-table-columns=\"1\" data-wptb-table-alignment=\"center\" data-wptb-td-width-auto=\"120\" data-wptb-table-tds-sum-max-width=\"144\" ><tbody data-global-font-size=\"15\" ><tr  class=\"wptb-row \" style=\"\"><td class=\"wptb-cell \" colspan=\"1\" rowspan=\"1\" style=\"padding: 10px; border-width: 1px; border-color: #d1d1d1; border-style: solid; border-radius: 0px; \" data-y-index=\"0\" data-x-index=\"0\" data-wptb-css-td-auto-width=\"true\" data-wptb-css-td-auto-height=\"true\" data-wptb-cell-vertical-alignment=\"center\" ><div class=\"wptb-text-container wptb-ph-element wptb-element-text-597\" style=\"color: #000000; font-size: 15px; \"><div style=\"position: relative;\"><p>Petici\u00f3n de\u00a0Ayuda Social<\/p><\/div><\/div><\/td><\/tr><tr  class=\"wptb-row \" style=\"\"><td class=\"wptb-cell \" colspan=\"1\" rowspan=\"1\" style=\"padding: 10px; border-width: 1px; border-color: #d1d1d1; border-style: solid; border-radius: 0px; \" data-y-index=\"1\" data-x-index=\"0\" data-wptb-css-td-auto-width=\"true\" data-wptb-css-td-auto-height=\"true\" data-wptb-cell-vertical-alignment=\"center\" ><div class=\"wptb-text-container wptb-ph-element wptb-element-text-598\" style=\"color: #000000; font-size: 15px; \"><div style=\"position: relative;\"><p>Reclamos, Quejas\u00a0y Denuncias<\/p><\/div><\/div><\/td><\/tr><\/tbody><\/table>\n<\/div>\n\n\n\n<style>.kb-row-layout-id1876_eb3969-7e > .kt-row-column-wrap{align-content:start;}:where(.kb-row-layout-id1876_eb3969-7e > .kt-row-column-wrap) > .wp-block-kadence-column{justify-content:start;}.kb-row-layout-id1876_eb3969-7e > .kt-row-column-wrap{column-gap:var(--global-kb-gap-md, 2rem);row-gap:var(--global-kb-gap-md, 2rem);padding-top:var(--global-kb-spacing-sm, 1.5rem);padding-bottom:var(--global-kb-spacing-sm, 1.5rem);grid-template-columns:minmax(0, 1fr);}.kb-row-layout-id1876_eb3969-7e > .kt-row-layout-overlay{opacity:0.30;}@media all and (max-width: 1024px){.kb-row-layout-id1876_eb3969-7e > .kt-row-column-wrap{grid-template-columns:minmax(0, 1fr);}}@media all and (max-width: 767px){.kb-row-layout-id1876_eb3969-7e > .kt-row-column-wrap{grid-template-columns:minmax(0, 1fr);}}<\/style><div class=\"kb-row-layout-wrap kb-row-layout-id1876_eb3969-7e alignnone wp-block-kadence-rowlayout\"><div class=\"kt-row-column-wrap kt-has-1-columns kt-row-layout-equal kt-tab-layout-inherit kt-mobile-layout-row kt-row-valign-top\">\n<style>.kadence-column1876_7b41c9-57 > .kt-inside-inner-col,.kadence-column1876_7b41c9-57 > .kt-inside-inner-col:before{border-top-left-radius:0px;border-top-right-radius:0px;border-bottom-right-radius:0px;border-bottom-left-radius:0px;}.kadence-column1876_7b41c9-57 > .kt-inside-inner-col{column-gap:var(--global-kb-gap-sm, 1rem);}.kadence-column1876_7b41c9-57 > .kt-inside-inner-col{flex-direction:column;}.kadence-column1876_7b41c9-57 > .kt-inside-inner-col > .aligncenter{width:100%;}.kadence-column1876_7b41c9-57 > .kt-inside-inner-col:before{opacity:0.3;}.kadence-column1876_7b41c9-57{position:relative;}@media all and (max-width: 1024px){.kadence-column1876_7b41c9-57 > .kt-inside-inner-col{flex-direction:column;justify-content:center;}}@media all and (max-width: 767px){.kadence-column1876_7b41c9-57 > .kt-inside-inner-col{flex-direction:column;justify-content:center;}}<\/style>\n<div class=\"wp-block-kadence-column kadence-column1876_7b41c9-57\"><div class=\"kt-inside-inner-col\">\n<p>Ministerio del Poder Popular de Hidrocarburos. Avenida. Libertador con calle El Empalme, Complejo MinHidrocarburos \u2013 PDVSA, La Campi\u00f1a, Caracas \u2013 Venezuela.<\/p>\n\n\n\n<p>correo: <strong>oac@minpet.gob.ve<\/strong><\/p>\n<\/div><\/div>\n\n<\/div><\/div>\n\n\n<p><\/p>\n","protected":false},"excerpt":{"rendered":"<p>Oficina de Atenci\u00f3n Ciudadana Ministerio del Poder Popular de Hidrocarburos. Avenida. Libertador con calle El Empalme, Complejo MinHidrocarburos \u2013 PDVSA, La Campi\u00f1a, Caracas \u2013 Venezuela. correo: oac@minpet.gob.ve<\/p>\n","protected":false},"author":1,"featured_media":0,"parent":0,"menu_order":0,"comment_status":"closed","ping_status":"closed","template":"","meta":{"_editorskit_title_hidden":false,"_editorskit_reading_time":0,"_editorskit_is_block_options_detached":false,"_editorskit_block_options_position":"{}","neve_meta_sidebar":"","neve_meta_container":"","neve_meta_enable_content_width":"","neve_meta_content_width":0,"neve_meta_title_alignment":"","neve_meta_author_avatar":"","neve_post_elements_order":"","neve_meta_disable_header":"","neve_meta_disable_footer":"","neve_meta_disable_title":"","footnotes":""},"class_list":["post-1876","page","type-page","status-publish","hentry"],"yoast_head":"<!-- This site is optimized with the Yoast SEO plugin v27.2 - https:\/\/yoast.com\/product\/yoast-seo-wordpress\/ -->\n<title>Peticiones de Ayudas y Reclamos - MinHidrocarburos<\/title>\n<meta name=\"robots\" content=\"index, follow, max-snippet:-1, max-image-preview:large, max-video-preview:-1\" \/>\n<link rel=\"canonical\" href=\"http:\/\/www.minhidrocarburos.gob.ve\/index.php\/peticiones-de-ayudas-y-reclamos\/\" \/>\n<meta property=\"og:locale\" content=\"es_ES\" \/>\n<meta property=\"og:type\" content=\"article\" \/>\n<meta property=\"og:title\" content=\"Peticiones de Ayudas y Reclamos - MinHidrocarburos\" \/>\n<meta property=\"og:description\" content=\"Oficina de Atenci\u00f3n Ciudadana Ministerio del Poder Popular de Hidrocarburos. Avenida. Libertador con calle El Empalme, Complejo MinHidrocarburos \u2013 PDVSA, La Campi\u00f1a, Caracas \u2013 Venezuela. correo: oac@minpet.gob.ve\" \/>\n<meta property=\"og:url\" content=\"http:\/\/www.minhidrocarburos.gob.ve\/index.php\/peticiones-de-ayudas-y-reclamos\/\" \/>\n<meta property=\"og:site_name\" content=\"MinHidrocarburos\" \/>\n<meta property=\"article:modified_time\" content=\"2025-11-24T15:23:30+00:00\" \/>\n<meta name=\"twitter:card\" content=\"summary_large_image\" \/>\n<meta name=\"twitter:label1\" content=\"Tiempo de lectura\" \/>\n\t<meta name=\"twitter:data1\" content=\"1 minuto\" \/>\n<script type=\"application\/ld+json\" class=\"yoast-schema-graph\">{\"@context\":\"https:\/\/schema.org\",\"@graph\":[{\"@type\":\"WebPage\",\"@id\":\"http:\/\/www.minhidrocarburos.gob.ve\/index.php\/peticiones-de-ayudas-y-reclamos\/\",\"url\":\"http:\/\/www.minhidrocarburos.gob.ve\/index.php\/peticiones-de-ayudas-y-reclamos\/\",\"name\":\"Peticiones de Ayudas y Reclamos - MinHidrocarburos\",\"isPartOf\":{\"@id\":\"http:\/\/www.minhidrocarburos.gob.ve\/#website\"},\"datePublished\":\"2023-08-02T19:10:26+00:00\",\"dateModified\":\"2025-11-24T15:23:30+00:00\",\"inLanguage\":\"es\",\"potentialAction\":[{\"@type\":\"ReadAction\",\"target\":[\"http:\/\/www.minhidrocarburos.gob.ve\/index.php\/peticiones-de-ayudas-y-reclamos\/\"]}]},{\"@type\":\"WebSite\",\"@id\":\"http:\/\/www.minhidrocarburos.gob.ve\/#website\",\"url\":\"http:\/\/www.minhidrocarburos.gob.ve\/\",\"name\":\"Minhidrocarburos\",\"description\":\"Regulaci\u00f3n, formulaci\u00f3n y seguimiento de pol\u00edticas; la planificaci\u00f3n, realizaci\u00f3n y fiscalizaci\u00f3n en materia de hidrocarburos\",\"publisher\":{\"@id\":\"http:\/\/www.minhidrocarburos.gob.ve\/#organization\"},\"potentialAction\":[{\"@type\":\"SearchAction\",\"target\":{\"@type\":\"EntryPoint\",\"urlTemplate\":\"http:\/\/www.minhidrocarburos.gob.ve\/?s={search_term_string}\"},\"query-input\":{\"@type\":\"PropertyValueSpecification\",\"valueRequired\":true,\"valueName\":\"search_term_string\"}}],\"inLanguage\":\"es\"},{\"@type\":\"Organization\",\"@id\":\"http:\/\/www.minhidrocarburos.gob.ve\/#organization\",\"name\":\"Ministerio del Poder Popular de Hidrocarburos\",\"url\":\"http:\/\/www.minhidrocarburos.gob.ve\/\",\"logo\":{\"@type\":\"ImageObject\",\"inLanguage\":\"es\",\"@id\":\"http:\/\/www.minhidrocarburos.gob.ve\/#\/schema\/logo\/image\/\",\"url\":\"http:\/\/www.minhidrocarburos.gob.ve\/wp-content\/uploads\/2024\/12\/Ministerio_de_Hidrocarburos.png\",\"contentUrl\":\"http:\/\/www.minhidrocarburos.gob.ve\/wp-content\/uploads\/2024\/12\/Ministerio_de_Hidrocarburos.png\",\"width\":2320,\"height\":324,\"caption\":\"Ministerio del Poder Popular de Hidrocarburos\"},\"image\":{\"@id\":\"http:\/\/www.minhidrocarburos.gob.ve\/#\/schema\/logo\/image\/\"}}]}<\/script>\n<!-- \/ Yoast SEO plugin. -->","yoast_head_json":{"title":"Peticiones de Ayudas y Reclamos - MinHidrocarburos","robots":{"index":"index","follow":"follow","max-snippet":"max-snippet:-1","max-image-preview":"max-image-preview:large","max-video-preview":"max-video-preview:-1"},"canonical":"http:\/\/www.minhidrocarburos.gob.ve\/index.php\/peticiones-de-ayudas-y-reclamos\/","og_locale":"es_ES","og_type":"article","og_title":"Peticiones de Ayudas y Reclamos - MinHidrocarburos","og_description":"Oficina de Atenci\u00f3n Ciudadana Ministerio del Poder Popular de Hidrocarburos. Avenida. Libertador con calle El Empalme, Complejo MinHidrocarburos \u2013 PDVSA, La Campi\u00f1a, Caracas \u2013 Venezuela. correo: oac@minpet.gob.ve","og_url":"http:\/\/www.minhidrocarburos.gob.ve\/index.php\/peticiones-de-ayudas-y-reclamos\/","og_site_name":"MinHidrocarburos","article_modified_time":"2025-11-24T15:23:30+00:00","twitter_card":"summary_large_image","twitter_misc":{"Tiempo de lectura":"1 minuto"},"schema":{"@context":"https:\/\/schema.org","@graph":[{"@type":"WebPage","@id":"http:\/\/www.minhidrocarburos.gob.ve\/index.php\/peticiones-de-ayudas-y-reclamos\/","url":"http:\/\/www.minhidrocarburos.gob.ve\/index.php\/peticiones-de-ayudas-y-reclamos\/","name":"Peticiones de Ayudas y Reclamos - MinHidrocarburos","isPartOf":{"@id":"http:\/\/www.minhidrocarburos.gob.ve\/#website"},"datePublished":"2023-08-02T19:10:26+00:00","dateModified":"2025-11-24T15:23:30+00:00","inLanguage":"es","potentialAction":[{"@type":"ReadAction","target":["http:\/\/www.minhidrocarburos.gob.ve\/index.php\/peticiones-de-ayudas-y-reclamos\/"]}]},{"@type":"WebSite","@id":"http:\/\/www.minhidrocarburos.gob.ve\/#website","url":"http:\/\/www.minhidrocarburos.gob.ve\/","name":"Minhidrocarburos","description":"Regulaci\u00f3n, formulaci\u00f3n y seguimiento de pol\u00edticas; la planificaci\u00f3n, realizaci\u00f3n y fiscalizaci\u00f3n en materia de hidrocarburos","publisher":{"@id":"http:\/\/www.minhidrocarburos.gob.ve\/#organization"},"potentialAction":[{"@type":"SearchAction","target":{"@type":"EntryPoint","urlTemplate":"http:\/\/www.minhidrocarburos.gob.ve\/?s={search_term_string}"},"query-input":{"@type":"PropertyValueSpecification","valueRequired":true,"valueName":"search_term_string"}}],"inLanguage":"es"},{"@type":"Organization","@id":"http:\/\/www.minhidrocarburos.gob.ve\/#organization","name":"Ministerio del Poder Popular de Hidrocarburos","url":"http:\/\/www.minhidrocarburos.gob.ve\/","logo":{"@type":"ImageObject","inLanguage":"es","@id":"http:\/\/www.minhidrocarburos.gob.ve\/#\/schema\/logo\/image\/","url":"http:\/\/www.minhidrocarburos.gob.ve\/wp-content\/uploads\/2024\/12\/Ministerio_de_Hidrocarburos.png","contentUrl":"http:\/\/www.minhidrocarburos.gob.ve\/wp-content\/uploads\/2024\/12\/Ministerio_de_Hidrocarburos.png","width":2320,"height":324,"caption":"Ministerio del Poder Popular de Hidrocarburos"},"image":{"@id":"http:\/\/www.minhidrocarburos.gob.ve\/#\/schema\/logo\/image\/"}}]}},"_links":{"self":[{"href":"http:\/\/www.minhidrocarburos.gob.ve\/index.php\/wp-json\/wp\/v2\/pages\/1876","targetHints":{"allow":["GET"]}}],"collection":[{"href":"http:\/\/www.minhidrocarburos.gob.ve\/index.php\/wp-json\/wp\/v2\/pages"}],"about":[{"href":"http:\/\/www.minhidrocarburos.gob.ve\/index.php\/wp-json\/wp\/v2\/types\/page"}],"author":[{"embeddable":true,"href":"http:\/\/www.minhidrocarburos.gob.ve\/index.php\/wp-json\/wp\/v2\/users\/1"}],"replies":[{"embeddable":true,"href":"http:\/\/www.minhidrocarburos.gob.ve\/index.php\/wp-json\/wp\/v2\/comments?post=1876"}],"version-history":[{"count":8,"href":"http:\/\/www.minhidrocarburos.gob.ve\/index.php\/wp-json\/wp\/v2\/pages\/1876\/revisions"}],"predecessor-version":[{"id":4766,"href":"http:\/\/www.minhidrocarburos.gob.ve\/index.php\/wp-json\/wp\/v2\/pages\/1876\/revisions\/4766"}],"wp:attachment":[{"href":"http:\/\/www.minhidrocarburos.gob.ve\/index.php\/wp-json\/wp\/v2\/media?parent=1876"}],"curies":[{"name":"wp","href":"https:\/\/api.w.org\/{rel}","templated":true}]}}